{"id":120,"date":"2025-02-04T17:24:32","date_gmt":"2025-02-04T14:24:32","guid":{"rendered":"https:\/\/whieda.wtwd.ru\/product\/4-in-1-schlafsystem\/"},"modified":"2026-04-16T17:31:38","modified_gmt":"2026-04-16T14:31:38","slug":"4-in-1-schlafsystem","status":"publish","type":"product","link":"https:\/\/mywhieda.com\/de\/product\/4-in-1-schlafsystem\/","title":{"rendered":"4-in-1-Schlafsystem"},"content":{"rendered":"<h3 id=\"\">\u200d<strong id=\"\">Geht es hier um dich?<\/strong><\/h3>\n<p id=\"\">\u200d<\/p>\n<p id=\"\">\u00a0\u2022 Gro\u00dfer Stress, M\u00fcdigkeit und Schwierigkeiten beim Einschlafen<\/p>\n<p id=\"\">\u00a0\u2022 Schlechte Schlafqualit\u00e4t, Schlaflosigkeit, private Tr\u00e4ume und fr\u00fches Erwachen<\/p>\n<p id=\"\">\u00a0\u2022 Falsch ausgew\u00e4hlte Kissen, h\u00e4ufiges Auftreten von Schulter- und Nackenschmerzen oder eingeklemmten Nerven<\/p>\n<p id=\"\">\u200d<\/p>\n<p id=\"\">Innovationen f\u00fcr gesunden Schlaf<\/p>\n<p id=\"\">Genie\u00dfen Sie maximalen Schlafkomfort, indem Sie sich f\u00fcr ein Schlaf- und Gesundheitssystem entscheiden.<\/p>\n<p id=\"\">Angenehmer Schlaf stellt unsere Kraft nach der tags\u00fcber angesammelten M\u00fcdigkeit wieder her und gibt uns Kraft f\u00fcr neue Erfolge. Wir hoffen, dass Sie nach einem anstrengenden Tag gut schlafen und wieder zu Kr\u00e4ften kommen k\u00f6nnen. Das 4-in-1-Schlafsystem sorgt f\u00fcr einen gesunden, gesunden Schlaf und l\u00e4sst jede Nacht zum Vergn\u00fcgen werden!<\/p>\n<p id=\"\">\u200d<\/p>\n<h3 id=\"\"><strong id=\"\">Guter Schlaf ist eine Quelle der Gesundheit<\/strong><\/h3>\n<p id=\"\">\u200d<\/p>\n<p id=\"\">Das 4-in-1-Schlafsystem besteht aus 100 % Baumwolle mit gepr\u00e4gtem Stoff, angereichert mit negativen Ionen und Ferninfrarot-Funktion. Es ist in der Lage, kontinuierlich Ferninfrarotstrahlung und negative Ionen freizusetzen, was die Mikrozirkulation des K\u00f6rpers beschleunigt und den Stoffwechsel anregt. Es ist angenehm auf der Haut, vermittelt ein Gef\u00fchl von Weichheit und Komfort und ist hoch atmungsaktiv, sodass Ihre Haut gepflegt wird und Sie eine angenehme Nachtruhe und Erholung genie\u00dfen k\u00f6nnen. Eleganter Stoff mit Pr\u00e4gung in einem sanften Gelbton ist ein w\u00fcrdiger Luxus und Eleganz, die Ihnen einen guten Schlaf bescheren wird.<\/p>\n<p id=\"\">\u200d<\/p>\n<h3 id=\"\"><strong id=\"\">Stilvolles Kofferdesign, leicht zu tragen.<\/strong><\/h3>\n<p id=\"\">\u200d<\/p>\n<p id=\"\">Der Koffer hat einen starken Griff. Hergestellt im Retro-Stil, ausgestattet mit einem TSA-Zahlenschloss, das die Stabilit\u00e4t des Koffers erh\u00f6ht. Doppelte Gummir\u00e4der mit Sto\u00dfd\u00e4mpfung und Ger\u00e4uschreduzierung sorgen f\u00fcr eine sanftere Anwendung.<\/p>\n<p id=\"\">Markenpersonalisierung, exklusiver Ansatz. Auf den Koffern sind das Firmenlogo und der Name des K\u00e4ufers angebracht, was das Image aufwertet, ein Gef\u00fchl der Eigenverantwortung vermittelt und den Kunden Vertrauen und Respekt vermittelt.<\/p>\n<p id=\"\">\u200d<\/p>\n<h3 id=\"\"><strong id=\"\">Verwandtes Design, bequem zu tragen.<\/strong><\/h3>\n<p id=\"\">\u200d<\/p>\n<p id=\"\">4-in-1-Schlafsystem und pers\u00f6nlicher Koffer passen perfekt zusammen.<\/p>\n<p id=\"\">* F\u00fcr Menschen, die h\u00e4ufig reisen, Gesch\u00e4ftsreisen unternehmen oder umziehen, ist der Transport bequem und der Verkauf aus einer Hand attraktiver.<\/p>\n<p id=\"\">* Nimmt bei der Verwendung zu Hause wenig Platz ein und ist leicht zu verstauen; kann einen besseren Hygieneschutz bieten.<\/p>\n<p id=\"\">\u200d<\/p>\n<p id=\"\">\u200d<\/p>\n","protected":false},"featured_media":254,"template":"","categories":[6,31],"class_list":["post-120","product","type-product","status-publish","has-post-thumbnail","hentry","categories-vse-tovary","categories-aksessuary"],"acf":[],"_links":{"self":[{"href":"https:\/\/mywhieda.com\/de\/wp-json\/wp\/v2\/product\/120","targetHints":{"allow":["GET"]}}],"collection":[{"href":"https:\/\/mywhieda.com\/de\/wp-json\/wp\/v2\/product"}],"about":[{"href":"https:\/\/mywhieda.com\/de\/wp-json\/wp\/v2\/types\/product"}],"wp:featuredmedia":[{"embeddable":true,"href":"https:\/\/mywhieda.com\/de\/wp-json\/wp\/v2\/media\/254"}],"wp:attachment":[{"href":"https:\/\/mywhieda.com\/de\/wp-json\/wp\/v2\/media?parent=120"}],"wp:term":[{"taxonomy":"categories","embeddable":true,"href":"https:\/\/mywhieda.com\/de\/wp-json\/wp\/v2\/categories?post=120"}],"curies":[{"name":"wp","href":"https:\/\/api.w.org\/{rel}","templated":true}]}}