{"id":122,"date":"2025-02-04T17:24:32","date_gmt":"2025-02-04T14:24:32","guid":{"rendered":"https:\/\/whieda.wtwd.ru\/product\/anion-anionenpads\/"},"modified":"2026-04-16T19:00:20","modified_gmt":"2026-04-16T16:00:20","slug":"anion-anionenpads","status":"publish","type":"product","link":"https:\/\/mywhieda.com\/de\/product\/anion-anionenpads\/","title":{"rendered":"Anion+ Anionenpads"},"content":{"rendered":"<p id=\"\">Jede Frau nutzt jeden Monat Hygieneprodukte wie Damenbinden. Es ist wichtig, Damenbinden zu w\u00e4hlen, die nicht nur sicher f\u00fcr Ihre Gesundheit sind, sondern diese auch verbessern. Wir bieten Ihnen einzigartige Anionen-Pads, mit denen sich jede Frau w\u00e4hrend ihrer Menstruation sicher f\u00fchlen wird.<\/p>\n<p id=\"\">\u200d<\/p>\n<p id=\"\">Anion+ Anionenpads sind als Tag-, Nacht- und Tagespads erh\u00e4ltlich. Es gibt separate F\u00e4lle mit nur Tages- oder Tageseinlagen.<\/p>\n<p id=\"\">\u200d<\/p>\n<p id=\"\"><strong id=\"\">Karton mit 19 Packungen:<\/strong><\/p>\n<p id=\"\">\u00a0\u2022 t\u00e4glich 10 Packungen \u00e0 10 St\u00fcck.<\/p>\n<p id=\"\">\u00a0\u2022 Nacht 4 Packungen \u00e0 8 St\u00fcck.<\/p>\n<p id=\"\">\u00a0\u2022 t\u00e4glich 5 Packungen \u00e0 30 St\u00fcck.<\/p>\n<p id=\"\">\u200d<\/p>\n<p id=\"\">Der Koffer ist f\u00fcr eine durchschnittliche Lebensdauer von 10\u201312 Monaten ausgelegt \u2013 ein Set aus 3 Arten umweltfreundlicher, atmungsaktiver Baumwoll-Pads, in sicherer Verpackung und einem einzigartigen Anionen-Chip, hergestellt mit japanischer Technologie.<\/p>\n<p id=\"\">\u200d<\/p>\n<h3 id=\"\"><strong id=\"\">Warum WHIEDA-Anionendichtungen?<\/strong><\/h3>\n<p id=\"\">\u200d<\/p>\n<p id=\"\">Anion+ Anionen-Pads bringen nicht nur Komfort f\u00fcr Frauen, sondern beugen auch der Entstehung verschiedener gyn\u00e4kologischer Erkrankungen vor!<\/p>\n<p id=\"\">Die Anionen-Abstandshalter verwenden einen speziellen Anionen-Magnetprozessor, dessen Technologie bis zu drei Patente erhalten hat. Es enth\u00e4lt Bambusfasern.<\/p>\n<p id=\"\">Die Menstruationsfl\u00fcssigkeit von Frauen enth\u00e4lt eine gro\u00dfe Anzahl anaerober Bakterien. Anionen absorbieren aufgrund der Bildung von freiem Sauerstoff anaerobe Bakterien und beseitigen so die Bedingungen f\u00fcr ihr Leben und ihre Fortpflanzung.<\/p>\n<p id=\"\">Der magnetische Anionenprozessor tr\u00e4gt zur Wiederherstellung des biomagnetischen Gleichgewichts im K\u00f6rper bei, verbessert die Durchblutung, lindert Entz\u00fcndungen und Schmerzen, verbessert die Immunit\u00e4t und wirkt sich auch positiv auf Nervenzellen aus, wodurch der emotionale Zustand einer Frau an ihren kritischen Tagen verbessert wird.<\/p>\n<p id=\"\">Bambusfasern haben Eigenschaften wie die Linderung von Entz\u00fcndungen, die Entfernung \u00fcbersch\u00fcssiger Feuchtigkeit und die Beseitigung unangenehmer Ger\u00fcche.<\/p>\n<p id=\"\">\u200d<\/p>\n<p id=\"\">Anionendichtungen halten im Gegensatz zu anderen Dichtungen nicht nur Wasser zur\u00fcck, sondern lassen auch Luft durch und verhindern so die Ausbreitung pathogener Bakterien.<\/p>\n<p id=\"\">Der in der Beschichtung des Anionen-Abstandshalters enthaltene Stoff wurde f\u00fcr die Erfindung patentiert. Es ist umweltfreundlich und belastet die Umwelt nicht, da es sich innerhalb von 1-2 Jahren vollst\u00e4ndig zersetzt.<\/p>\n<p id=\"\">Der Menstruationsausfluss einer Frau beginnt innerhalb von 18 Minuten nach dem Ausfluss sch\u00e4dliche Bakterien zu produzieren. Nun, wir k\u00f6nnen die Pads nicht alle 18 Minuten wechseln. Und wenn die Dichtung keine Luft durchl\u00e4sst, kann es zu einer gro\u00dfen Ansammlung dieser sch\u00e4dlichen Bakterien kommen, die letztendlich zu verschiedenen Krankheiten bis hin zu Unfruchtbarkeit f\u00fchren.<\/p>\n<p id=\"\">Anionen-Pads sorgen f\u00fcr 12 Stunden ununterbrochenes Tragen, wobei es zu keiner Ausbreitung von Bakterien kommt.<\/p>\n<p id=\"\">Anion+ Anionenpads enthalten au\u00dferdem einen magnetischen Prozessor mit Silberionen, der Bambusfasern enth\u00e4lt. Die weiche Oberfl\u00e4che des Pads steht in engem Kontakt mit den weiblichen Geschlechtsorganen, bildet eine Schutzschicht, hat eine heilende Wirkung auf die Fortpflanzungsorgane und zerst\u00f6rt pathogene Bakterien.<\/p>\n<p id=\"\">\u200d<\/p>\n<p id=\"\">\u200d<\/p>\n<p id=\"\">\u200d<\/p>\n","protected":false},"featured_media":263,"template":"","categories":[6,30],"class_list":["post-122","product","type-product","status-publish","has-post-thumbnail","hentry","categories-vse-tovary","categories-gigiena"],"acf":[],"_links":{"self":[{"href":"https:\/\/mywhieda.com\/de\/wp-json\/wp\/v2\/product\/122","targetHints":{"allow":["GET"]}}],"collection":[{"href":"https:\/\/mywhieda.com\/de\/wp-json\/wp\/v2\/product"}],"about":[{"href":"https:\/\/mywhieda.com\/de\/wp-json\/wp\/v2\/types\/product"}],"wp:featuredmedia":[{"embeddable":true,"href":"https:\/\/mywhieda.com\/de\/wp-json\/wp\/v2\/media\/263"}],"wp:attachment":[{"href":"https:\/\/mywhieda.com\/de\/wp-json\/wp\/v2\/media?parent=122"}],"wp:term":[{"taxonomy":"categories","embeddable":true,"href":"https:\/\/mywhieda.com\/de\/wp-json\/wp\/v2\/categories?post=122"}],"curies":[{"name":"wp","href":"https:\/\/api.w.org\/{rel}","templated":true}]}}