{"id":1245,"date":"2025-08-27T21:57:50","date_gmt":"2025-08-27T18:57:50","guid":{"rendered":"https:\/\/mywhieda.com\/?post_type=product&#038;p=1245"},"modified":"2025-08-29T21:09:37","modified_gmt":"2025-08-29T18:09:37","slug":"kapsuly-zhelezo-kalciy-cink-selen-2","status":"publish","type":"product","link":"https:\/\/mywhieda.com\/de\/product\/kapsuly-zhelezo-kalciy-cink-selen-2\/","title":{"rendered":"Calcium-, Eisen-, Zink- und Selen-Kapseln"},"content":{"rendered":"<p><span style=\"font-weight: 400;\">Diese Kapseln werden aus rohen Meeresalgen hergestellt, die von Natur aus reich an <\/span><b>Kalzium<\/b><span style=\"font-weight: 400;\"> sind, und zus\u00e4tzlich mit <\/span><b>Porphyrin-Eisen<\/b><span style=\"font-weight: 400;\">, <\/span><b>Zinkgluconat<\/b><span style=\"font-weight: 400;\">, <\/span><b>selenangereicherter Hefe<\/b><span style=\"font-weight: 400;\">, <\/span><b>Eisen-Gluconat<\/b><span style=\"font-weight: 400;\"> und weiteren wertvollen Mineralstoffen angereichert. Sie versorgen den K\u00f6rper mit vier essenziellen Mineralstoffen.<\/span><\/p>\n<p>&nbsp;<\/p>\n<p><b>Die Rolle der Mineralien im menschlichen K\u00f6rper:<\/b><b><br \/>\n<\/b> <b>Kalzium<\/b><span style=\"font-weight: 400;\"> ist ein wichtiger Bestandteil von Knochen und Z\u00e4hnen; Wachstum, Entwicklung, physiologische Funktionen und die Leistungsf\u00e4higkeit des Immunsystems sind ohne Kalzium nicht m\u00f6glich.<\/span><span style=\"font-weight: 400;\"><br \/>\n<\/span> <b>Eisen<\/b><span style=\"font-weight: 400;\"> ist ein wesentlicher Bestandteil des H\u00e4moglobins und unterst\u00fctzt die ordnungsgem\u00e4\u00dfe Funktion des h\u00e4matopoetischen Systems. Porphyrin-Eisen erh\u00f6ht die Sauerstofftransportkapazit\u00e4t des H\u00e4moglobins um 25 %.<\/span><span style=\"font-weight: 400;\"><br \/>\n<\/span> <b>Zink<\/b><span style=\"font-weight: 400;\"> spielt eine Schl\u00fcsselrolle bei der Entwicklung von Gehirnzellen, unterst\u00fctzt das allgemeine Immunsystem, steigert den Appetit und verbessert die Geschmackswahrnehmung.<\/span><span style=\"font-weight: 400;\"><br \/>\n<\/span> <b>Selen<\/b><span style=\"font-weight: 400;\"> st\u00e4rkt die Immunabwehr, verlangsamt durch Oxidation bedingte Alterungsprozesse und hemmt das Tumorwachstum.<\/span><\/p>\n<p>&nbsp;<\/p>\n<p><b>Mineralstoffmangel im K\u00f6rper:<\/b><\/p>\n<p><b><br \/>\n<\/b> <b>Kalziummangel:<\/b><span style=\"font-weight: 400;\"> Gelenkschmerzen, R\u00fcckenschmerzen, Schw\u00e4che in den Beinen, Osteoporose, Zahnverlust, Schwindel, Schlaflosigkeit, Haarausfall, Wachstumsst\u00f6rungen, Taubheitsgef\u00fchle in den Gliedma\u00dfen, Rachitis u.v.m.<\/span><span style=\"font-weight: 400;\"><br \/>\n<\/span> <b>Eisenmangel:<\/b><span style=\"font-weight: 400;\"> M\u00fcdigkeit, gelbliche Hautfarbe, Bl\u00e4sse, An\u00e4mie, schlechter Appetit, kalte Extremit\u00e4ten, Wachstumsverz\u00f6gerungen, schwaches Immunsystem usw.<\/span><span style=\"font-weight: 400;\"><br \/>\n<\/span> <b>Zinkmangel:<\/b><span style=\"font-weight: 400;\"> schlechtes Ged\u00e4chtnis, Unaufmerksamkeit, Entwicklungsverz\u00f6gerungen, blasse Haut, Karies, Appetitlosigkeit, geringe Krankheitsresistenz usw.<\/span><span style=\"font-weight: 400;\"><br \/>\n<\/span> <b>Selenmangel:<\/b><span style=\"font-weight: 400;\"> geschw\u00e4chtes Immunsystem, Haarausfall, br\u00fcchige N\u00e4gel, Hautprobleme, neurologische St\u00f6rungen, Fortpflanzungsprobleme, Herz-Kreislauf-Erkrankungen, Bluthochdruck, Diabetes, Tumore usw.<\/span><\/p>\n<p>&nbsp;<\/p>\n<p><b>Der Bedarf an zus\u00e4tzlicher Mineralstoffzufuhr:<\/b><b><br \/>\n<\/b> <b>Kalzium, Eisen, Zink und Selen<\/b><span style=\"font-weight: 400;\"> sind essentielle Mineralstoffe f\u00fcr den menschlichen K\u00f6rper. Viele Gesundheitsprobleme stehen oft im Zusammenhang mit einem Ungleichgewicht dieser Mineralien. Obwohl diese Elemente unabh\u00e4ngig voneinander wirken, sind sie miteinander verkn\u00fcpft \u2013 ein Mangel an einem kann eine Kettenreaktion von Gesundheitsproblemen ausl\u00f6sen.<\/span><span style=\"font-weight: 400;\"><br \/>\n<\/span><span style=\"font-weight: 400;\"> Studien zeigen, dass viele Menschen gleichzeitig einen Mangel an Kalzium, Eisen, Zink und Selen haben. In solchen F\u00e4llen f\u00fchrt die Erg\u00e4nzung nur eines Minerals nicht zu einer signifikanten Verbesserung der Gesundheit.<\/span><\/p>\n<p>&nbsp;<\/p>\n<p><b>Anwendung der Calcium-, Eisen-, Zink- und Selen-Kapseln:<\/b><b><br \/>\n<\/b><span style=\"font-weight: 400;\"> Pharmakokinetische Studien best\u00e4tigen, dass diese vier Elemente \u2013 <\/span><b>Kalzium, Eisen, Zink und Selen<\/b><span style=\"font-weight: 400;\"> \u2013 vom menschlichen K\u00f6rper gleichzeitig aufgenommen werden k\u00f6nnen. Sie behindern sich dabei nicht, sondern f\u00f6rdern sogar die gegenseitige Aufnahme!<\/span><span style=\"font-weight: 400;\"><br \/>\n<\/span><span style=\"font-weight: 400;\"> Die Einnahme von <\/span><b>Eisen, Zink und Selen<\/b><span style=\"font-weight: 400;\"> zusammen mit <\/span><b>Kalzium<\/b><span style=\"font-weight: 400;\"> st\u00e4rkt Knochen und Immunsystem, erh\u00f6ht die Widerstandskraft des K\u00f6rpers gegen Infektionen und unterst\u00fctzt den Stoffwechsel.<\/span><span style=\"font-weight: 400;\"><br \/>\n<\/span><span style=\"font-weight: 400;\"> Die Kombination von <\/span><b>Kalzium, Zink und Selen<\/b><span style=\"font-weight: 400;\"> mit <\/span><b>Eisen<\/b><span style=\"font-weight: 400;\"> hilft bei der Behandlung von An\u00e4mie, erh\u00f6ht die Sauerstofftransportkapazit\u00e4t des H\u00e4moglobins, verbessert die kognitive Funktion, stabilisiert die Stimmung und unterst\u00fctzt die mentale, physische und berufliche Leistungsf\u00e4higkeit bei An\u00e4miepatienten.<\/span><span style=\"font-weight: 400;\"><br \/>\n<\/span><span style=\"font-weight: 400;\"> Die Einnahme von <\/span><b>Kalzium, Eisen und Selen<\/b><span style=\"font-weight: 400;\"> zusammen mit <\/span><b>Zink<\/b><span style=\"font-weight: 400;\"> verbessert den Appetit, die Kalziumaufnahme, die Durchblutung und die allgemeine Gesundheit.<\/span><span style=\"font-weight: 400;\"><br \/>\n<\/span><span style=\"font-weight: 400;\"> Die Kombination von <\/span><b>Kalzium, Eisen und Zink<\/b><span style=\"font-weight: 400;\"> mit <\/span><b>Selen<\/b><span style=\"font-weight: 400;\"> st\u00e4rkt das Immunsystem und die Knochen, verbessert die N\u00e4hrstoffaufnahme, das Ged\u00e4chtnis und den Schlaf.<\/span><\/p>\n","protected":false},"featured_media":321,"template":"","categories":[6,32],"class_list":["post-1245","product","type-product","status-publish","has-post-thumbnail","hentry","categories-vse-tovary","categories-dieticheskie-dobavki"],"acf":[],"_links":{"self":[{"href":"https:\/\/mywhieda.com\/de\/wp-json\/wp\/v2\/product\/1245","targetHints":{"allow":["GET"]}}],"collection":[{"href":"https:\/\/mywhieda.com\/de\/wp-json\/wp\/v2\/product"}],"about":[{"href":"https:\/\/mywhieda.com\/de\/wp-json\/wp\/v2\/types\/product"}],"wp:featuredmedia":[{"embeddable":true,"href":"https:\/\/mywhieda.com\/de\/wp-json\/wp\/v2\/media\/321"}],"wp:attachment":[{"href":"https:\/\/mywhieda.com\/de\/wp-json\/wp\/v2\/media?parent=1245"}],"wp:term":[{"taxonomy":"categories","embeddable":true,"href":"https:\/\/mywhieda.com\/de\/wp-json\/wp\/v2\/categories?post=1245"}],"curies":[{"name":"wp","href":"https:\/\/api.w.org\/{rel}","templated":true}]}}