{"id":128,"date":"2025-02-04T17:24:32","date_gmt":"2025-02-04T14:24:32","guid":{"rendered":"https:\/\/whieda.wtwd.ru\/product\/bioenergie-massagegerat-magic-foherb\/"},"modified":"2026-04-06T13:41:39","modified_gmt":"2026-04-06T10:41:39","slug":"bioenergie-massagegerat-magic-foherb","status":"publish","type":"product","link":"https:\/\/mywhieda.com\/de\/product\/bioenergie-massagegerat-magic-foherb\/","title":{"rendered":"Bioenergie-Massageger\u00e4t Magic Foherb"},"content":{"rendered":"<p id=\"\">Die auf jahrtausendealtem Wissen basierende chinesische Medizin erkennt an, dass alle Krankheiten mit einem Ungleichgewicht im Energiehaushalt des K\u00f6rpers beginnen. Eine Stagnation der Energie in den Meridianen, \u00e4hnlich einer Verstopfung in einem Rohr, verhindert die freie Bewegung der Lebenskr\u00e4fte und f\u00fchrt zu Krankheiten. Gesundheit wird durch st\u00e4ndige Ern\u00e4hrung und Reinigung jeder Zelle erreicht, was das harmonische Funktionieren des K\u00f6rpers gew\u00e4hrleistet.<\/p>\n<p id=\"\">Es sind diese Prinzipien, die die Popularit\u00e4t der traditionellen chinesischen Medizin in einem Land mit entwickelter westlicher Medizin erkl\u00e4ren. Chinesische \u00c4rzte verf\u00fcgen \u00fcber umfangreiche Erfahrung in der Behandlung und Pr\u00e4vention chronischer Krankheiten, die es ihnen erm\u00f6glicht, dem Alter ohne Komplikationen zu begegnen. Die Methoden der Traditionellen Chinesischen Medizin sind sicher, umweltfreundlich und liefern schnelle Ergebnisse ohne Nebenwirkungen.<\/p>\n<p id=\"\">Heute macht die moderne Technologie dieses uralte Wissen f\u00fcr jedermann zug\u00e4nglich. Das Bioenergie-Massageger\u00e4t Magic Foherb ist ein Ger\u00e4t, das dabei hilft, das Energiegleichgewicht im K\u00f6rper wiederherzustellen und die Gesundheit zu verbessern. Sitzungen zur Regulierung der Bioenergie mit ihrer Hilfe sind eine einfache und wirksame Behandlungs- und Vorbeugungsmethode, die die Meridiane reinigt, die Durchblutung verbessert und Probleme mit dem K\u00f6rper beseitigt.<\/p>\n<h3 id=\"\"><strong id=\"\">Funktionsprinzip:<\/strong><\/h3>\n<p id=\"\">Basierend auf den Prinzipien der traditionellen chinesischen Medizin sowie unter Verwendung moderner bionischer und ergonomischer Technologien vereint das Massageger\u00e4t gleichzeitig mehrere Funktionen: Puls, Laser, Vakuum und thermische Erw\u00e4rmung. Dadurch k\u00f6nnen Sie vorbeugende und therapeutische Eingriffe problemlos zu Hause durchf\u00fchren, ohne eine Klinik aufzusuchen: Akupunktur, therapeutische Massage, Schr\u00f6pfmassage, Gua-Sha-Massage (Massage mit einem Knochenschaber; eine Methode zur Beeinflussung biologisch aktiver Punkte in der traditionellen chinesischen Medizin). und andere Verfahren. Das Massageger\u00e4t kann auch in der Kosmetik, zur Gewichtsreduktion und zur Bek\u00e4mpfung von Cellulite eingesetzt werden.<\/p>\n<p id=\"\">\u200d<\/p>\n<p id=\"\">\u200d<\/p>\n","protected":false},"featured_media":265,"template":"","categories":[6,29],"class_list":["post-128","product","type-product","status-publish","has-post-thumbnail","hentry","categories-vse-tovary","categories-pribory"],"acf":[],"_links":{"self":[{"href":"https:\/\/mywhieda.com\/de\/wp-json\/wp\/v2\/product\/128","targetHints":{"allow":["GET"]}}],"collection":[{"href":"https:\/\/mywhieda.com\/de\/wp-json\/wp\/v2\/product"}],"about":[{"href":"https:\/\/mywhieda.com\/de\/wp-json\/wp\/v2\/types\/product"}],"wp:featuredmedia":[{"embeddable":true,"href":"https:\/\/mywhieda.com\/de\/wp-json\/wp\/v2\/media\/265"}],"wp:attachment":[{"href":"https:\/\/mywhieda.com\/de\/wp-json\/wp\/v2\/media?parent=128"}],"wp:term":[{"taxonomy":"categories","embeddable":true,"href":"https:\/\/mywhieda.com\/de\/wp-json\/wp\/v2\/categories?post=128"}],"curies":[{"name":"wp","href":"https:\/\/api.w.org\/{rel}","templated":true}]}}