{"id":1356,"date":"2025-11-29T14:08:30","date_gmt":"2025-11-29T11:08:30","guid":{"rendered":"https:\/\/mywhieda.com\/?post_type=product&#038;p=1356"},"modified":"2025-11-29T14:10:04","modified_gmt":"2025-11-29T11:10:04","slug":"omolazhivayushchiy-sprey-s-lifting-effektom-3-4","status":"publish","type":"product","link":"https:\/\/mywhieda.com\/de\/product\/omolazhivayushchiy-sprey-s-lifting-effektom-3-4\/","title":{"rendered":"Lifting-Effekt-Maske FUNDESEE"},"content":{"rendered":"<p><span style=\"font-weight: 400;\">Die Lifting-Effekt-Maske FUNDESEE ist eine hochwertige t\u00e4gliche Gesichtspflege, die einen umfassenden Lifting-Effekt bietet und die Jugendlichkeit der Haut unterst\u00fctzt. Die Maske enth\u00e4lt eine hohe Konzentration von Wassermolek\u00fclen, wodurch sie die Haut effektiv mit Feuchtigkeit versorgt und n\u00e4hrt. Hydrolysierte Seide f\u00f6rdert die Kollagenproduktion und hilft, die Festigkeit und Elastizit\u00e4t der Haut zu verbessern.<\/span><span style=\"font-weight: 400;\"><br \/>\n<\/span><span style=\"font-weight: 400;\"> Geeignet f\u00fcr trockene, gespannte, schuppige oder empfindliche Haut, f\u00fcr einen fahlen Teint sowie zur Reduzierung von Falten und zur Erhaltung von Gl\u00e4tte und Frische der Haut.<\/span><\/p>\n<p>&nbsp;<\/p>\n<h3><b>Vier Hauptbestandteile<\/b><\/h3>\n<p><b>Sericin<\/b><b><br \/>\n<\/b><span style=\"font-weight: 400;\"> Ein Protein mit 18 Aminos\u00e4uren. Es hilft, die Haut zu reinigen und den Hydro-Lipid-Haushalt der Epidermis aufrechtzuerhalten. Aus hydrolysierter Seide gewonnenes Sericin sorgt f\u00fcr einen gleichm\u00e4\u00dfigen Hautton und eine weiche Hautstruktur.<\/span><\/p>\n<p><b>Fibroin<\/b><b><br \/>\n<\/b><span style=\"font-weight: 400;\"> Eine nat\u00fcrliche Faser aus Seide. Sie hilft, den optimalen Feuchtigkeitsgehalt der Haut zu bewahren, macht sie glatter, weicher und elastischer und verleiht ihr ein gesundes Strahlen.<\/span><\/p>\n<p><b>Chitosan<\/b><b><br \/>\n<\/b><span style=\"font-weight: 400;\"> Ein Polysaccharid mit hoher Adsorptionsf\u00e4higkeit. Es hilft, die Haut von Verunreinigungen und Make-up-R\u00fcckst\u00e4nden zu reinigen und sorgt f\u00fcr ein frisches, reines Gef\u00fchl.<\/span><\/p>\n<p><b>Natriumhyaluronat<\/b><b><br \/>\n<\/b><span style=\"font-weight: 400;\"> Eine Form der Hyalurons\u00e4ure, die die Haut intensiv mit Feuchtigkeit versorgt und ihr mehr Gl\u00e4tte und Festigkeit verleiht.<\/span><\/p>\n<p>&nbsp;<\/p>\n<p><b>Wirkung der verj\u00fcngenden Lifting-Effekt-Maske FUNDESEE:<\/b><b><br \/>\n<\/b><span style=\"font-weight: 400;\"> \u2022 Spendet Feuchtigkeit<\/span><span style=\"font-weight: 400;\"><br \/>\n<\/span><span style=\"font-weight: 400;\"> \u2022 Reinigt und erfrischt<\/span><span style=\"font-weight: 400;\"><br \/>\n<\/span><span style=\"font-weight: 400;\"> \u2022 Wirkt antioxidativ<\/span><span style=\"font-weight: 400;\"><br \/>\n<\/span><span style=\"font-weight: 400;\"> \u2022 Reduziert Schwellungen und dunkle Augenringe<\/span><span style=\"font-weight: 400;\"><br \/>\n<\/span><span style=\"font-weight: 400;\"> \u2022 Erzeugt einen Lifting-Effekt<\/span><span style=\"font-weight: 400;\"><br \/>\n<\/span><span style=\"font-weight: 400;\"> \u2022 Macht die Haut glatter und straffer<\/span><\/p>\n<p><strong>In einer Packung befinden sich 10 Masken.<\/strong><\/p>\n","protected":false},"featured_media":1347,"template":"","categories":[6,33],"class_list":["post-1356","product","type-product","status-publish","has-post-thumbnail","hentry","categories-vse-tovary","categories-kosmetika"],"acf":[],"_links":{"self":[{"href":"https:\/\/mywhieda.com\/de\/wp-json\/wp\/v2\/product\/1356","targetHints":{"allow":["GET"]}}],"collection":[{"href":"https:\/\/mywhieda.com\/de\/wp-json\/wp\/v2\/product"}],"about":[{"href":"https:\/\/mywhieda.com\/de\/wp-json\/wp\/v2\/types\/product"}],"wp:featuredmedia":[{"embeddable":true,"href":"https:\/\/mywhieda.com\/de\/wp-json\/wp\/v2\/media\/1347"}],"wp:attachment":[{"href":"https:\/\/mywhieda.com\/de\/wp-json\/wp\/v2\/media?parent=1356"}],"wp:term":[{"taxonomy":"categories","embeddable":true,"href":"https:\/\/mywhieda.com\/de\/wp-json\/wp\/v2\/categories?post=1356"}],"curies":[{"name":"wp","href":"https:\/\/api.w.org\/{rel}","templated":true}]}}