{"id":153,"date":"2025-02-04T17:24:35","date_gmt":"2025-02-04T14:24:35","guid":{"rendered":"https:\/\/whieda.wtwd.ru\/product\/elixier-3-juwelen-von-fohow\/"},"modified":"2025-12-23T19:19:40","modified_gmt":"2025-12-23T16:19:40","slug":"elixier-3-juwelen-von-fohow","status":"publish","type":"product","link":"https:\/\/mywhieda.com\/de\/product\/elixier-3-juwelen-von-fohow\/","title":{"rendered":"Elixier 3 Juwelen von Fohow"},"content":{"rendered":"<p id=\"\">Elixir 3 Jewels of Fohou wird aus einem Konzentrat des Fohou-Elixiers unter Zusatz von Extrakt aus schwarzen Ameisen hergestellt, das mit fortschrittlichen technologischen Mitteln gereinigt wird.<\/p>\n<p id=\"\">\u200d<\/p>\n<p id=\"\">F\u00fcr die Herstellung von Elixir 3 Jewels of Fohou werden eine einzigartige\u00a0 Niedertemperatur-Extraktionstechnologie und eine Zellwandzerst\u00f6rungstechnologie im Subnanometerbereich verwendet, wodurch die aktiven N\u00e4hrstoffe vollst\u00e4ndig erhalten bleiben und vom K\u00f6rper leicht aufgenommen werden k\u00f6nnen. Elixir Three Jewels besteht aus nat\u00fcrlichen Inhaltsstoffen und enth\u00e4lt keine chemischen oder hormonellen Zusatzstoffe.<\/p>\n<p id=\"\">\u200d<\/p>\n<p id=\"\">Zusammensetzung des Elixiers 3 Fohou-Juwelen:<\/p>\n<p id=\"\">Cordyceps-Extrakt, Lingzhi-Sporen, Shiitake-Pilz-Extrakt, Schwarzameisen-Extrakt, Honig, Wasser.<\/p>\n<p id=\"\"><strong id=\"\">\u200d<\/strong><\/p>\n<h3 id=\"\"><strong id=\"\">Anwendung von Elixir 3 Fohow Jewels:<\/strong><\/h3>\n<p id=\"\">\u200d<\/p>\n<p id=\"\">\u200d<\/p>\n<p id=\"\">\u200d<\/p>\n","protected":false},"featured_media":284,"template":"","categories":[6,32],"class_list":["post-153","product","type-product","status-publish","has-post-thumbnail","hentry","categories-vse-tovary","categories-dieticheskie-dobavki"],"acf":[],"_links":{"self":[{"href":"https:\/\/mywhieda.com\/de\/wp-json\/wp\/v2\/product\/153","targetHints":{"allow":["GET"]}}],"collection":[{"href":"https:\/\/mywhieda.com\/de\/wp-json\/wp\/v2\/product"}],"about":[{"href":"https:\/\/mywhieda.com\/de\/wp-json\/wp\/v2\/types\/product"}],"wp:featuredmedia":[{"embeddable":true,"href":"https:\/\/mywhieda.com\/de\/wp-json\/wp\/v2\/media\/284"}],"wp:attachment":[{"href":"https:\/\/mywhieda.com\/de\/wp-json\/wp\/v2\/media?parent=153"}],"wp:term":[{"taxonomy":"categories","embeddable":true,"href":"https:\/\/mywhieda.com\/de\/wp-json\/wp\/v2\/categories?post=153"}],"curies":[{"name":"wp","href":"https:\/\/api.w.org\/{rel}","templated":true}]}}