{"id":154,"date":"2025-02-04T17:24:35","date_gmt":"2025-02-04T14:24:35","guid":{"rendered":"https:\/\/whieda.wtwd.ru\/product\/elixier-fohow\/"},"modified":"2025-11-07T20:20:25","modified_gmt":"2025-11-07T17:20:25","slug":"elixier-fohow","status":"publish","type":"product","link":"https:\/\/mywhieda.com\/de\/product\/elixier-fohow\/","title":{"rendered":"Elixier Fohow"},"content":{"rendered":"<p id=\"\">Das Elixier \u201eFohou\u201c ist ein traditionelles Rezept der chinesischen Medizin, eine Perle der Kultur der Gesundheitserhaltung. Fohou Elixir ist ein erstaunliches Produkt, das in seiner nat\u00fcrlichen Form alle Substanzen enth\u00e4lt, die f\u00fcr das normale Funktionieren des K\u00f6rpers notwendig sind.<\/p>\n<p id=\"\">\u200d<\/p>\n<p id=\"\">Das Elixier hat eine starke antioxidative Wirkung, reguliert das Gleichgewicht aller Organe und Systeme des K\u00f6rpers und wird h\u00e4ufig als wirksames Mittel zur Vorbeugung sowie bei chronischen Krankheiten eingesetzt. Das Produkt enth\u00e4lt nur nat\u00fcrliche Inhaltsstoffe auf Cordyceps-Basis mit Zusatz von Lingzhi, schwarzen Pilzen, Goji-Beeren und anderen Bestandteilen.<\/p>\n<p id=\"\">\u200d<\/p>\n<p id=\"\">\u200d<\/p>\n<p id=\"\">\u200d<\/p>\n","protected":false},"featured_media":286,"template":"","categories":[6,32],"class_list":["post-154","product","type-product","status-publish","has-post-thumbnail","hentry","categories-vse-tovary","categories-dieticheskie-dobavki"],"acf":[],"_links":{"self":[{"href":"https:\/\/mywhieda.com\/de\/wp-json\/wp\/v2\/product\/154","targetHints":{"allow":["GET"]}}],"collection":[{"href":"https:\/\/mywhieda.com\/de\/wp-json\/wp\/v2\/product"}],"about":[{"href":"https:\/\/mywhieda.com\/de\/wp-json\/wp\/v2\/types\/product"}],"wp:featuredmedia":[{"embeddable":true,"href":"https:\/\/mywhieda.com\/de\/wp-json\/wp\/v2\/media\/286"}],"wp:attachment":[{"href":"https:\/\/mywhieda.com\/de\/wp-json\/wp\/v2\/media?parent=154"}],"wp:term":[{"taxonomy":"categories","embeddable":true,"href":"https:\/\/mywhieda.com\/de\/wp-json\/wp\/v2\/categories?post=154"}],"curies":[{"name":"wp","href":"https:\/\/api.w.org\/{rel}","templated":true}]}}