{"id":156,"date":"2025-02-04T17:24:35","date_gmt":"2025-02-04T14:24:35","guid":{"rendered":"https:\/\/whieda.wtwd.ru\/product\/elixier-von-sanqing-fohow\/"},"modified":"2025-11-07T16:47:44","modified_gmt":"2025-11-07T13:47:44","slug":"elixier-von-sanqing-fohow","status":"publish","type":"product","link":"https:\/\/mywhieda.com\/de\/product\/elixier-von-sanqing-fohow\/","title":{"rendered":"Elixier von Sanqing Fohow"},"content":{"rendered":"<p id=\"\">Das Sanqing Fohou Elixir wurde vom Forschungszentrum der FoHerb Corporation nach den Prinzipien der traditionellen chinesischen Medizin entwickelt und nutzt die einzigartige Niedertemperatur-Extraktionstechnologie und die Zellwandzerst\u00f6rungstechnologie im Subnanometerbereich.<\/p>\n<p id=\"\">\u200d<\/p>\n<p id=\"\">Das Elixier \u201eSanqing Phoenix\u201c ist das wirksamste Medikament der Cleansing-Serie in China. Ein Naturprodukt, das den K\u00f6rper effektiv reinigt, ohne ihn zu belasten.<\/p>\n<p id=\"\">\u200d<\/p>\n<p id=\"\">Das reinigt den Darm, reinigt Giftstoffe, befreit das Blut von Fetten, Leichtigkeit im K\u00f6rper! Nach 2-3 Anwendungszyklen normalisieren sich die Funktionen des Magen-Darm-Trakts merklich, die Rauheit der Haut, die durch die Ansammlung von Giftstoffen verursacht wird, verschwindet allm\u00e4hlich, der Teint wird rosa, Flecken, Akne, Hautausschl\u00e4ge verschwinden allm\u00e4hlich Mundgeruch normalisiert sich und wird unsichtbar.<\/p>\n<p id=\"\">\u200d<\/p>\n<p id=\"\">Sanqing Fohou Elixir enth\u00e4lt keine chemischen oder hormonellen Inhaltsstoffe und ist ein reines und nat\u00fcrliches Gesundheitsprodukt.<\/p>\n<p id=\"\">\u200d<\/p>\n<p id=\"\">\u200d<\/p>\n<p id=\"\">\u200d<\/p>\n","protected":false},"featured_media":285,"template":"","categories":[6,32],"class_list":["post-156","product","type-product","status-publish","has-post-thumbnail","hentry","categories-vse-tovary","categories-dieticheskie-dobavki"],"acf":[],"_links":{"self":[{"href":"https:\/\/mywhieda.com\/de\/wp-json\/wp\/v2\/product\/156","targetHints":{"allow":["GET"]}}],"collection":[{"href":"https:\/\/mywhieda.com\/de\/wp-json\/wp\/v2\/product"}],"about":[{"href":"https:\/\/mywhieda.com\/de\/wp-json\/wp\/v2\/types\/product"}],"wp:featuredmedia":[{"embeddable":true,"href":"https:\/\/mywhieda.com\/de\/wp-json\/wp\/v2\/media\/285"}],"wp:attachment":[{"href":"https:\/\/mywhieda.com\/de\/wp-json\/wp\/v2\/media?parent=156"}],"wp:term":[{"taxonomy":"categories","embeddable":true,"href":"https:\/\/mywhieda.com\/de\/wp-json\/wp\/v2\/categories?post=156"}],"curies":[{"name":"wp","href":"https:\/\/api.w.org\/{rel}","templated":true}]}}