{"id":158,"date":"2025-02-04T17:24:35","date_gmt":"2025-02-04T14:24:35","guid":{"rendered":"https:\/\/whieda.wtwd.ru\/product\/energie-stolen-palantin\/"},"modified":"2025-02-16T12:42:35","modified_gmt":"2025-02-16T09:42:35","slug":"energie-stolen-palantin","status":"publish","type":"product","link":"https:\/\/mywhieda.com\/de\/product\/energie-stolen-palantin\/","title":{"rendered":"Energie-Stolen (Palantin)"},"content":{"rendered":"<p id=\"\">Bei einer Energiestola geht es darum, f\u00fcr Ihre Gesundheit, Ihr Wohlbefinden und Ihre Eleganz zu sorgen. Drei Weisheiten zur Erhaltung der Gesundheit werden mit moderner Wissenschaft und Technologie kombiniert.<\/p>\n<p id=\"\">Polyfaser und Germanium bilden die Basis des Vorfachs, ihr Gleichgewicht wird nach einem sorgf\u00e4ltigen wissenschaftlichen Ansatz ausgew\u00e4hlt.<\/p>\n<p id=\"\">\u200d<\/p>\n<h3 id=\"\"><strong id=\"\">Gesundheitsvorteile<\/strong>:<\/h3>\n<p id=\"\">\u200d<\/p>\n<p id=\"\">Organisches Germanium in der Stola hat die Funktion der Infrarotstrahlung und der Anionenfreisetzung.<\/p>\n<p id=\"\">Hilft, die Durchblutung und Mikrozirkulation zu verbessern.<\/p>\n<p id=\"\">Hilft, Beschwerden zu beseitigen und Erm\u00fcdungserscheinungen im Nacken- und Schulterg\u00fcrtel zu lindern.<\/p>\n<p id=\"\">Verlangsamt die Hautalterung und verbessert die Gesundheitsindikatoren.<\/p>\n<p id=\"\">Komfort und Hautpflege: Eine einzigartige Webtechnik aus weichen, leichten und d\u00fcnnen Materialien erm\u00f6glicht es Ihnen, W\u00e4rme zu speichern, Komfort und Atmungsaktivit\u00e4t zu bieten und der Haut ein Gef\u00fchl zarter Pflege zu verleihen.<\/p>\n<p id=\"\">\u200d<\/p>\n<h3 id=\"\"><strong id=\"\">Der Nacken- und Schulterbereich ist die wichtigste \u201eKreuzung\u201c des menschlichen K\u00f6rpers:<\/strong><\/h3>\n<p id=\"\">\u200d<\/p>\n<p id=\"\">Dieser Bereich braucht zuverl\u00e4ssigen Schutz<\/p>\n<p id=\"\">der Schnittpunkt vieler Energiekan\u00e4le<\/p>\n<p id=\"\">biologisch aktiver Punkt Da-Zhui liegt<\/p>\n<p id=\"\">\u200d<\/p>\n<p id=\"\">Der Halsbereich und der Schulterg\u00fcrtel sind die meiste Zeit ge\u00f6ffnet. \u00c4u\u00dfere Naturph\u00e4nomene, Luft aus einer Klimaanlage im Sommer, chronische M\u00fcdigkeit und andere Faktoren k\u00f6nnen zu Verletzungen des Hals- und Schulterg\u00fcrtels f\u00fchren.<\/p>\n<p id=\"\">\u200d<\/p>\n<p id=\"\">Bewegungsmangel verlangsamt die Blutzirkulation und den Stoffwechsel und f\u00fchrt in der Folge zu einer Verstopfung der Energiekan\u00e4le, einer Stagnation von Qi und Blut, einer beeintr\u00e4chtigten Blutversorgung des Gehirns, Schl\u00e4frigkeit und M\u00fcdigkeit, einer Ansammlung von Giftstoffen, Muskelkr\u00e4mpfen und Schmerzen sowie der Entwicklung verschiedener Krankheiten Krankheiten.<\/p>\n<p id=\"\">\u200d<\/p>\n<p id=\"\">Die Energiequelle FOHERB ist eine starke Barriere, die den K\u00f6rper vor Wind und K\u00e4lte sch\u00fctzt. Erh\u00f6ht die Temperatur im Tragebereich und reguliert den Normalzustand des K\u00f6rpers!<\/p>\n<p id=\"\">\u200d<\/p>\n<h3 id=\"\"><strong id=\"\">Eine Stola ist f\u00fcr Frauen immer ein elegantes und attraktives Attribut.\u00a0<\/strong><\/h3>\n<p id=\"\">\u200d<\/p>\n<p id=\"\">Die funktionelle FOHERB-Stola vereint Sch\u00f6nheit und Zweckm\u00e4\u00dfigkeit; sie sch\u00fctzt Sie zuverl\u00e4ssig vor kalter Klimaanlage und wird im Sommer eine wunderbare, stilvolle Erg\u00e4nzung Ihres Looks sein.<\/p>\n<p id=\"\">\u200d<\/p>\n<h3 id=\"\"><strong id=\"\"> Hervorragender Sonnenschutz<\/strong><\/h3>\n<p id=\"\">\u200d<\/p>\n<p id=\"\">Neben Sonnencreme, einem Regenschirm und einer Sonnenbrille k\u00f6nnen Sie auch eine Energiestola verwenden. Werfen Sie die Stola einfach \u00fcber Ihre Schultern und Ihren Hals und sie sch\u00fctzt Sie zuverl\u00e4ssig vor der Sonne. Das Material der Energiespitze l\u00e4sst die Luft gut durch, nimmt Schwei\u00df auf und schmiegt sich gut an den K\u00f6rper an.<\/p>\n<p id=\"\">\u200d<\/p>\n<h3 id=\"\"><strong id=\"\">\u2744\ufe0f Vorbeugung von \u201eKlimaanlagenkrankheiten\u201c<\/strong><\/h3>\n<p id=\"\">\u200d<\/p>\n<p id=\"\">Im Sommer, im B\u00fcro, im Auto und zu Hause nutzen wir oft die Klimaanlage und der Nacken wird oft kalt.<\/p>\n<p id=\"\">\u200d<\/p>\n<p id=\"\">Im Nacken befinden sich 3 wichtige biologisch aktive Punkte: Feng Fu, Feng Chi und Feng Meng, durch die pathogene Faktoren Wind und K\u00e4lte am leichtesten in den K\u00f6rper eindringen! Kalte Luft, die in diese Punkte eindringt, f\u00fchrt zu einer schlechten Durchblutung und f\u00fchrt zu Schwindel, Kopfschmerzen, Schlaflosigkeit, Nacken- und Schulterschmerzen und anderen Problemen.<\/p>\n<p id=\"\">\u200d<\/p>\n<p id=\"\">\u200d<\/p>\n","protected":false},"featured_media":287,"template":"","categories":[6,31],"class_list":["post-158","product","type-product","status-publish","has-post-thumbnail","hentry","categories-vse-tovary","categories-aksessuary"],"acf":[],"_links":{"self":[{"href":"https:\/\/mywhieda.com\/de\/wp-json\/wp\/v2\/product\/158","targetHints":{"allow":["GET"]}}],"collection":[{"href":"https:\/\/mywhieda.com\/de\/wp-json\/wp\/v2\/product"}],"about":[{"href":"https:\/\/mywhieda.com\/de\/wp-json\/wp\/v2\/types\/product"}],"wp:featuredmedia":[{"embeddable":true,"href":"https:\/\/mywhieda.com\/de\/wp-json\/wp\/v2\/media\/287"}],"wp:attachment":[{"href":"https:\/\/mywhieda.com\/de\/wp-json\/wp\/v2\/media?parent=158"}],"wp:term":[{"taxonomy":"categories","embeddable":true,"href":"https:\/\/mywhieda.com\/de\/wp-json\/wp\/v2\/categories?post=158"}],"curies":[{"name":"wp","href":"https:\/\/api.w.org\/{rel}","templated":true}]}}