{"id":161,"date":"2025-02-04T17:24:35","date_gmt":"2025-02-04T14:24:35","guid":{"rendered":"https:\/\/whieda.wtwd.ru\/product\/foherb-complete-protein\/"},"modified":"2025-12-23T19:18:13","modified_gmt":"2025-12-23T16:18:13","slug":"foherb-complete-protein","status":"publish","type":"product","link":"https:\/\/mywhieda.com\/de\/product\/foherb-complete-protein\/","title":{"rendered":"Foherb Complete Protein"},"content":{"rendered":"<p id=\"\">Diese propriet\u00e4re Ern\u00e4hrung ist proteinreich und fett- und kalorienarm. Wird als zus\u00e4tzliche Stromquelle verwendet. F\u00f6rdert die Gewichtsabnahme, ohne Muskelmasse zu verlieren.<\/p>\n<p id=\"\">Heutzutage legen moderne Menschen gro\u00dfen Wert auf di\u00e4tetische Ern\u00e4hrung. Die verringerte Lebensmittelsicherheit hat dazu gef\u00fchrt, dass zahlreiche chemische Giftstoffe in den K\u00f6rper gelangen, die die menschliche Gesundheit gef\u00e4hrden. Es besteht auch das Problem des Ungleichgewichts, es gibt keine Vollst\u00e4ndigkeit und \u00fcberm\u00e4\u00dfiges Essen f\u00fchrt zu Problemen im K\u00f6rper.<\/p>\n<p id=\"\">\u200d<\/p>\n<p id=\"\"><strong id=\"\">Protein-Zusammensetzung<\/strong><\/p>\n<p id=\"\">\u200d<\/p>\n<p id=\"\">FOHERB Complete Protein besteht aus einzigartigen, funktionellen und patentierten Inhaltsstoffen, die \u00fcber den Mahlzeitenersatz hinaus gesundheitliche Vorteile bieten. Es enth\u00e4lt gleichzeitig komplexe Proteinbestandteile und andere N\u00e4hrstoffbestandteile.<\/p>\n<p id=\"\">\u200d<\/p>\n<p id=\"\">Complete Protein besteht aus Molkenprotein, Sojaproteinisolat und Pflanzenproteinpulver und basiert auf einer propriet\u00e4ren Technologie, die n\u00e4hrstoffreich und leicht verdaulich ist. Gleichzeitig geh\u00f6rt dieses Produkt zur Kategorie der speziellen Di\u00e4t- und Sportern\u00e4hrung und seine Rezeptur basiert auf einem wissenschaftlichen Ansatz. Sch\u00fctzt den Darm und verl\u00e4ngert das S\u00e4ttigungsgef\u00fchl.<\/p>\n<p id=\"\">\u200d<\/p>\n<p id=\"\">Der Proteinkomplex enth\u00e4lt 5 Ballaststoffquellen: Inulin, Fructooligosaccharide, Flohsamenschalenpulver, Maismehl und Haferflocken. Normalisiert die Darmflora und sorgt f\u00fcr ein langanhaltendes S\u00e4ttigungsgef\u00fchl.<\/p>\n<p id=\"\">\u200d<\/p>\n<p id=\"\">Dank seiner patentierten Technologie werden N\u00e4hrstoffe schnell absorbiert und beginnen zu wirken. Sie versorgen den K\u00f6rper mit einem hohen Anteil an Ballaststoffen, kalorienarmen und proteinreichen N\u00e4hrstoffen, sodass Sie schnell den Effekt der Fettreduzierung erzielen k\u00f6nnen, ohne die Muskelmasse zu reduzieren.<\/p>\n<p id=\"\">\u200d<\/p>\n<p id=\"\">\u200d<\/p>\n<p id=\"\">\u200d<\/p>\n","protected":false},"featured_media":275,"template":"","categories":[6,32],"class_list":["post-161","product","type-product","status-publish","has-post-thumbnail","hentry","categories-vse-tovary","categories-dieticheskie-dobavki"],"acf":[],"_links":{"self":[{"href":"https:\/\/mywhieda.com\/de\/wp-json\/wp\/v2\/product\/161","targetHints":{"allow":["GET"]}}],"collection":[{"href":"https:\/\/mywhieda.com\/de\/wp-json\/wp\/v2\/product"}],"about":[{"href":"https:\/\/mywhieda.com\/de\/wp-json\/wp\/v2\/types\/product"}],"wp:featuredmedia":[{"embeddable":true,"href":"https:\/\/mywhieda.com\/de\/wp-json\/wp\/v2\/media\/275"}],"wp:attachment":[{"href":"https:\/\/mywhieda.com\/de\/wp-json\/wp\/v2\/media?parent=161"}],"wp:term":[{"taxonomy":"categories","embeddable":true,"href":"https:\/\/mywhieda.com\/de\/wp-json\/wp\/v2\/categories?post=161"}],"curies":[{"name":"wp","href":"https:\/\/api.w.org\/{rel}","templated":true}]}}