{"id":169,"date":"2025-02-04T17:24:35","date_gmt":"2025-02-04T14:24:35","guid":{"rendered":"https:\/\/whieda.wtwd.ru\/product\/fur-manner-die-schwere-korperliche-arbeit-verrichten\/"},"modified":"2025-12-27T20:06:56","modified_gmt":"2025-12-27T17:06:56","slug":"fur-manner-die-schwere-korperliche-arbeit-verrichten","status":"publish","type":"product","link":"https:\/\/mywhieda.com\/de\/product\/fur-manner-die-schwere-korperliche-arbeit-verrichten\/","title":{"rendered":"F\u00fcr M\u00e4nner, die schwere k\u00f6rperliche Arbeit verrichten"},"content":{"rendered":"<p id=\"\">Kraft und Gesundheit: So bleibt die Kraft \u00fcber viele Jahre erhalten<\/p>\n<p id=\"\">\u200d<\/p>\n<p id=\"\">M\u00e4nnerarbeit ist nicht nur Arbeit, sie ist eine Pr\u00fcfung von Kraft, Ausdauer und Willen. Sie, Lader, Fahrer, Bauarbeiter, die k\u00f6rperliche Arbeit leisten \u2013 Sie sind die Tr\u00e4ger des Fundaments, auf dem die Welt steht! Aber es ist wichtig, an die eigene Gesundheit zu denken, um \u00fcber viele Jahre hinweg Kraft und Energie zu bewahren.<\/p>\n<p id=\"\">\u200d<\/p>\n<h3 id=\"\"><strong id=\"\">Welche Probleme k\u00f6nnen durch schwere k\u00f6rperliche Arbeit entstehen?<\/strong><\/h3>\n<p id=\"\">\u200d<\/p>\n<p id=\"\">-Wirbels\u00e4ulenprobleme: R\u00fcckenschmerzen, Hernien, Osteochondrose \u2013 all das sind die Folgen harter Arbeit und falscher K\u00f6rperhaltung.<\/p>\n<p id=\"\">-Gelenkprobleme: Arthrose, Arthritis, Schmerzen in Knien und Schultern sind unvermeidliche Begleitfaktoren k\u00f6rperlicher Aktivit\u00e4t.<\/p>\n<p id=\"\">-Herz-Kreislauf-Erkrankungen: Bluthochdruck, koronare Herzkrankheit \u2013 all dies kann durch unregelm\u00e4\u00dfige Ern\u00e4hrung, Stress und mangelnde Ruhe hervorgerufen werden.<\/p>\n<p id=\"\">-Verdauungsprobleme: Gastritis, Geschw\u00fcre, Verstopfung \u2013 die Folgen einer schlechten Ern\u00e4hrung und eines unregelm\u00e4\u00dfigen Tagesablaufs.<\/p>\n<p id=\"\">-M\u00fcdigkeit und verminderte Energie: Mangelnde Ruhe, schlechte Ern\u00e4hrung und st\u00e4ndige Bewegung k\u00f6nnen zu M\u00fcdigkeit und verminderter Leistungsf\u00e4higkeit f\u00fchren.<\/p>\n<p id=\"\">-Hautprobleme: Hitzeausschlag, Dermatitis, Verbrennungen \u2013 Folgen der Arbeit im Freien oder unter ung\u00fcnstigen Bedingungen.<\/p>\n<p id=\"\">\u200d<\/p>\n<p id=\"\">Die westliche Medizin bietet oft nur eine symptomatische Behandlung an, ohne die Ursachen der Krankheit anzugehen. Die chinesische Medizin basiert jedoch auf einem anderen Prinzip: Krankheiten sind kein Feind, den es zu bek\u00e4mpfen gilt, sondern ein Signal f\u00fcr ein Ungleichgewicht im K\u00f6rper.<\/p>\n<p id=\"\">\u200d<\/p>\n<p id=\"\">Wir haben f\u00fcr Sie, liebe Mitarbeiter, eine Auswahl an WHIEDA-Produkten vorbereitet, die dazu beitragen, die Gesundheit zu verbessern und die Harmonie im K\u00f6rper wiederherzustellen.<\/p>\n<p id=\"\">K\u00fcmmern Sie sich heute um sich selbst, um Ihre Kraft und Energie f\u00fcr viele Jahre zu bewahren!<\/p>\n<p id=\"\">\u200d<\/p>\n<h3 id=\"\"><strong id=\"\">Zellaktivator<\/strong><\/h3>\n<p id=\"\">\u200d<\/p>\n<p id=\"\">Es aktiviert ruhende Zellen, stellt besch\u00e4digte Zellen wieder her, zerst\u00f6rt freie Radikale, stimuliert die Selbstheilung des K\u00f6rpers, erh\u00f6ht den Gesamttonus, beugt dem Auftreten von Krankheiten vor und reinigt schnell Meridiane und Lymphe. Es kommt gut mit Hautausschl\u00e4gen, Papillomen, Psoriasis und Verbrennungen zurecht, verl\u00e4ngert die Jugend, hilft bei der Beseitigung von Schwellungen, lindert Schmerzen und verbessert die Funktion der inneren Organe. Eine Behandlung mit dem Aktivator, die eine halbe Stunde dauert, hat die gleiche Wirkung wie 10 Akupunkturbehandlungen, 20 Behandlungen mit Vakuumbechern oder 30 manuelle Massagesitzungen.<\/p>\n<p id=\"\">\u200d<\/p>\n<h3 id=\"\"><strong id=\"\">Bioenergie-Massageger\u00e4t MAGIC FOHERB<\/strong><\/h3>\n<p id=\"\">\u200d<\/p>\n<p id=\"\">Dadurch k\u00f6nnen Sie vorbeugende und therapeutische Eingriffe problemlos zu Hause durchf\u00fchren, ohne eine Klinik aufzusuchen: Akupunktur, therapeutische Massage, Schr\u00f6pfmassage, Gua-Sha-Massage (Massage mit einem Knochenschaber; eine Methode zur Beeinflussung biologisch aktiver Punkte in der traditionellen chinesischen Medizin). und andere Verfahren.<\/p>\n<p id=\"\">\u200d<\/p>\n<p id=\"\">Zun\u00e4chst einmal ist das Massageger\u00e4t zu empfehlen:<\/p>\n<p id=\"\">Menschen mit Erkrankungen des Bewegungsapparates<\/p>\n<p id=\"\">(Halswirbels\u00e4ule, Schultergelenke usw.);<\/p>\n<p id=\"\">Wenn Festplatten verschoben werden;<\/p>\n<p id=\"\">Bei rheumatoider Arthritis;<\/p>\n<p id=\"\">Mit Nekrose;<\/p>\n<p id=\"\">Bei der Bek\u00e4mpfung von \u00dcbergewicht und Cellulite;<\/p>\n<p id=\"\">Zur Lymphdrainage und Straffung<\/p>\n<p id=\"\">Verfahren;<\/p>\n<p id=\"\">Zur Erholung nach Verletzungen und k\u00f6rperlicher Aktivit\u00e4t<\/p>\n<p id=\"\">\u200d<\/p>\n<h3 id=\"\"><strong id=\"\">Sauna \u201eBa-Gua\u201c<\/strong><\/h3>\n<p id=\"\">\u200d<\/p>\n<p id=\"\">Eine Sauna hilft nicht nur beim Entspannen, sondern auch bei der Verbesserung der Gesundheit, der Verbesserung des Stoffwechsels, beim Abnehmen und bei der Linderung von Schmerzen. Doch nicht jeder hat die M\u00f6glichkeit, regelm\u00e4\u00dfig in die Sauna zu gehen. Deshalb machen wir Sie auf die einzigartige Sauna \u201eBa-Gua\u201c aufmerksam, die auch zu Hause genutzt werden kann.<\/p>\n<p id=\"\">Hierbei handelt es sich um eine Minisauna, die spezielle Technologien sowie die physikalischen Eigenschaften von Steinen wie Turmalin und schwarzer Jade nutzt. Unsere Sauna schafft mit Hilfe von Heilsteinen und einem speziellen Stoffdesign ein einzigartiges Mikroklima, das eine therapeutische Wirkung auf den gesamten K\u00f6rper hat: verbessert die Mikrozirkulation des Blutes und Stoffwechselprozesse, entfernt Giftstoffe und Abfallstoffe, verbessert den Hautzustand, bek\u00e4mpft Entz\u00fcndungen und Schmerzen, lindert M\u00fcdigkeit und hilft beim Entspannen.<\/p>\n<p id=\"\">\u200d<\/p>\n<h3 id=\"\"><strong id=\"\">Korrigierende Einlagen<\/strong><\/h3>\n<p id=\"\">\u200d<\/p>\n<p id=\"\">Die F\u00fc\u00dfe sind das zweite Herz. Der Prozess der Blutzirkulation im gesamten K\u00f6rper h\u00e4ngt eng mit den F\u00fc\u00dfen zusammen, vom Stehen bis zum Gehen \u2013 daher die St\u00e4rke und Geschwindigkeit der Blutzirkulation. Wenn die F\u00fc\u00dfe nicht gesund sind, werden die darin befindlichen Blutgef\u00e4\u00dfe ihren Zweck nicht erf\u00fcllen, es kann zu Blutstau in den unteren Extremit\u00e4ten kommen und gesundheitliche Probleme sind vorprogrammiert<\/p>\n<p id=\"\">Korrektureinlagen bedeuten die Gesundheit des Skeletts und des gesamten K\u00f6rpers. Aufgrund der Schwerkraft, Stoffwechselst\u00f6rungen, Kraftbelastungen, Druck und beruflichen Besonderheiten kommt es zu einer Kr\u00fcmmung der Wirbels\u00e4ule, was zu einer Kr\u00fcmmung des gesamten Skeletts f\u00fchrt. 80 % der Gesundheitsprobleme h\u00e4ngen irgendwie mit einer Skelettverkr\u00fcmmung zusammen. Das Skelett st\u00fctzt einerseits den gesamten K\u00f6rper, andererseits ist das R\u00fcckenmark die Basis des Zentralnervensystems. F\u00fchrt die Skelettkr\u00fcmmung zu eingeklemmten Nerven, wird die Impulsversorgung vom Gehirn zu den Organen blockiert, K\u00f6rperfunktionen und Zellfunktionen werden gest\u00f6rt und es kommt zu vielf\u00e4ltigen Schwierigkeiten.<\/p>\n<p id=\"\">Einlegesohlen helfen dabei, Ihre K\u00f6rperhaltung zu verbessern, sorgen f\u00fcr eine gleichm\u00e4\u00dfige Druckverteilung auf den Fu\u00df, massieren die Reflexzone des Fu\u00dfes, korrigieren Plattf\u00fc\u00dfe und st\u00e4rken die richtige Fu\u00dfform<\/p>\n<p id=\"\">\u200d<\/p>\n<h3 id=\"\"><strong id=\"\">Hightech-Brille<\/strong><\/h3>\n<p id=\"\">\u200d<\/p>\n<p id=\"\">Eine Hightech-Brille sch\u00fctzt Sie vor der Strahlung eines Computermonitors oder Fernsehers<\/p>\n<p id=\"\">Hightech-Brillen sch\u00fctzen Sie vor Strahlung, lindern die Erm\u00fcdung der Augen und sch\u00fctzen, st\u00e4rken und optimieren Ihre Sehkraft. Wir empfehlen sie Personen, die viel Zeit mit dem Lesen von B\u00fcchern und vor einem Computermonitor verbringen, sowie Personen, die unter erh\u00f6hter M\u00fcdigkeit und trockenen Augen leiden, Personen \u00fcber 40 Jahren (der Alterungsprozess des K\u00f6rpers beginnt), die darunter leiden Xerophthalmie, Menschen mit erh\u00f6hter Augenerm\u00fcdung, Menschen mit Glask\u00f6rpertr\u00fcbung, Amblyopie, Presbyopie, Myopie, Augenflimmern, Katarakt, Glaukom (durch ausreichende Sauerstoffversorgung verbessert sich die Mikrozirkulation), Menschen, die Probleme mit der Mikrozirkulation im Blut haben und gezwungen sind, eine Sonnenbrille zu tragen (Quantenenergie aktiviert die Arbeit der Zellen, erh\u00f6ht ihre oxidative Funktion).<\/p>\n<p id=\"\">\u200d<\/p>\n<p id=\"\">Das Brillengestell besteht aus PA6\/G-Graphen-Verbundwerkstoffen. Graphen hat au\u00dferdem die Eigenschaft, negative Ionen (Anionen) auszusenden. Der Rahmen setzt zwischen 1000 und 2200 Anionen pro Kubikzentimeter frei. Die Energie der Anionen aktiviert die Zellen im Augenbereich und die Durchblutung wird angeregt.<\/p>\n<p id=\"\">\u200d<\/p>\n<h3 id=\"\"><strong id=\"\">Energie gestohlen<\/strong><\/h3>\n<p id=\"\">\u200d<\/p>\n<p id=\"\">Organisches Germanium in der Stola hat die Funktion der Infrarotstrahlung und der Anionenfreisetzung.<\/p>\n<p id=\"\">Hilft, die Durchblutung und Mikrozirkulation zu verbessern.<\/p>\n<p id=\"\">Hilft, Beschwerden zu beseitigen und Erm\u00fcdungserscheinungen im Nacken- und Schulterg\u00fcrtel zu lindern.<\/p>\n<p id=\"\">Verlangsamt die Hautalterung und verbessert die Gesundheitsindikatoren.<\/p>\n<p id=\"\">Komfort und Hautpflege: Eine einzigartige Webtechnik aus weichen, leichten und d\u00fcnnen Materialien erm\u00f6glicht es Ihnen, W\u00e4rme zu speichern, Komfort und Atmungsaktivit\u00e4t zu bieten und der Haut ein Gef\u00fchl zarter Pflege zu verleihen.<\/p>\n<p id=\"\">\u200d<\/p>\n<h3 id=\"\"><strong id=\"\">Set zur vollst\u00e4ndigen Regeneration des K\u00f6rpers<\/strong><\/h3>\n<p id=\"\">\u200d<\/p>\n<p id=\"\">Ein wichtiger Grundsatz der chinesischen Medizin: Krankheit ist kein Feind, den es zu bek\u00e4mpfen gilt. Krankheit ist ein Signal f\u00fcr ein Ungleichgewicht im K\u00f6rper. In der chinesischen Medizin gibt es kein Konzept von \u201eKrankheit \u2013 Dosis eines Arzneimittels\u201c. Vielmehr stehen Wellness, Pr\u00e4vention und Gesundheitserhaltung im Vordergrund.<\/p>\n<p id=\"\">\u200d<\/p>\n<p id=\"\">Stellen Sie sich vor, Sie h\u00e4tten einen Kindergarten. Wenn nicht gen\u00fcgend Wasser vorhanden ist, verdorren die Pflanzen. Damit sie wieder bl\u00fchen, m\u00fcssen Sie sie nicht nur gie\u00dfen, sondern auch g\u00fcnstige Bedingungen schaffen: Erde, Licht, W\u00e4rme. Das Gleiche gilt f\u00fcr unseren K\u00f6rper: Um die Gesundheit wiederherzustellen, m\u00fcssen Sie nicht nur das Symptom behandeln, sondern auch das Gleichgewicht von Yin und Yang wiederherstellen, den K\u00f6rper reinigen und ihn mit Lebensenergie versorgen.<\/p>\n<p id=\"\">\u200d<\/p>\n<p id=\"\">Die Chinesische Medizin bietet einen umfassenden Ansatz:<\/p>\n<p id=\"\">\u200d<\/p>\n<p id=\"\">Regulierung: Zun\u00e4chst versuchen wir, die Harmonie im K\u00f6rper wiederherzustellen.<\/p>\n<p id=\"\">Reinigung: Der n\u00e4chste Schritt besteht darin, den K\u00f6rper von Schlacken und Giftstoffen zu reinigen.<\/p>\n<p id=\"\">Erholung: In der letzten Phase stellen wir die Energie wieder her, indem wir den K\u00f6rper n\u00e4hren und seine Abwehrkr\u00e4fte st\u00e4rken.<\/p>\n<p id=\"\">\u200d<\/p>\n<p id=\"\">Unsere Experten f\u00fcr chinesische Medizin haben f\u00fcr Sie einen Komplex zur vollst\u00e4ndigen Wiederherstellung Ihres K\u00f6rpers mit whieda-Produkten zusammengestellt.<\/p>\n<p id=\"\">\u200d<\/p>\n<p id=\"\">\u200d<\/p>\n<p id=\"\">\u200d<\/p>\n<p id=\"\">\u200d<\/p>\n<p id=\"\">\u200d<\/p>\n","protected":false},"featured_media":293,"template":"","categories":[6,7],"class_list":["post-169","product","type-product","status-publish","has-post-thumbnail","hentry","categories-vse-tovary","categories-nabory"],"acf":[],"_links":{"self":[{"href":"https:\/\/mywhieda.com\/de\/wp-json\/wp\/v2\/product\/169","targetHints":{"allow":["GET"]}}],"collection":[{"href":"https:\/\/mywhieda.com\/de\/wp-json\/wp\/v2\/product"}],"about":[{"href":"https:\/\/mywhieda.com\/de\/wp-json\/wp\/v2\/types\/product"}],"wp:featuredmedia":[{"embeddable":true,"href":"https:\/\/mywhieda.com\/de\/wp-json\/wp\/v2\/media\/293"}],"wp:attachment":[{"href":"https:\/\/mywhieda.com\/de\/wp-json\/wp\/v2\/media?parent=169"}],"wp:term":[{"taxonomy":"categories","embeddable":true,"href":"https:\/\/mywhieda.com\/de\/wp-json\/wp\/v2\/categories?post=169"}],"curies":[{"name":"wp","href":"https:\/\/api.w.org\/{rel}","templated":true}]}}