{"id":174,"date":"2025-02-04T17:24:38","date_gmt":"2025-02-04T14:24:38","guid":{"rendered":"https:\/\/whieda.wtwd.ru\/product\/hochtechnologische-brillen\/"},"modified":"2026-04-09T17:41:25","modified_gmt":"2026-04-09T14:41:25","slug":"hochtechnologische-brillen","status":"publish","type":"product","link":"https:\/\/mywhieda.com\/de\/product\/hochtechnologische-brillen\/","title":{"rendered":"Hochtechnologische Brillen"},"content":{"rendered":"<p id=\"\">Gadgets sind zu einem Teil unseres Lebens geworden; wir nutzen sie sowohl bei der Arbeit als auch in unserer Freizeit. Es ist schwer, sich einen modernen Menschen vorzustellen, der keinen Computer, kein Smartphone oder Tablet nutzt. Wir verbringen Stunden vor Bildschirmen, was unsere Augen stark beansprucht. Infolgedessen leiden viele Menschen unter Augenerm\u00fcdung, Kopfschmerzen, verschwommenem Sehen, trockenen und roten Augen \u2013 Symptome eines Computersyndroms. Und selbst wer nicht \u00fcber Sehprobleme klagt, leidet oft unter leichter Kurzsichtigkeit. Statistiken belegen \u00fcberzeugend: Von 10 Menschen leiden 7 an einem Computersyndrom in verschiedenen Formen.<\/p>\n<p id=\"\">\u200d<\/p>\n<p id=\"\">Die Hightech-Brillen von Whieda sind die L\u00f6sung gegen Augenerm\u00fcdung. Sie sch\u00fctzen vor ultravioletter Strahlung und hellem Licht, reduzieren die Belastung der Augen und verbessern das Sehverm\u00f6gen, selbst bei l\u00e4ngerer Arbeit am Computer. Dank der speziellen Beschichtung verf\u00e4lscht die Brille nicht die Farben und verursacht beim Tragen keine Beschwerden.<\/p>\n<p id=\"\">\u200d<\/p>\n<p id=\"\">Das Tragen einer Whieda-Brille tr\u00e4gt dazu bei, Verspannungen und Stress abzubauen, Kopfschmerzen zu beseitigen, das Sehverm\u00f6gen zu verbessern und Augenbeschwerden zu lindern. Sie sch\u00fctzen au\u00dferdem vor ultravioletter Strahlung und regen die Durchblutung der Augenpartie an, was f\u00fcr die Vorbeugung von Augenkrankheiten wichtig ist.<\/p>\n<p id=\"\">\u200d<\/p>\n<p id=\"\">Diese Brille ist in der Kinderversion erh\u00e4ltlich<\/p>\n<p id=\"\">\u200d<\/p>\n<p id=\"\">\u200d<\/p>\n","protected":false},"featured_media":295,"template":"","categories":[6,31],"class_list":["post-174","product","type-product","status-publish","has-post-thumbnail","hentry","categories-vse-tovary","categories-aksessuary"],"acf":[],"_links":{"self":[{"href":"https:\/\/mywhieda.com\/de\/wp-json\/wp\/v2\/product\/174","targetHints":{"allow":["GET"]}}],"collection":[{"href":"https:\/\/mywhieda.com\/de\/wp-json\/wp\/v2\/product"}],"about":[{"href":"https:\/\/mywhieda.com\/de\/wp-json\/wp\/v2\/types\/product"}],"wp:featuredmedia":[{"embeddable":true,"href":"https:\/\/mywhieda.com\/de\/wp-json\/wp\/v2\/media\/295"}],"wp:attachment":[{"href":"https:\/\/mywhieda.com\/de\/wp-json\/wp\/v2\/media?parent=174"}],"wp:term":[{"taxonomy":"categories","embeddable":true,"href":"https:\/\/mywhieda.com\/de\/wp-json\/wp\/v2\/categories?post=174"}],"curies":[{"name":"wp","href":"https:\/\/api.w.org\/{rel}","templated":true}]}}