{"id":175,"date":"2025-02-04T17:24:38","date_gmt":"2025-02-04T14:24:38","guid":{"rendered":"https:\/\/whieda.wtwd.ru\/product\/korrektur-einlagen\/"},"modified":"2026-01-22T18:54:57","modified_gmt":"2026-01-22T15:54:57","slug":"korrektur-einlagen","status":"publish","type":"product","link":"https:\/\/mywhieda.com\/de\/product\/korrektur-einlagen\/","title":{"rendered":"Korrektur-Einlagen"},"content":{"rendered":"<p id=\"\">Die F\u00fc\u00dfe sind das zweite Herz. Der Prozess der Blutzirkulation im gesamten K\u00f6rper h\u00e4ngt eng mit den F\u00fc\u00dfen zusammen, vom Stehen bis zum Gehen \u2013 daher die St\u00e4rke und Geschwindigkeit der Blutzirkulation. Wenn die F\u00fc\u00dfe nicht gesund sind, werden die darin befindlichen Blutgef\u00e4\u00dfe ihren Zweck nicht erf\u00fcllen, es kann zu Blutstau in den unteren Extremit\u00e4ten kommen und gesundheitliche Probleme sind vorprogrammiert.<\/p>\n<h3 id=\"\"><strong id=\"\">Was sind Korrektureinlagen?<\/strong><\/h3>\n<p id=\"\">Korrektureinlagen bedeuten die Gesundheit des Skeletts und des gesamten K\u00f6rpers. Aufgrund der Schwerkraft, Stoffwechselst\u00f6rungen, Kraftbelastungen, Druck und beruflichen Besonderheiten kommt es zu einer Kr\u00fcmmung der Wirbels\u00e4ule, was zu einer Kr\u00fcmmung des gesamten Skeletts f\u00fchrt. 80 % der Gesundheitsprobleme h\u00e4ngen irgendwie mit einer Skelettverkr\u00fcmmung zusammen. Das Skelett st\u00fctzt einerseits den gesamten K\u00f6rper, andererseits ist das R\u00fcckenmark die Basis des Zentralnervensystems. F\u00fchrt die Skelettkr\u00fcmmung zu eingeklemmten Nerven, wird die Impulsversorgung vom Gehirn zu den Organen blockiert, K\u00f6rperfunktionen und Zellfunktionen werden gest\u00f6rt und es kommt zu vielf\u00e4ltigen Schwierigkeiten.<\/p>\n<h3 id=\"\"><strong id=\"\">Produktmerkmale:<\/strong><\/h3>\n<p id=\"\">\u200d<\/p>\n<p id=\"\">Die Einlegesohlen sind so gefertigt, dass sie sich perfekt an die Fu\u00dfrundungen anpassen, den Schritt verbessern, die Gelenke normalisieren und den Druck auf Fu\u00df und Gelenke beim Gehen verringern.<\/p>\n<p id=\"\">\u200d<\/p>\n<p id=\"\">Die Einlagen sind vollst\u00e4ndig nach anatomischen Daten gefertigt und k\u00f6nnen das Gleichgewicht des K\u00f6rpers normalisieren und die negativen Auswirkungen auf das Skelett, die Knochen und die Gelenke, die durch die lebenswichtige Aktivit\u00e4t des K\u00f6rpers entstehen, deutlich reduzieren.<\/p>\n<p id=\"\">\u200d<\/p>\n<p id=\"\">Hergestellt aus Nanomaterialien. 20.000 Massagepunkte wirken aktivierend auf die Reflexzone des Fu\u00dfes.<\/p>\n<p id=\"\">\u200d<\/p>\n<p id=\"\">F\u00fcr eine tiefgreifende Heilwirkung werden Infrarotstrahlung, Magnetfelder und Anionen eingesetzt. In die R\u00fcckseite der Einlegesohlen eingebaute Magnete erzeugen ein Magnetfeld, das Gelenkschmerzen und Schwellungen reduziert und Entz\u00fcndungen reduziert. Magnete aktivieren die Blutzirkulation und verbessern die Zufuhr von Sauerstoff und N\u00e4hrstoffen zu den Zellen, was deren Erholung und Heilung beschleunigt.<\/p>\n<p id=\"\">\u200d<\/p>\n<p id=\"\">Whieda-Einlegesohlen verwenden einen Farbindikator, um den Zustand des K\u00f6rpers zu \u00fcberwachen: Ihre Farbe \u00e4ndert sich, um Ver\u00e4nderungen im K\u00f6rper und die Funktion der inneren Organe widerzuspiegeln. Im Laufe der Zeit, normalerweise \u00fcber mehrere Monate hinweg, k\u00f6nnen sie unterschiedliche Farbt\u00f6ne annehmen und auf m\u00f6gliche Gesundheitsprobleme hinweisen, wie z. B. Probleme mit den Nieren, dem Herz-Kreislauf-System, der Lunge, Erkrankungen des Magen-Darm-Trakts, Leber- und Milzprobleme. Es ist wichtig zu bedenken, dass eine Verf\u00e4rbung der Einlegesohlen keine Diagnose darstellt \u2013 es wird empfohlen, einen Arzt f\u00fcr professionelle Beratung und Diagnose aufzusuchen.<\/p>\n<p id=\"\">\u200d<\/p>\n<p id=\"\">Besonders langlebige Legierung \u2013 die Einlagen halten lange! (bis 50 Jahre alt)<\/p>\n<p id=\"\">\u200d<\/p>\n<p id=\"\">\u200d<\/p>\n","protected":false},"featured_media":276,"template":"","categories":[6,31],"class_list":["post-175","product","type-product","status-publish","has-post-thumbnail","hentry","categories-vse-tovary","categories-aksessuary"],"acf":[],"_links":{"self":[{"href":"https:\/\/mywhieda.com\/de\/wp-json\/wp\/v2\/product\/175","targetHints":{"allow":["GET"]}}],"collection":[{"href":"https:\/\/mywhieda.com\/de\/wp-json\/wp\/v2\/product"}],"about":[{"href":"https:\/\/mywhieda.com\/de\/wp-json\/wp\/v2\/types\/product"}],"wp:featuredmedia":[{"embeddable":true,"href":"https:\/\/mywhieda.com\/de\/wp-json\/wp\/v2\/media\/276"}],"wp:attachment":[{"href":"https:\/\/mywhieda.com\/de\/wp-json\/wp\/v2\/media?parent=175"}],"wp:term":[{"taxonomy":"categories","embeddable":true,"href":"https:\/\/mywhieda.com\/de\/wp-json\/wp\/v2\/categories?post=175"}],"curies":[{"name":"wp","href":"https:\/\/api.w.org\/{rel}","templated":true}]}}