{"id":180,"date":"2025-02-04T17:24:38","date_gmt":"2025-02-04T14:24:38","guid":{"rendered":"https:\/\/whieda.wtwd.ru\/product\/lingzhi-kapseln\/"},"modified":"2025-02-16T12:48:28","modified_gmt":"2025-02-16T09:48:28","slug":"lingzhi-kapseln","status":"publish","type":"product","link":"https:\/\/mywhieda.com\/de\/product\/lingzhi-kapseln\/","title":{"rendered":"Lingzhi-Kapseln"},"content":{"rendered":"<p id=\"\">Foherb Lingzhi-Kapseln verbessern die Durchblutung des Gehirns und des R\u00fcckenmarks erheblich, f\u00f6rdern eine bessere Versorgung der Nervenzellen mit Sauerstoff und N\u00e4hrstoffen, regenerieren bis zu einem gewissen Grad besch\u00e4digte Gehirnzellen, stellen die Verbindungen zwischen ihnen wieder her und beschleunigen die Informations\u00fcbertragung.<\/p>\n<p id=\"\">\u200d<\/p>\n<p id=\"\">F\u00fcr die Herstellung der Kapseln wird Lingzhi-Pulver h\u00f6chster Qualit\u00e4t verwendet, die sogenannte \u201eGeistessubstanz\u201c.<\/p>\n<p id=\"\">Bei Lingzhi wird auf das wissenschaftliche Verh\u00e4ltnis und die Kompatibilit\u00e4t der Komponenten geachtet. Fortschrittliche Produktionstechnologien. Bei der Herstellung unserer Lingzhi-Kapseln kommen modernste wissenschaftliche Methoden und Spitzentechnologien zum Einsatz, was es uns erm\u00f6glicht, die Qualit\u00e4t und Leistung aller wichtigen Bestandteile des Arzneimittels vollst\u00e4ndig aufrechtzuerhalten. Reines und nat\u00fcrliches Produkt.<\/p>\n<p id=\"\">Lingzhi-Kapseln enthalten keine k\u00fcnstlichen Zusatzstoffe, sind sicher und haben keine Kontraindikationen. Hochwertiges Lingzhi ist in der Lage, das menschliche Gehirn sehr schnell und maximal mit den notwendigen N\u00e4hrstoffkomponenten zu versorgen und die Funktionsf\u00e4higkeit des Gehirns zu steigern.<\/p>\n<p id=\"\">\u200d<\/p>\n<h3 id=\"\"><strong id=\"\">Verbindung:<\/strong><\/h3>\n<p id=\"\">\u00a0\u2022 Lingzhi-Pilz (Ganoderma lucidum)<\/p>\n<p id=\"\">\u00a0\u2022 Cordyceps sinensis (Cordyceps sinensis)<\/p>\n<p id=\"\">\u00a0\u2022 Kapselh\u00fclle aus Soja<\/p>\n<p id=\"\">\u200d<\/p>\n<h3 id=\"\"><strong id=\"\">Hauptfunktionen:<\/strong><\/h3>\n<p id=\"\">Das Medikament wird erfolgreich bei Durchblutungsst\u00f6rungen im Gehirn und R\u00fcckenmark eingesetzt, auch nach Schlaganf\u00e4llen. Durch die Einnahme dieser Kapseln wird die Stimmung deutlich verbessert und die Leistungsf\u00e4higkeit gesteigert. Das Medikament ist auch f\u00fcr Menschen n\u00fctzlich, die ihr Ged\u00e4chtnis entwickeln, ihre Intelligenz steigern, ihre Lernf\u00e4higkeit verbessern und Sprachen lernen m\u00f6chten.<\/p>\n<p id=\"\">\u200d<\/p>\n<p id=\"\">\u00a0\u2022 F\u00f6rdert Langlebigkeit, verlangsamt den Alterungsprozess, st\u00e4rkt den K\u00f6rper;<\/p>\n<p id=\"\">\u00a0\u2022 Lindert Schock und Stress, lindert M\u00fcdigkeit, verbessert den Schlaf;<\/p>\n<p id=\"\">\u00a0\u2022 Verlangsamt die Entwicklung von Tumoren, reguliert den Blutdruck, senkt den Blutzucker;<\/p>\n<p id=\"\">\u00a0\u2022 Reinigt und sch\u00fctzt die Leber, stellt die Sehkraft wieder her und st\u00e4rkt das Herz;<\/p>\n<p id=\"\">\u200d<\/p>\n<h3 id=\"\"><strong id=\"\">Gebrauchsanweisung und Dosierung:<\/strong><\/h3>\n<p id=\"\">2-3 Kapseln 1-2 mal t\u00e4glich mit viel Wasser absp\u00fclen.<\/p>\n<p id=\"\">\u200d<\/p>\n<p id=\"\"><strong id=\"\">Aufmerksamkeit:<\/strong><\/p>\n<p id=\"\">Die Dosis des Arzneimittels sollte schrittweise erh\u00f6ht werden, beginnend mit einer Kapsel pro Tag in der ersten Anwendungswoche, und bei Bedarf die Dosis um eine Kapsel pro Woche erh\u00f6hen.<\/p>\n<p id=\"\">\u200d<\/p>\n<p id=\"\"><strong id=\"\">Verpackungsstandard:\u00a0<\/strong><\/p>\n<p id=\"\">24 Kapseln \u00e0 0,62 g<\/p>\n<p id=\"\"><strong id=\"\">Haltbar bis:\u00a0<\/strong><\/p>\n<p id=\"\">24 Monate.<\/p>\n<p id=\"\"><strong id=\"\">Lagerbedingungen:<\/strong><\/p>\n<p id=\"\">An einem trockenen, dunklen und k\u00fchlen Ort.<\/p>\n<p id=\"\">\u200d<\/p>\n<p id=\"\">\u200d<\/p>\n<p id=\"\">\u200d<\/p>\n","protected":false},"featured_media":283,"template":"","categories":[6,32],"class_list":["post-180","product","type-product","status-publish","has-post-thumbnail","hentry","categories-vse-tovary","categories-dieticheskie-dobavki"],"acf":[],"_links":{"self":[{"href":"https:\/\/mywhieda.com\/de\/wp-json\/wp\/v2\/product\/180","targetHints":{"allow":["GET"]}}],"collection":[{"href":"https:\/\/mywhieda.com\/de\/wp-json\/wp\/v2\/product"}],"about":[{"href":"https:\/\/mywhieda.com\/de\/wp-json\/wp\/v2\/types\/product"}],"wp:featuredmedia":[{"embeddable":true,"href":"https:\/\/mywhieda.com\/de\/wp-json\/wp\/v2\/media\/283"}],"wp:attachment":[{"href":"https:\/\/mywhieda.com\/de\/wp-json\/wp\/v2\/media?parent=180"}],"wp:term":[{"taxonomy":"categories","embeddable":true,"href":"https:\/\/mywhieda.com\/de\/wp-json\/wp\/v2\/categories?post=180"}],"curies":[{"name":"wp","href":"https:\/\/api.w.org\/{rel}","templated":true}]}}