{"id":183,"date":"2025-02-04T17:24:38","date_gmt":"2025-02-04T14:24:38","guid":{"rendered":"https:\/\/whieda.wtwd.ru\/product\/liuwei-fohow-tee\/"},"modified":"2025-02-16T12:48:05","modified_gmt":"2025-02-16T09:48:05","slug":"liuwei-fohow-tee","status":"publish","type":"product","link":"https:\/\/mywhieda.com\/de\/product\/liuwei-fohow-tee\/","title":{"rendered":"Liuwei Fohow-Tee"},"content":{"rendered":"<p id=\"\">Chinesischer Tee Liuwei Fohow \u2013 trinken Sie hochwertigen Heiltee f\u00fcr die Gesundheit!<\/p>\n<p id=\"\">Nat\u00fcrlicher Tee aus wertvollen Kr\u00e4utern mit medizinischen Eigenschaften.<\/p>\n<p id=\"\">Liuwei Fohow-Tee wird nach alten chinesischen Rezepten hergestellt, die von Generation zu Generation weitergegeben wurden. Der Tee enth\u00e4lt sechs Heilkr\u00e4uter: dreij\u00e4hriger Pu-Erh-Tee, Astragalus, Salbei, f\u00fcnfbl\u00e4ttriger Ginseng, Chrysantheme, japanisches Gei\u00dfblatt. Experten haben das richtige Verh\u00e4ltnis aller Kr\u00e4uter ausgew\u00e4hlt. Es hat einen angenehmen, weichen und leicht s\u00fc\u00dflichen Geschmack und ein wunderbares Aroma.<\/p>\n<p id=\"\">\u200d<\/p>\n<p id=\"\"><strong id=\"\">Zutaten:<\/strong> Pu-Erh-Tee, Astragalus, Salbei, f\u00fcnfbl\u00e4ttriger Ginseng, Chrysantheme, japanisches Gei\u00dfblatt.<\/p>\n<p id=\"\">\u200d<\/p>\n<h3 id=\"\"><strong id=\"\">Luwei-Tee hat wohltuende Eigenschaften<\/strong><\/h3>\n<p id=\"\">\u200d<\/p>\n<p id=\"\">\u00a0\u2022 Pu-Erh-Tee: lindert Halsschmerzen, verbessert die Verdauung, f\u00f6rdert die Gewichtsabnahme und senkt die Blutfettwerte, entfernt Giftstoffe und sorgt f\u00fcr Linderung.<\/p>\n<p id=\"\">\u00a0\u2022 Astragalus: st\u00e4rkt das Qi, um die Hautresistenz des K\u00f6rpers zu verbessern, hat eine harntreibende Wirkung und entfernt Giftstoffe.<\/p>\n<p id=\"\">\u00a0\u2022 Salbei: beseitigt Blutstau, lindert Schwellungen und Schmerzen.<\/p>\n<p id=\"\">\u00a0\u2022 F\u00fcnfbl\u00e4ttriger Ginseng: beugt Krebs vor, senkt die Blutfettwerte, wirkt kosmetisch.<\/p>\n<p id=\"\">\u00a0\u2022 Chrysantheme: beruhigt die Leber, verbessert das Sehverm\u00f6gen, beseitigt Fieber.<\/p>\n<p id=\"\">\u00a0\u2022 Gei\u00dfblatt: lindert Hitze, entfernt Giftstoffe, k\u00fchlt das Blut und beseitigt Stagnation.<\/p>\n<p id=\"\">\u200d<\/p>\n<h3 id=\"\"><strong id=\"\">Der regelm\u00e4\u00dfige Verzehr von Liuwei-Tee wirkt sich positiv auf den menschlichen K\u00f6rper aus:<\/strong><\/h3>\n<p id=\"\">\u200d<\/p>\n<p id=\"\">\u00a0\u2022 Verbessert die Verdauung und die Durchblutung<\/p>\n<p id=\"\">\u00a0\u2022 beseitigt Blutstau<\/p>\n<p id=\"\">\u00a0\u2022 lindert Fieber<\/p>\n<p id=\"\">\u00a0\u2022 Entfernt Giftstoffe<\/p>\n<p id=\"\">\u00a0\u2022 hat eine kosmetische Wirkung<\/p>\n<p id=\"\">\u00a0\u2022 senkt den Blutdruck und die Blutfettwerte<\/p>\n<p id=\"\">\u00a0\u2022 wirkt harntreibend und mehr.<\/p>\n<p id=\"\">\u200d<\/p>\n<h3 id=\"\"><strong id=\"\">Trinken Sie Liuwei Fohow-Tee vor und nach den Mahlzeiten\u00a0<\/strong><\/h3>\n<p id=\"\">Der moderne Mensch missbraucht h\u00e4ufig kalorienreiche Lebensmittel. Wenn Sie w\u00e4hrend einer Mahlzeit \u2013 vor und nach der Mahlzeit \u2013 ein paar Schlucke Liuwei-Tee zu sich nehmen, tr\u00e4gt dies dazu bei, die vom K\u00f6rper aufgenommene Fettmenge deutlich zu reduzieren. Tee dient als Schutz vor Gef\u00e4\u00dferkrankungen des Herzens und Gehirns, Diabetes und anderen Krankheiten. Dar\u00fcber hinaus hilft Tee dem K\u00f6rper, die Verdauung und Aufnahme der Nahrung im Magen zu bew\u00e4ltigen und sch\u00fctzt vor der Bildung von Fettablagerungen im K\u00f6rper und der Entstehung von Cellulite.<\/p>\n<p id=\"\">\u200d<\/p>\n<p id=\"\">Liuwei Fohow-Tee hilft Rauchern, Halsschmerzen zu lindern und beugt chronischer Bronchitis und Atemwegserkrankungen vor.<\/p>\n<p id=\"\">\u200d<\/p>\n<p id=\"\">\u200d<\/p>\n<p id=\"\">\u200d<\/p>\n","protected":false},"featured_media":305,"template":"","categories":[6,32],"class_list":["post-183","product","type-product","status-publish","has-post-thumbnail","hentry","categories-vse-tovary","categories-dieticheskie-dobavki"],"acf":[],"_links":{"self":[{"href":"https:\/\/mywhieda.com\/de\/wp-json\/wp\/v2\/product\/183","targetHints":{"allow":["GET"]}}],"collection":[{"href":"https:\/\/mywhieda.com\/de\/wp-json\/wp\/v2\/product"}],"about":[{"href":"https:\/\/mywhieda.com\/de\/wp-json\/wp\/v2\/types\/product"}],"wp:featuredmedia":[{"embeddable":true,"href":"https:\/\/mywhieda.com\/de\/wp-json\/wp\/v2\/media\/305"}],"wp:attachment":[{"href":"https:\/\/mywhieda.com\/de\/wp-json\/wp\/v2\/media?parent=183"}],"wp:term":[{"taxonomy":"categories","embeddable":true,"href":"https:\/\/mywhieda.com\/de\/wp-json\/wp\/v2\/categories?post=183"}],"curies":[{"name":"wp","href":"https:\/\/api.w.org\/{rel}","templated":true}]}}