{"id":194,"date":"2025-02-04T17:24:38","date_gmt":"2025-02-04T14:24:38","guid":{"rendered":"https:\/\/whieda.wtwd.ru\/product\/rose-fohow-einfugen\/"},"modified":"2025-02-16T12:46:28","modified_gmt":"2025-02-16T09:46:28","slug":"rose-fohow-einfugen","status":"publish","type":"product","link":"https:\/\/mywhieda.com\/de\/product\/rose-fohow-einfugen\/","title":{"rendered":"Rose Fohow einf\u00fcgen"},"content":{"rendered":"<p id=\"\">Rose Fohow enth\u00e4lt Oligosaccharide, die durch Extraktion nat\u00fcrlicher Pflanzen gewonnen werden. Sie werden im oberen Magen-Darm-Trakt nicht abgebaut, wodurch sich n\u00fctzliche Bakterien 10-100-mal schneller vermehren und gleichzeitig das Wachstum sch\u00e4dlicher Bakterien hemmen. Das Produkt liegt in Form einer Paste vor, hat ein angenehmes Aroma und einen angenehmen Geschmack und ist f\u00fcr den t\u00e4glichen Gebrauch geeignet.<\/p>\n<p id=\"\">\u200d<\/p>\n<h3 id=\"\"><strong id=\"\">Aussage von Rose Fohow<\/strong><\/h3>\n<p id=\"\">\u200d<\/p>\n<p id=\"\">\u00a0\u2022 Wirkt hervorragend bei Vergiftungen, beseitigt effektiv Dysbiose und reinigt die Leber<\/p>\n<p id=\"\">\u00a0\u2022 Beseitigt Mundgeruch, kann als S\u00fc\u00dfungsmittel verwendet werden und verbessert das Hautbild<\/p>\n<p id=\"\">\u00a0\u2022 Lindert das \u201echronische M\u00fcdigkeitssyndrom\u201c, stellt die Darmflora wieder her und reduziert Fett<\/p>\n<p id=\"\">\u00a0\u2022 Allgemeine Reinigung aller Organe und Systeme, wirkt heilend bei Allergien, wirkt entgiftend<\/p>\n<p id=\"\">\u200d<\/p>\n<h3 id=\"\"><strong id=\"\">Merkmale von Rose Fohow<\/strong><\/h3>\n<p id=\"\">\u200d<\/p>\n<p id=\"\">\u00a01 Der in diesem Produkt enthaltene Rosenbl\u00fctenextrakt hat eine leberreinigende und allgemeine kosmetische Wirkung. Der in diesem Produkt enthaltene Bifidofaktor f\u00f6rdert das schnelle Wachstum und die Erh\u00f6hung des Gehalts an n\u00fctzlicher Mikroflora im K\u00f6rper \u2013 Bifidobakterien usw.<\/p>\n<p id=\"\">\u00a02 Hilft bei Dysbiose: Erh\u00f6ht die Menge an n\u00fctzlicher Darmflora, stabilisiert und verbessert die Funktionen des Magen-Darm-Trakts im menschlichen K\u00f6rper.<\/p>\n<p id=\"\">\u00a03 Reguliert die Sekretion von Verdauungssaft, aktiviert die Verdauung und Aufnahme im Magen-Darm-Trakt, hilft bei Durchfall.<\/p>\n<p id=\"\">\u00a04 H\u00e4lt den Darm jung.<\/p>\n<p id=\"\">\u00a05 St\u00e4rkt das Immunsystem, steigert die Synthese von Vitaminen und die Aufnahme von Mineralien durch den K\u00f6rper.<\/p>\n<p id=\"\">\u00a06 Verlangsamt die Alterung des K\u00f6rpers.<\/p>\n<p id=\"\">\u00a07 Hat eine kosmetische Wirkung.<\/p>\n<p id=\"\">\u00a08 Hat offensichtliche Auswirkungen auf Allergien und alternde Muskeln. Gem\u00e4\u00df dem Prinzip \u201eDas \u00c4u\u00dfere beeinflusst das Innere\u201c ist es in der Lage, Altersflecken aufzul\u00f6sen, den Abbau und Stoffwechsel von Melanin zu aktivieren und dem Menschen eine wei\u00dfe, elastische und gesunde Haut zu erm\u00f6glichen.<\/p>\n<p id=\"\">\u00a09 Wird zur Entfernung von Giftstoffen als Darmreinigungsmittel, bei Verstopfung, zur Gewichtsreduktion, zur Beseitigung von Mundgeruch und Schwei\u00dfgeruch verwendet.<\/p>\n<p id=\"\">10 Verhindert Fettleibigkeit.<\/p>\n<p id=\"\">\u200d<\/p>\n<p id=\"\"><strong id=\"\">Empfehlungen:<\/strong><\/p>\n<p id=\"\">Fruchtpaste \u201eRose Phoenix\u201c ist f\u00fcr alle Personengruppen ohne Einschr\u00e4nkungen geeignet. Kann f\u00fcr Lebensmittelzwecke als Zuckerersatz verwendet werden, eine regelm\u00e4\u00dfige Anwendung ist m\u00f6glich. Es ist ein erschwingliches und unverzichtbares Gesundheitsnahrungsmittel f\u00fcr \u00e4ltere Menschen und Kinder.<\/p>\n<p id=\"\">Kann direkt oral eingenommen oder aufs Brot gestrichen oder in Tee einger\u00fchrt werden.<\/p>\n<p id=\"\">\u200d<\/p>\n<p id=\"\"><strong id=\"\">Zutaten:<\/strong> Rosenbl\u00fctenextrakt, Oligosaccharide, Stachyose.<\/p>\n<p id=\"\">\u200d<\/p>\n<p id=\"\">\u200d<\/p>\n<p id=\"\">\u200d<\/p>\n","protected":false},"featured_media":292,"template":"","categories":[6,32],"class_list":["post-194","product","type-product","status-publish","has-post-thumbnail","hentry","categories-vse-tovary","categories-dieticheskie-dobavki"],"acf":[],"_links":{"self":[{"href":"https:\/\/mywhieda.com\/de\/wp-json\/wp\/v2\/product\/194","targetHints":{"allow":["GET"]}}],"collection":[{"href":"https:\/\/mywhieda.com\/de\/wp-json\/wp\/v2\/product"}],"about":[{"href":"https:\/\/mywhieda.com\/de\/wp-json\/wp\/v2\/types\/product"}],"wp:featuredmedia":[{"embeddable":true,"href":"https:\/\/mywhieda.com\/de\/wp-json\/wp\/v2\/media\/292"}],"wp:attachment":[{"href":"https:\/\/mywhieda.com\/de\/wp-json\/wp\/v2\/media?parent=194"}],"wp:term":[{"taxonomy":"categories","embeddable":true,"href":"https:\/\/mywhieda.com\/de\/wp-json\/wp\/v2\/categories?post=194"}],"curies":[{"name":"wp","href":"https:\/\/api.w.org\/{rel}","templated":true}]}}