{"id":198,"date":"2025-02-04T17:24:40","date_gmt":"2025-02-04T14:24:40","guid":{"rendered":"https:\/\/whieda.wtwd.ru\/product\/set-zur-vollstandigen-regeneration-des-korpers\/"},"modified":"2025-03-02T17:01:31","modified_gmt":"2025-03-02T14:01:31","slug":"set-zur-vollstandigen-regeneration-des-korpers","status":"publish","type":"product","link":"https:\/\/mywhieda.com\/de\/product\/set-zur-vollstandigen-regeneration-des-korpers\/","title":{"rendered":"Set zur vollst\u00e4ndigen Regeneration des K\u00f6rpers"},"content":{"rendered":"<p id=\"\">Geheimnisse der alten Weisheit: Wie chinesische Medizin zur Erhaltung der Gesundheit beitr\u00e4gt<\/p>\n<p id=\"\">\u200d<\/p>\n<p id=\"\">Die chinesische Medizin ist ein uraltes Heilsystem, das seit Jahrtausenden existiert. Es basiert auf einem tiefen Verst\u00e4ndnis dar\u00fcber, wie der menschliche K\u00f6rper funktioniert und wie er gesund gehalten werden kann. Moderne Forschungen best\u00e4tigen die Wirksamkeit der chinesischen Medizin. Akupunktur wird beispielsweise erfolgreich zur Behandlung chronischer Schmerzen, \u00dcbelkeit, Migr\u00e4ne und sogar Depressionen eingesetzt. Kr\u00e4utertees aus der chinesischen Medizin helfen, den Cholesterinspiegel zu senken, die Verdauung zu verbessern und sogar die Immunit\u00e4t zu st\u00e4rken.<\/p>\n<p id=\"\">\u200d<\/p>\n<p id=\"\">Die chinesische Medizin konzentriert sich nicht wie die westliche Medizin auf die Behandlung von Symptomen, sondern strebt vielmehr danach, das Gleichgewicht und die Harmonie im K\u00f6rper wiederherzustellen. Stellen Sie sich vor, dass in unserem K\u00f6rper ein unsichtbarer Fluss flie\u00dft \u2013 die Lebensenergie Qi. Diese Energie n\u00e4hrt alle Organe und Systeme und h\u00e4lt sie in Harmonie. Qi flie\u00dft durch spezielle Kan\u00e4le, sogenannte Meridiane. Meridiane sind wie Stra\u00dfen, auf denen sich Qi bewegt und alle Zellen unseres K\u00f6rpers mit Energie und Informationen versorgt.<\/p>\n<p id=\"\">\u200d<\/p>\n<p id=\"\">Yin und Yang sind zwei gegens\u00e4tzliche, aber komplement\u00e4re Elemente: Licht und Schatten, Tag und Nacht, Mann und Frau. In der chinesischen Medizin werden diese Gegens\u00e4tze Yin und Yang genannt. Yin ist passive, kalte, weibliche Energie, Yang ist aktive, hei\u00dfe, m\u00e4nnliche Energie. In einem gesunden K\u00f6rper sind diese beiden Energien im Gleichgewicht, doch manchmal kann einer der Pole \u00fcberwiegen und die Harmonie st\u00f6ren.<\/p>\n<p id=\"\">\u200d<\/p>\n<p id=\"\">Ein wichtiger Grundsatz der chinesischen Medizin: Krankheit ist kein Feind, den es zu bek\u00e4mpfen gilt. Krankheit ist ein Signal f\u00fcr ein Ungleichgewicht im K\u00f6rper. In der chinesischen Medizin gibt es kein Konzept von \u201eKrankheit \u2013 Dosis eines Arzneimittels\u201c. Vielmehr stehen Wellness, Pr\u00e4vention und Gesundheitserhaltung im Vordergrund.<\/p>\n<p id=\"\">\u200d<\/p>\n<p id=\"\">Stellen Sie sich vor, Sie h\u00e4tten einen Kindergarten. Wenn nicht gen\u00fcgend Wasser vorhanden ist, verdorren die Pflanzen. Damit sie wieder bl\u00fchen, m\u00fcssen Sie sie nicht nur gie\u00dfen, sondern auch g\u00fcnstige Bedingungen schaffen: Erde, Licht, W\u00e4rme. Das Gleiche gilt f\u00fcr unseren K\u00f6rper: Um die Gesundheit wiederherzustellen, m\u00fcssen Sie nicht nur das Symptom behandeln, sondern auch das Gleichgewicht von Yin und Yang wiederherstellen, den K\u00f6rper reinigen und ihn mit Lebensenergie versorgen.<\/p>\n<p id=\"\">\u200d<\/p>\n<p id=\"\"><strong id=\"\">Die Chinesische Medizin bietet einen umfassenden Ansatz:\u00a0<\/strong><\/p>\n<p id=\"\">\u200d<\/p>\n<p id=\"\"><strong id=\"\">Regulierung: <\/strong>\u00a0Zun\u00e4chst versuchen wir, die Harmonie im K\u00f6rper wiederherzustellen.<\/p>\n<p id=\"\"><strong id=\"\">Reinigung:<\/strong> \u00a0 Der n\u00e4chste Schritt besteht darin, den K\u00f6rper von Schlacken und Giftstoffen zu reinigen.<\/p>\n<p id=\"\"><strong id=\"\">Erholung:<\/strong> \u00a0 In der letzten Phase stellen wir die Energie wieder her, indem wir den K\u00f6rper n\u00e4hren und seine Abwehrkr\u00e4fte st\u00e4rken.<\/p>\n<p id=\"\">\u200d<\/p>\n<p id=\"\">Unsere Experten f\u00fcr chinesische Medizin haben f\u00fcr Sie einen Komplex zur vollst\u00e4ndigen Wiederherstellung Ihres K\u00f6rpers mit whieda-Produkten zusammengestellt. Befolgen Sie die 3 Hauptphasen der Regulierung \u2013 Reinigung \u2013 Wiederherstellung. Wir empfehlen, in jeder Phase einen Monat lang bestimmte Lebensmittel zu sich zu nehmen. Wenn Sie ernsthafte Gesundheitsprobleme oder chronische Krankheiten haben, verl\u00e4ngern Sie die Dauer jeder Phase auf 2 Monate. Lesen Sie vor der Bestellung die Kontraindikationen und konsultieren Sie gegebenenfalls Ihren Arzt.<\/p>\n<p id=\"\">Denken Sie daran, dass es in der chinesischen Medizin kein Krankheitskonzept gibt \u2013 Medizin \u2013 Dosis. \u00dcberwachen Sie Ihr Wohlbefinden und die Reaktion des K\u00f6rpers auf bestimmte Produkte. Wenn Sie beim Verzehr eines bestimmten Produkts Verbesserungen versp\u00fcren, k\u00f6nnen Sie die Anwendungsdauer verl\u00e4ngern<\/p>\n<p id=\"\">\u200d<\/p>\n<h3 id=\"\"><strong id=\"\">Dies ist ein allgemeines Schema f\u00fcr verschiedene Probleme, zur Verbesserung und Erhaltung der Gesundheit:<\/strong><\/h3>\n<h3 id=\"\">\u200d<strong id=\"\">REGULIERUNG &#8212; 1 Monat<\/strong><\/h3>\n<p id=\"\">\u200d<\/p>\n<p id=\"\"><strong id=\"\">Fohow-Elixier<\/strong><\/p>\n<p id=\"\">Elixir Fohow ist ein erstaunliches Produkt, das in seiner nat\u00fcrlichen Form alle Substanzen enth\u00e4lt, die f\u00fcr das normale Funktionieren des K\u00f6rpers notwendig sind.<\/p>\n<p id=\"\">Das Elixier hat eine starke antioxidative Wirkung, reguliert das Gleichgewicht aller Organe und Systeme des K\u00f6rpers, wird h\u00e4ufig als starkes Vorbeugungsmittel sowie bei chronischen Krankheiten eingesetzt., Goji-Beeren und andere Bestandteile.<\/p>\n<p id=\"\"><strong id=\"\">Lingzhi-Kapseln\u00a0<\/strong><\/p>\n<p id=\"\">Foherb Lingzhi-Kapseln verbessern die Durchblutung des Gehirns und des R\u00fcckenmarks erheblich, f\u00f6rdern eine bessere Versorgung der Nervenzellen mit Sauerstoff und N\u00e4hrstoffen, regenerieren bis zu einem gewissen Grad besch\u00e4digte Gehirnzellen, stellen die Verbindungen zwischen ihnen wieder her und beschleunigen die Informations\u00fcbertragung <strong id=\"\">.\u00a0<\/strong><\/p>\n<p id=\"\">\u200d<\/p>\n<p id=\"\"><strong id=\"\">Nudelrose\u00a0<\/strong><\/p>\n<p id=\"\"><strong id=\"\">\u00a0<\/strong>\u2022 Wirkt hervorragend bei Vergiftungen, beseitigt effektiv Dysbiose und reinigt die Leber<\/p>\n<p id=\"\">\u00a0\u2022 Beseitigt Mundgeruch, kann als S\u00fc\u00dfungsmittel verwendet werden und verbessert das Hautbild<\/p>\n<p id=\"\">\u00a0\u2022 Lindert das \u201echronische M\u00fcdigkeitssyndrom\u201c, stellt die Darmflora wieder her und reduziert Fett<\/p>\n<p id=\"\">\u00a0\u2022 Allgemeine Reinigung aller Organe und Systeme, wirkt heilend bei Allergien, wirkt entgiftend<\/p>\n<p id=\"\">\u200d<\/p>\n<p id=\"\"><strong id=\"\">Tee Liu Wei\u00a0<\/strong><\/p>\n<p id=\"\">Nat\u00fcrlicher Tee aus wertvollen Kr\u00e4utern mit medizinischen Eigenschaften.<\/p>\n<p id=\"\">Liuwei Fohow-Tee wird nach alten chinesischen Rezepten hergestellt, die von Generation zu Generation weitergegeben wurden.<\/p>\n<p id=\"\">\u200d<\/p>\n<h3 id=\"\"><strong id=\"\">REINIGUNG &#8212; 1 Monat<\/strong><\/h3>\n<p id=\"\">\u200d<\/p>\n<p id=\"\"><strong id=\"\">Sanqin-Elixier<\/strong><\/p>\n<p id=\"\">Das Elixier \u201eSanqing Phoenix\u201c ist ein wirksames Produkt der Purification-Serie in China. Ein Naturprodukt, das den K\u00f6rper effektiv reinigt, ohne ihn zu belasten.<\/p>\n<p id=\"\">Das reinigt den Darm, reinigt Giftstoffe, befreit das Blut von Fetten, Leichtigkeit im K\u00f6rper!<\/p>\n<p id=\"\">\u200d<\/p>\n<p id=\"\"><strong id=\"\">Xiuchenfu-Kapseln\u00a0<\/strong><\/p>\n<p id=\"\">Ein absolut nat\u00fcrliches Naturprodukt \u2013 ein Gef\u00e4\u00dfreiniger.<\/p>\n<p id=\"\">Xueqingfu-Kapseln sind der Schl\u00fcssel zu sauberen und gesunden Blutgef\u00e4\u00dfen. Das Produkt beugt Erkrankungen des Herz-Kreislauf-Systems vor und steigert die Vitalit\u00e4t. Seine Verwendung f\u00f6rdert die wirksame Resorption von Blutgerinnseln, reinigt das Blut von Giftstoffen und erh\u00e4lt die normale Kapillarfunktion aufrecht.<\/p>\n<p id=\"\">\u200d<\/p>\n<p id=\"\"><strong id=\"\">Nudelrose\u00a0<\/strong><\/p>\n<p id=\"\"><strong id=\"\">Tee Liu Wei\u00a0<\/strong><\/p>\n<p id=\"\">\u200d<\/p>\n<h3 id=\"\"><strong id=\"\">ERHOLUNG &#8212; 1 Monat<\/strong><\/h3>\n<p id=\"\">\u200d<strong id=\"\">3 Juwelen Elixier<\/strong><\/p>\n<p id=\"\">Elixir 3 Jewels of Fohou wird aus einem Konzentrat des Fohou-Elixiers unter Zusatz von Extrakt aus schwarzen Ameisen hergestellt, das mit fortschrittlichen technologischen Mitteln gereinigt wird.<\/p>\n<p id=\"\">Empfohlen f\u00fcr Menschen mit Rheuma, rheumatoiden Erkrankungen, Patienten und Tr\u00e4ger von Hepatitis B, Diabetespatienten, Krebspatienten, die sich einer Strahlen- und Chemotherapie unterziehen, Menschen mit schlechtem Gesundheitszustand und h\u00e4ufig erkrankte Menschen.<\/p>\n<p id=\"\">\u200d<\/p>\n<p id=\"\"><strong id=\"\">Peptide<\/strong><\/p>\n<p id=\"\">\u200d<\/p>\n<p id=\"\">Peptide sind die Bausteine \u200b\u200baller Zellen des menschlichen K\u00f6rpers. Peptide beeinflussen verschiedene Bereiche des menschlichen K\u00f6rpers: Hormone, Zentralnervensystem, Sexualfunktion, Zellregeneration und -wachstum, steuern die physiologische Funktion von Organen und Zellen.<\/p>\n<p id=\"\">\u200d<\/p>\n<p id=\"\"><strong id=\"\">Nudelrose\u00a0<\/strong><\/p>\n<p id=\"\"><strong id=\"\">Tee Liu Wei\u00a0<\/strong><\/p>\n<p id=\"\">\u200d<\/p>\n<p id=\"\"><strong id=\"\">Um die Gesundheit zu erhalten und Krankheiten vorzubeugen, anstatt sie zu behandeln, empfehlen wir, diese Kur bis zu zweimal im Jahr zu wiederholen.\u00a0<\/strong><\/p>\n<p id=\"\">\u200d<\/p>\n<p id=\"\">\u200d<\/p>\n<p id=\"\">\u200d<\/p>\n","protected":false},"featured_media":273,"template":"","categories":[6,7],"class_list":["post-198","product","type-product","status-publish","has-post-thumbnail","hentry","categories-vse-tovary","categories-nabory"],"acf":[],"_links":{"self":[{"href":"https:\/\/mywhieda.com\/de\/wp-json\/wp\/v2\/product\/198","targetHints":{"allow":["GET"]}}],"collection":[{"href":"https:\/\/mywhieda.com\/de\/wp-json\/wp\/v2\/product"}],"about":[{"href":"https:\/\/mywhieda.com\/de\/wp-json\/wp\/v2\/types\/product"}],"wp:featuredmedia":[{"embeddable":true,"href":"https:\/\/mywhieda.com\/de\/wp-json\/wp\/v2\/media\/273"}],"wp:attachment":[{"href":"https:\/\/mywhieda.com\/de\/wp-json\/wp\/v2\/media?parent=198"}],"wp:term":[{"taxonomy":"categories","embeddable":true,"href":"https:\/\/mywhieda.com\/de\/wp-json\/wp\/v2\/categories?post=198"}],"curies":[{"name":"wp","href":"https:\/\/api.w.org\/{rel}","templated":true}]}}