{"id":200,"date":"2025-02-04T17:24:40","date_gmt":"2025-02-04T14:24:40","guid":{"rendered":"https:\/\/whieda.wtwd.ru\/product\/socken-mit-graphen\/"},"modified":"2025-09-14T14:36:26","modified_gmt":"2025-09-14T11:36:26","slug":"socken-mit-graphen","status":"publish","type":"product","link":"https:\/\/mywhieda.com\/de\/product\/socken-mit-graphen\/","title":{"rendered":"Socken mit Graphen"},"content":{"rendered":"<p data-start=\"71\" data-end=\"591\">Die Health Priority Graphene Socken bestehen aus langfaseriger Baumwolle, die in der Xinjiang-Region Chinas angebaut wird, mit der Zugabe von Graphen, das negativ geladene Ionen erzeugt, und einem speziellen Faden mit Infrarotstrahlung. Diese Socken halten die W\u00e4rme effektiv, beseitigen unangenehme Ger\u00fcche, hemmen das Bakterienwachstum, f\u00f6rdern die Blutzirkulation und sch\u00fctzen die Haut. Die Akupressur-Massage und das spezielle Weben der F\u00e4den helfen, Erm\u00fcdung der F\u00fc\u00dfe zu lindern und die Fu\u00dfgesundheit zu verbessern.<\/p>\n<p data-start=\"593\" data-end=\"840\"><strong data-start=\"593\" data-end=\"621\">Negative Ionen-Umgebung:<\/strong> Die Socken schaffen eine Umgebung, die mit negativen Ionen angereichert ist, die das Bakterienwachstum effektiv unterdr\u00fccken, Pilzinfektionen verhindern und einen deodorierenden Effekt bieten, der Fu\u00dfger\u00fcche beseitigt.<\/p>\n<p data-start=\"842\" data-end=\"1203\"><strong data-start=\"842\" data-end=\"870\">Zehen- und Fersendesign:<\/strong> Die Zehen- und Fersenpartie besteht aus einer Mischung aus langfaseriger Baumwolle und speziellen F\u00e4den mit Graphen und Infrarotstrahlung. Diese Kombination verbessert die thermische Isolierung und Atmungsaktivit\u00e4t des Gewebes und bewahrt die Infrarotstrahlung sowie die F\u00e4higkeit, Anionen auch nach mehrfachen W\u00e4schen freizusetzen.<\/p>\n<p data-start=\"1205\" data-end=\"1453\"><strong data-start=\"1205\" data-end=\"1226\">Akupressureffekt:<\/strong> Das spezielle Weben wirkt auf den Akupressurpunkt Yongquan (die Fu\u00dfsohle) w\u00e4hrend des Gehens. Diese sanfte Massage regt die Blutzirkulation in den F\u00fc\u00dfen und unteren Gliedma\u00dfen an und lindert gleichzeitig die Erm\u00fcdung der F\u00fc\u00dfe.<\/p>\n<p data-start=\"1455\" data-end=\"1566\"><strong data-start=\"1455\" data-end=\"1488\">Druck zur Erm\u00fcdungslinderung:<\/strong> Leichter Druck hilft, Erm\u00fcdung nach l\u00e4ngeren Geh- oder Stehzeiten zu lindern.<\/p>\n<p data-start=\"1568\" data-end=\"1724\"><strong data-start=\"1568\" data-end=\"1589\">Rutschfestigkeit:<\/strong> Das spezielle Weben im Zehenbereich, kombiniert mit hochwertigem Elasthan, verhindert das Abrutschen und das Zusammendr\u00fccken der F\u00fc\u00dfe.<\/p>\n<p data-start=\"1726\" data-end=\"1945\"><strong data-start=\"1726\" data-end=\"1752\">Hochwertige Baumwolle:<\/strong> Die Baumwolle aus Xinjiang hilft, W\u00e4rme zu speichern, w\u00e4hrend sie gleichzeitig atmungsaktiv ist und sanft zur Haut bleibt. Sie ist sowohl gesundheitlich als auch umweltfreundlich unbedenklich.<\/p>\n<h3 data-start=\"1947\" data-end=\"1977\"><\/h3>\n<p data-start=\"1947\" data-end=\"1977\"><strong data-start=\"1951\" data-end=\"1977\">5 Gesundheitsvorteile:<\/strong><\/p>\n<ul data-start=\"1978\" data-end=\"2136\">\n<li data-start=\"1978\" data-end=\"1997\">\n<p data-start=\"1980\" data-end=\"1997\">Infrarot-Therapie<\/p>\n<\/li>\n<li data-start=\"1998\" data-end=\"2014\">\n<p data-start=\"2000\" data-end=\"2014\">Negative Ionen<\/p>\n<\/li>\n<li data-start=\"2015\" data-end=\"2058\">\n<p data-start=\"2017\" data-end=\"2058\">Antibakterielle und deodorierende Wirkung<\/p>\n<\/li>\n<li data-start=\"2059\" data-end=\"2088\">\n<p data-start=\"2061\" data-end=\"2088\">Verbesserte Blutzirkulation<\/p>\n<\/li>\n<li data-start=\"2089\" data-end=\"2136\">\n<p data-start=\"2091\" data-end=\"2136\">Akupressureffekte auf Fu\u00dfpunkte und Meridiane<\/p>\n<\/li>\n<\/ul>\n<p data-start=\"2138\" data-end=\"2351\"><strong data-start=\"2138\" data-end=\"2159\">Qualit\u00e4tsgarantie<\/strong><br data-start=\"2159\" data-end=\"2162\" \/>Jedes Paar unserer Socken erf\u00fcllt den Textilsicherheitsstandard GB 18401-2010 (Klasse B) und den Industrienormstandard FZ\/T 73001-2016. Wir garantieren Sicherheit und zuverl\u00e4ssige Qualit\u00e4t.<\/p>\n<p data-start=\"2353\" data-end=\"2645\"><strong data-start=\"2353\" data-end=\"2364\">Farben:<\/strong> Schwarz, Grau<br data-start=\"2378\" data-end=\"2381\" \/><strong data-start=\"2381\" data-end=\"2392\">Gr\u00f6\u00dfen:<\/strong> 23-25 cm (Gr\u00f6\u00dfe 36-40), 25-27 cm (Gr\u00f6\u00dfe 40-44)<br data-start=\"2439\" data-end=\"2442\" \/><strong data-start=\"2442\" data-end=\"2457\">Verpackung:<\/strong> 5 Paare (3 Paar schwarz, 2 Paar grau)<\/p>\n<p data-start=\"2353\" data-end=\"2645\"><strong data-start=\"2498\" data-end=\"2518\">Zusammensetzung:<\/strong><br data-start=\"2518\" data-end=\"2521\" \/>Schwarze Socken: 80,2 % Baumwolle, 17,4 % Nylon, 2,4 % Elasthan<br data-start=\"2584\" data-end=\"2587\" \/>Graue Socken: 80,7 % Baumwolle, 17 % Nylon, 2,3 % Elasthan<\/p>\n<p data-start=\"2647\" data-end=\"2668\"><strong data-start=\"2647\" data-end=\"2666\">Pflegehinweise:<\/strong><\/p>\n<ul data-start=\"2669\" data-end=\"2772\" data-is-last-node=\"\" data-is-only-node=\"\">\n<li data-start=\"2669\" data-end=\"2683\">\n<p data-start=\"2671\" data-end=\"2683\">Handw\u00e4sche<\/p>\n<\/li>\n<li data-start=\"2684\" data-end=\"2705\">\n<p data-start=\"2686\" data-end=\"2705\">Vertikal trocknen<\/p>\n<\/li>\n<li data-start=\"2706\" data-end=\"2724\">\n<p data-start=\"2708\" data-end=\"2724\">Nicht bleichen<\/p>\n<\/li>\n<li data-start=\"2725\" data-end=\"2741\">\n<p data-start=\"2727\" data-end=\"2741\">Nicht b\u00fcgeln<\/p>\n<\/li>\n<li data-start=\"2742\" data-end=\"2772\" data-is-last-node=\"\">\n<p data-start=\"2744\" data-end=\"2772\" data-is-last-node=\"\">Chemische Reinigung verboten<\/p>\n<\/li>\n<\/ul>\n","protected":false},"featured_media":1250,"template":"","categories":[6,31],"class_list":["post-200","product","type-product","status-publish","has-post-thumbnail","hentry","categories-vse-tovary","categories-aksessuary"],"acf":[],"_links":{"self":[{"href":"https:\/\/mywhieda.com\/de\/wp-json\/wp\/v2\/product\/200","targetHints":{"allow":["GET"]}}],"collection":[{"href":"https:\/\/mywhieda.com\/de\/wp-json\/wp\/v2\/product"}],"about":[{"href":"https:\/\/mywhieda.com\/de\/wp-json\/wp\/v2\/types\/product"}],"wp:featuredmedia":[{"embeddable":true,"href":"https:\/\/mywhieda.com\/de\/wp-json\/wp\/v2\/media\/1250"}],"wp:attachment":[{"href":"https:\/\/mywhieda.com\/de\/wp-json\/wp\/v2\/media?parent=200"}],"wp:term":[{"taxonomy":"categories","embeddable":true,"href":"https:\/\/mywhieda.com\/de\/wp-json\/wp\/v2\/categories?post=200"}],"curies":[{"name":"wp","href":"https:\/\/api.w.org\/{rel}","templated":true}]}}