{"id":201,"date":"2025-02-04T17:24:40","date_gmt":"2025-02-04T14:24:40","guid":{"rendered":"https:\/\/whieda.wtwd.ru\/product\/sojapeptid-mit-niedrigem-molekulargewicht\/"},"modified":"2025-11-27T22:02:38","modified_gmt":"2025-11-27T19:02:38","slug":"sojapeptid-mit-niedrigem-molekulargewicht","status":"publish","type":"product","link":"https:\/\/mywhieda.com\/de\/product\/sojapeptid-mit-niedrigem-molekulargewicht\/","title":{"rendered":"Sojapeptid mit niedrigem Molekulargewicht"},"content":{"rendered":"<p id=\"\">Peptide (auch Proteine \u200b\u200bgenannt) sind das Hauptbaumaterial aller Zellen in unserem K\u00f6rper. Aus diesem Grund muss jeder regelm\u00e4\u00dfig Peptide zu sich nehmen.<\/p>\n<h3 id=\"\"><strong id=\"\">Was ist ein Sojapeptid mit niedrigem Molekulargewicht?<\/strong><\/h3>\n<p id=\"\">\u200dPeptide sind die Bausteine \u200b\u200baller Zellen des menschlichen K\u00f6rpers. Peptide beeinflussen verschiedene Bereiche des menschlichen K\u00f6rpers: Hormone, Zentralnervensystem, Sexualfunktion, Zellregeneration und -wachstum, steuern die physiologische Funktion von Organen und Zellen.<\/p>\n<p id=\"\">W\u00e4hrend des Verdauungsprozesses kommt es zum gro\u00dfmolekularen Abbau und zur Freisetzung von Proteinen. Einige der gro\u00dfen Molek\u00fclpartikel zerfallen in Aminos\u00e4uren; die Aminos\u00e4ure in der Leber synthetisiert Peptide, die in den menschlichen K\u00f6rper gelangen. Nach dem Eintritt in den menschlichen K\u00f6rper m\u00fcssen bioaktive Peptide mit niedrigem Molekulargewicht nicht verdaut werden; sie werden direkt von der Zelle aufgenommen.<\/p>\n<h3 id=\"\"><strong id=\"\">Wof\u00fcr wird Sojapeptid mit niedrigem Molekulargewicht verwendet?<\/strong><\/h3>\n<p id=\"\">\u200dSojapeptid mit niedrigem Molekulargewicht meistert viele Aufgaben gut: st\u00e4rkt das Immunsystem, hilft bei der Korrektur von \u00dcbergewicht, steigert oder verringert den Appetit, hilft bei der Bek\u00e4mpfung von M\u00fcdigkeit und chronischer M\u00fcdigkeit, hilft bei der Genesung von einer schweren Krankheit und steigert die Vitalit\u00e4t.<\/p>\n<p id=\"\">\u200d<\/p>\n<p id=\"\">\u200d<\/p>\n<p id=\"\">\u200d<\/p>\n","protected":false},"featured_media":306,"template":"","categories":[6,32],"class_list":["post-201","product","type-product","status-publish","has-post-thumbnail","hentry","categories-vse-tovary","categories-dieticheskie-dobavki"],"acf":[],"_links":{"self":[{"href":"https:\/\/mywhieda.com\/de\/wp-json\/wp\/v2\/product\/201","targetHints":{"allow":["GET"]}}],"collection":[{"href":"https:\/\/mywhieda.com\/de\/wp-json\/wp\/v2\/product"}],"about":[{"href":"https:\/\/mywhieda.com\/de\/wp-json\/wp\/v2\/types\/product"}],"wp:featuredmedia":[{"embeddable":true,"href":"https:\/\/mywhieda.com\/de\/wp-json\/wp\/v2\/media\/306"}],"wp:attachment":[{"href":"https:\/\/mywhieda.com\/de\/wp-json\/wp\/v2\/media?parent=201"}],"wp:term":[{"taxonomy":"categories","embeddable":true,"href":"https:\/\/mywhieda.com\/de\/wp-json\/wp\/v2\/categories?post=201"}],"curies":[{"name":"wp","href":"https:\/\/api.w.org\/{rel}","templated":true}]}}