{"id":203,"date":"2025-02-04T17:24:40","date_gmt":"2025-02-04T14:24:40","guid":{"rendered":"https:\/\/whieda.wtwd.ru\/product\/stellen-sie-alles-fur-die-gesundheit-von-frauen-ein\/"},"modified":"2025-03-02T17:02:15","modified_gmt":"2025-03-02T14:02:15","slug":"stellen-sie-alles-fur-die-gesundheit-von-frauen-ein","status":"publish","type":"product","link":"https:\/\/mywhieda.com\/de\/product\/stellen-sie-alles-fur-die-gesundheit-von-frauen-ein\/","title":{"rendered":"Stellen Sie alles f\u00fcr die Gesundheit von Frauen ein"},"content":{"rendered":"<p id=\"\">Ihre Gesundheit ist der Schl\u00fcssel zu Sch\u00f6nheit und Energie: Warum es wichtig ist, auf die Gesundheit von Frauen zu achten<\/p>\n<p id=\"\">\u200d<\/p>\n<p id=\"\">Wir Frauen sind es gewohnt, stark zu sein, Multitasking zu betreiben und uns nicht \u00fcber M\u00fcdigkeit zu beschweren. Was aber, wenn st\u00e4ndige M\u00fcdigkeit, Ged\u00e4chtnis- und Konzentrationsprobleme, h\u00e4ufige Erk\u00e4ltungen, Gelenkschmerzen oder Verdauungsprobleme nicht nur \u201eweibliche\u201c Kleinigkeiten, sondern Signale f\u00fcr ein Ungleichgewicht im K\u00f6rper sind?<\/p>\n<p id=\"\">\u200d<\/p>\n<p id=\"\">Die westliche Medizin konzentriert sich traditionell auf die Behandlung von Symptomen, die chinesische Medizin bietet jedoch einen anderen Ansatz. Sie ist bestrebt, Harmonie und Gleichgewicht im K\u00f6rper wiederherzustellen, denn Krankheit ist kein Feind, sondern ein Signal f\u00fcr die Notwendigkeit, auf sich selbst zu achten.<\/p>\n<p id=\"\">\u200d<\/p>\n<h3 id=\"\"><strong id=\"\">Welche Symptome k\u00f6nnen auf Probleme mit der Gesundheit von Frauen hinweisen?<\/strong><\/h3>\n<p id=\"\">\u200d<\/p>\n<p id=\"\">* St\u00e4ndige M\u00fcdigkeit: Chronisches M\u00fcdigkeitssyndrom, Energiemangel auch nach ausreichender Ruhe.<\/p>\n<p id=\"\">* Beeintr\u00e4chtigtes Ged\u00e4chtnis und Konzentration: Schwierigkeiten, sich Informationen zu merken, Geistesabwesenheit.<\/p>\n<p id=\"\">* Chronische Pharyngitis: tiefere Stimme, trockener Hals, schwache Stimmb\u00e4nder, vergr\u00f6\u00dferte Halslymphknoten.<\/p>\n<p id=\"\">* Muskel- und Gelenkschmerzen: chronische Schmerzen, Bewegungssteifheit.<\/p>\n<p id=\"\">* Kopfschmerzen: h\u00e4ufige Kopfschmerzen, Migr\u00e4ne.<\/p>\n<p id=\"\">* Unerholsamer Schlaf: Probleme beim Einschlafen, h\u00e4ufiges Aufwachen, M\u00fcdigkeit nach dem Schlafen.<\/p>\n<p id=\"\">* Beschwerden bei k\u00f6rperlicher Aktivit\u00e4t: M\u00fcdigkeit, Atemnot.<\/p>\n<p id=\"\">* Tinnitus: st\u00e4ndiger oder intermittierender L\u00e4rm, Ohrensausen.<\/p>\n<p id=\"\">* St\u00e4ndig laufende Nase: chronischer Schnupfen, verstopfte Nase.<\/p>\n<p id=\"\">* Blutdruckprobleme: Bluthochdruck, Hypotonie.<\/p>\n<p id=\"\">* Schmerzen w\u00e4hrend der Menstruation: starke Schmerzen, Kr\u00e4mpfe, unregelm\u00e4\u00dfiger Zyklus.<\/p>\n<p id=\"\">* Gyn\u00e4kologische Probleme: entz\u00fcndliche Prozesse, hormonelles Ungleichgewicht.<\/p>\n<p id=\"\">* H\u00e4ufige Erk\u00e4ltungen: schwache Immunit\u00e4t, h\u00e4ufige ARVI.<\/p>\n<p id=\"\">* Schwache Immunit\u00e4t: erh\u00f6hte Anf\u00e4lligkeit f\u00fcr Infektionen.<\/p>\n<p id=\"\">* Bl\u00e4hungen: Bl\u00e4hungen, Bauchbeschwerden.<\/p>\n<p id=\"\">* Verdauungsprobleme: Verstopfung, Durchfall, Sodbrennen.<\/p>\n<p id=\"\">* Magenprobleme: Gastritis, Geschw\u00fcre.<\/p>\n<p id=\"\">\u200d<\/p>\n<p id=\"\">Denken Sie daran, dass jedes Symptom ein Signal daf\u00fcr ist, dass im K\u00f6rper etwas nicht stimmt und korrigiert werden muss.<\/p>\n<p id=\"\">\u200d<\/p>\n<p id=\"\">Anstelle der \u201eBehandlung von Krankheiten\u201c strebt die chinesische Medizin nach Heilung, Vorbeugung und Erhaltung der Gesundheit. Es hilft, die Harmonie im K\u00f6rper wiederherzustellen und Sie wieder jung, sch\u00f6n und voller Energie zu machen.<\/p>\n<p id=\"\">\u200d<\/p>\n<p id=\"\">Deshalb empfehlen wir, auf die Auswahl der WHIEDA-Produkte f\u00fcr die Gesundheit von Frauen zu achten. Darin finden Sie alles, was Sie brauchen, um das Immunsystem zu st\u00e4rken, die Funktion des Magen-Darm-Trakts zu verbessern, das weibliche Fortpflanzungssystem zu unterst\u00fctzen und die Harmonie im K\u00f6rper wiederherzustellen.<\/p>\n<p id=\"\">\u200d<\/p>\n<p id=\"\">Passen Sie heute auf sich auf, damit Sie morgen das Leben genie\u00dfen k\u00f6nnen!<\/p>\n<p id=\"\">\u200d<\/p>\n<h3 id=\"\"><strong id=\"\">Anion+ Anionenpads<\/strong><\/h3>\n<p id=\"\">\u200d<\/p>\n<p id=\"\">\u00a0Anion+ Anionen-Pads bringen nicht nur Komfort f\u00fcr Frauen, sondern beugen auch der Entstehung verschiedener gyn\u00e4kologischer Erkrankungen vor!<\/p>\n<p id=\"\">Die Anionen-Abstandshalter verwenden einen speziellen Anionen-Magnetprozessor, dessen Technologie bis zu drei Patente erhalten hat. Es enth\u00e4lt Bambusfasern.<\/p>\n<p id=\"\">Die Menstruationsfl\u00fcssigkeit von Frauen enth\u00e4lt gro\u00dfe Mengen anaerober Bakterien. Anionen absorbieren durch die Bildung von freiem Sauerstoff anaerobe Bakterien und beseitigen so die Bedingungen f\u00fcr ihr Leben und ihre Fortpflanzung.<\/p>\n<p id=\"\">Der magnetische Anionenprozessor tr\u00e4gt zur Wiederherstellung des biomagnetischen Gleichgewichts im K\u00f6rper bei, verbessert die Durchblutung, lindert Entz\u00fcndungen und Schmerzen, st\u00e4rkt die Immunit\u00e4t und wirkt sich auch positiv auf Nervenzellen aus, wodurch der emotionale Zustand einer Frau an ihren kritischen Tagen verbessert wird.<\/p>\n<p id=\"\">Bambusfasern haben Eigenschaften wie die Linderung von Entz\u00fcndungen, die Entfernung \u00fcbersch\u00fcssiger Feuchtigkeit und die Beseitigung unangenehmer Ger\u00fcche.<\/p>\n<p id=\"\">Anionendichtungen halten im Gegensatz zu anderen Dichtungen nicht nur Wasser zur\u00fcck, sondern lassen auch Luft durch und verhindern so die Ausbreitung pathogener Bakterien.<\/p>\n<p id=\"\">Der in der Beschichtung des Anionen-Abstandshalters enthaltene Stoff wurde f\u00fcr die Erfindung patentiert. Es ist umweltfreundlich und belastet die Umwelt nicht, da es sich innerhalb von 1-2 Jahren vollst\u00e4ndig zersetzt.<\/p>\n<p id=\"\">Der Menstruationsausfluss einer Frau beginnt innerhalb von 18 Minuten nach dem Ausfluss sch\u00e4dliche Bakterien zu produzieren. Nun, wir k\u00f6nnen die Pads nicht alle 18 Minuten wechseln. Und wenn die Dichtung keine Luft durchl\u00e4sst, kann es zu einer gro\u00dfen Ansammlung dieser sch\u00e4dlichen Bakterien kommen, die letztendlich zu verschiedenen Krankheiten bis hin zu Unfruchtbarkeit f\u00fchren.<\/p>\n<p id=\"\">Anionen-Pads sorgen f\u00fcr 12 Stunden ununterbrochenes Tragen, wobei es zu keiner Ausbreitung von Bakterien kommt.<\/p>\n<p id=\"\">Anion+ Anionenpads enthalten au\u00dferdem einen magnetischen Prozessor mit Silberionen, der Bambusfasern enth\u00e4lt. Die weiche Oberfl\u00e4che des Pads steht in engem Kontakt mit den weiblichen Geschlechtsorganen, bildet eine Schutzschicht, hat eine heilende Wirkung auf die Fortpflanzungsorgane und zerst\u00f6rt pathogene Bakterien.<\/p>\n<p id=\"\">\u200d<\/p>\n<h3 id=\"\"><strong id=\"\">Antibakterielles Gel<\/strong><\/h3>\n<p id=\"\">\u200d<\/p>\n<p id=\"\">Antibakterielles Gel besteht aus nat\u00fcrlichen Pflanzenextrakten mit antibakterieller Wirkung und nat\u00fcrlichen bioaktiven Komponenten. Es wirkt nicht nur desinfizierend und spermizid, sondern bietet auch vorbeugende Pflege und Schutz. Eigenschaften Das Shanghai Microbiological Laboratory f\u00fchrte spezielle Tests durch, bei denen wissenschaftlich nachgewiesen wurde, dass das antibakterielle Gel das Humane Immundefizienzvirus (HIV 1) zu 99,53 % zerst\u00f6rt. Das Gel hat eine einzigartige Zusammensetzung auf nat\u00fcrlicher und pflanzlicher Basis. Dank seiner praktischen konischen Form ist das Gel einfach und unkompliziert anzuwenden und hat eine direkte Wirkung.<\/p>\n<p id=\"\">Antibakterielles Gel ist:<\/p>\n<p id=\"\">1. Vorbeugung und Behandlung von Krankheiten wie bakterieller Vaginose, Pilzkolpitis, Trichomonas-Vaginitis, Geb\u00e4rmutterhalserosion, altersbedingter Kolpitis, Adnexitis und verschiedenen anderen entz\u00fcndlichen Erkrankungen der Beckenorgane; wirksam bei Chloasma, Uterusmyomen, Polypen und Zysten verschiedener Lokalisationen.<\/p>\n<p id=\"\">2. Vaginaler und genitaler Juckreiz.<\/p>\n<p id=\"\">3. Befeuchtung, Ern\u00e4hrung und Wiederherstellung der nat\u00fcrlichen Umgebung, umfassende Pflege f\u00fcr die Intimgesundheit einer Frau.<\/p>\n<p id=\"\">4. Sichere Empf\u00e4ngnisverh\u00fctung.<\/p>\n<p id=\"\">\u200d<\/p>\n<h3 id=\"\"><strong id=\"\">Verj\u00fcngendes Spray mit Lifting-Effekt<\/strong>\u200d<\/h3>\n<p id=\"\">Das Thema Verj\u00fcngung stellt sich fr\u00fcher oder sp\u00e4ter vor jeder Frau. Das Angebot an Anti-Aging-Produkten ist sehr breit gef\u00e4chert, sodass die Auswahl der richtigen Behandlungsoption nicht einfach ist. Wenn Sie sich f\u00fcr YOUTHFULNESS FREEZE SPRAY entscheiden, werden Sie auf jeden Fall zufrieden sein. Das moderne Mittel wirkt nicht schlechter als das legend\u00e4re Botox, schadet aber gleichzeitig der Haut nicht und verursacht nach Ende der Kur keine starke Verschlechterung. Innerhalb weniger Wochen verschwinden Falten und die Haut wird gestrafft und elastisch. Hohe Effizienz zu einem erschwinglichen Preis unterscheidet das neue Produkt von seinen Analoga, die wahrscheinlich nicht gleich gute Ergebnisse liefern werden.<\/p>\n<p id=\"\">Der Wunsch vieler Frauen ist es, der Haut ihre Elastizit\u00e4t zur\u00fcckzugeben und sie mit Feuchtigkeit zu versorgen, doch Cremes helfen nicht immer dabei, den gew\u00fcnschten Effekt zu erzielen. Es gibt einen effektiveren Weg \u2013 verwenden Sie das Anti-Aging-Cremespray YOUTHFULNESS FREEZE SPRAY. Es beschleunigt das Wachstum durch die Sekretion von Kollagen und Elastin.<\/p>\n<p id=\"\">\u200d<\/p>\n<h3 id=\"\"><strong id=\"\">Zellaktivator<\/strong><\/h3>\n<p id=\"\">\u200d<\/p>\n<p id=\"\">Es aktiviert ruhende Zellen, stellt besch\u00e4digte Zellen wieder her, zerst\u00f6rt freie Radikale, stimuliert die Selbstheilung des K\u00f6rpers, erh\u00f6ht den Gesamttonus, beugt dem Auftreten von Krankheiten vor und reinigt schnell Meridiane und Lymphe. Es kommt gut mit Hautausschl\u00e4gen, Papillomen und Psoriasis zurecht, verhindert das Auftreten von Falten, verl\u00e4ngert die Jugend, aktiviert das Wachstum neuer Haare, gibt dem Haar Pigmente zur\u00fcck und hilft, Schwellungen zu beseitigen. Eine Behandlung mit dem Aktivator, die eine halbe Stunde dauert, hat die gleiche Wirkung wie 10 Akupunkturbehandlungen, 20 Behandlungen mit Vakuumbechern oder 30 manuelle Massagesitzungen.<\/p>\n<p id=\"\">\u200d<\/p>\n<h3 id=\"\"><strong id=\"\">Bioenergie-Massageger\u00e4t MAGIC FOHERB<\/strong><\/h3>\n<p id=\"\">\u200d<\/p>\n<p id=\"\">Dadurch k\u00f6nnen Sie vorbeugende und therapeutische Eingriffe problemlos zu Hause durchf\u00fchren, ohne eine Klinik aufzusuchen: Akupunktur, therapeutische Massage, Schr\u00f6pfmassage, Gua-Sha-Massage (Massage mit einem Knochenschaber; eine Methode zur Beeinflussung biologisch aktiver Punkte in der traditionellen chinesischen Medizin). und andere Verfahren. Das Massageger\u00e4t kann auch in der Kosmetik, zur Gewichtsreduktion und zur Bek\u00e4mpfung von Cellulite eingesetzt werden.<\/p>\n<p id=\"\">\u200d<\/p>\n<h3 id=\"\"><strong id=\"\">Sauna \u201eBa-Gua\u201c<\/strong><\/h3>\n<p id=\"\">\u200d<\/p>\n<p id=\"\">Eine Sauna hilft nicht nur beim Entspannen, sondern auch bei der Verbesserung der Gesundheit, der Verbesserung des Stoffwechsels, beim Abnehmen und bei der Linderung von Schmerzen. Doch nicht jeder hat die M\u00f6glichkeit, regelm\u00e4\u00dfig in die Sauna zu gehen. Deshalb machen wir Sie auf die einzigartige Sauna \u201eBa-Gua\u201c aufmerksam, die auch zu Hause genutzt werden kann.<\/p>\n<p id=\"\">Hierbei handelt es sich um eine Minisauna, die spezielle Technologien sowie die physikalischen Eigenschaften von Steinen wie Turmalin und schwarzer Jade nutzt. Unsere Sauna schafft mit Hilfe von Heilsteinen und einem speziellen Stoffdesign ein einzigartiges Mikroklima, das eine therapeutische Wirkung auf den gesamten K\u00f6rper hat: verbessert die Mikrozirkulation des Blutes und Stoffwechselprozesse, entfernt Giftstoffe und Abfallstoffe, verbessert den Hautzustand, bek\u00e4mpft Entz\u00fcndungen und Schmerzen, lindert M\u00fcdigkeit und hilft beim Entspannen.<\/p>\n<p id=\"\">\u200d<\/p>\n<h3 id=\"\"><strong id=\"\">Korrigierende Einlagen<\/strong><\/h3>\n<p id=\"\">\u200d<\/p>\n<p id=\"\">Die F\u00fc\u00dfe sind das zweite Herz. Der Prozess der Blutzirkulation im gesamten K\u00f6rper h\u00e4ngt eng mit den F\u00fc\u00dfen zusammen, vom Stehen bis zum Gehen \u2013 daher die St\u00e4rke und Geschwindigkeit der Blutzirkulation. Wenn die F\u00fc\u00dfe nicht gesund sind, werden die darin befindlichen Blutgef\u00e4\u00dfe ihren Zweck nicht erf\u00fcllen, es kann zu Blutstau in den unteren Extremit\u00e4ten kommen und gesundheitliche Probleme sind vorprogrammiert<\/p>\n<p id=\"\">Korrektureinlagen bedeuten die Gesundheit des Skeletts und des gesamten K\u00f6rpers. Aufgrund der Schwerkraft, Stoffwechselst\u00f6rungen, Kraftbelastungen, Druck und beruflichen Besonderheiten kommt es zu einer Kr\u00fcmmung der Wirbels\u00e4ule, was zu einer Kr\u00fcmmung des gesamten Skeletts f\u00fchrt. 80 % der Gesundheitsprobleme h\u00e4ngen irgendwie mit einer Skelettverkr\u00fcmmung zusammen. Das Skelett st\u00fctzt einerseits den gesamten K\u00f6rper, andererseits ist das R\u00fcckenmark die Basis des Zentralnervensystems. F\u00fchrt die Skelettkr\u00fcmmung zu eingeklemmten Nerven, wird die Impulsversorgung vom Gehirn zu den Organen blockiert, K\u00f6rperfunktionen und Zellfunktionen werden gest\u00f6rt und es kommt zu vielf\u00e4ltigen Schwierigkeiten.<\/p>\n<p id=\"\">Einlegesohlen helfen dabei, Ihre K\u00f6rperhaltung zu verbessern, sorgen f\u00fcr eine gleichm\u00e4\u00dfige Druckverteilung auf den Fu\u00df, massieren die Reflexzone des Fu\u00dfes, korrigieren Plattf\u00fc\u00dfe und st\u00e4rken die richtige Fu\u00dfform<\/p>\n<p id=\"\">\u200d<\/p>\n<h3 id=\"\"><strong id=\"\">Hochtechnologische Brillen<\/strong><\/h3>\n<p id=\"\">\u200d<\/p>\n<p id=\"\">Die Welt entwickelt sich rasant, neue trendige Dinge erscheinen auf dem Markt. Wir sind jedoch der Meinung, dass ein Artikel nicht nur im Trend liegen, sondern auch gut f\u00fcr den K\u00f6rper sein sollte. Eine Hightech-Computerbrille sch\u00fctzt Sie vor der Strahlung, die von Ihrem Computermonitor ausgeht.<\/p>\n<p id=\"\">High-Tech-Brillen bieten Ihnen Strahlenschutz, Linderung von Augenerm\u00fcdung, fortschrittliche Technologie f\u00fcr die Arbeit am Computer sowie den Schutz, die St\u00e4rkung und die Optimierung Ihrer Sehkraft.<\/p>\n<p id=\"\">\u200d<\/p>\n<h3 id=\"\"><strong id=\"\">Energie-Stolen (Palantin)<\/strong><\/h3>\n<p id=\"\">Organisches Germanium in der Stola hat die Funktion der Infrarotstrahlung und der Anionenfreisetzung.<\/p>\n<p id=\"\">Hilft, die Durchblutung und Mikrozirkulation zu verbessern.<\/p>\n<p id=\"\">Hilft, Beschwerden zu beseitigen und Erm\u00fcdungserscheinungen im Nacken- und Schulterg\u00fcrtel zu lindern.<\/p>\n<p id=\"\">Verlangsamt die Hautalterung und verbessert die Gesundheitsindikatoren.<\/p>\n<p id=\"\">Komfort und Hautpflege: Eine einzigartige Webtechnik aus weichen, leichten und d\u00fcnnen Materialien erm\u00f6glicht es Ihnen, W\u00e4rme zu speichern, Komfort und Atmungsaktivit\u00e4t zu bieten und der Haut ein Gef\u00fchl zarter Pflege zu verleihen.<\/p>\n<p id=\"\">\u200d<\/p>\n<h3 id=\"\"><strong id=\"\">Komplettes Karosserie-Restaurierungsset<\/strong><\/h3>\n<p id=\"\">\u200d<\/p>\n<p id=\"\">Ein wichtiger Grundsatz der chinesischen Medizin: Krankheit ist kein Feind, den es zu bek\u00e4mpfen gilt. Krankheit ist ein Signal f\u00fcr ein Ungleichgewicht im K\u00f6rper. In der chinesischen Medizin gibt es kein Konzept von \u201eKrankheit \u2013 Dosis eines Arzneimittels\u201c. Vielmehr stehen Wellness, Pr\u00e4vention und Gesundheitserhaltung im Vordergrund.<\/p>\n<p id=\"\">\u200d<\/p>\n<p id=\"\">Stellen Sie sich vor, Sie h\u00e4tten einen Kindergarten. Wenn nicht gen\u00fcgend Wasser vorhanden ist, verdorren die Pflanzen. Damit sie wieder bl\u00fchen, m\u00fcssen Sie sie nicht nur gie\u00dfen, sondern auch g\u00fcnstige Bedingungen schaffen: Erde, Licht, W\u00e4rme. Das Gleiche gilt f\u00fcr unseren K\u00f6rper: Um die Gesundheit wiederherzustellen, m\u00fcssen Sie nicht nur das Symptom behandeln, sondern auch das Gleichgewicht von Yin und Yang wiederherstellen, den K\u00f6rper reinigen und ihn mit Lebensenergie versorgen.<\/p>\n<p id=\"\">\u200d<\/p>\n<p id=\"\">Die Chinesische Medizin bietet einen umfassenden Ansatz:<\/p>\n<p id=\"\">\u200d<\/p>\n<p id=\"\">Regulierung: Zun\u00e4chst versuchen wir, die Harmonie im K\u00f6rper wiederherzustellen.<\/p>\n<p id=\"\">Reinigung: Der n\u00e4chste Schritt besteht darin, den K\u00f6rper von Schlacken und Giftstoffen zu reinigen.<\/p>\n<p id=\"\">Erholung: In der letzten Phase stellen wir die Energie wieder her, indem wir den K\u00f6rper n\u00e4hren und seine Abwehrkr\u00e4fte st\u00e4rken.<\/p>\n<p id=\"\">\u200d<\/p>\n<p id=\"\">Unsere Experten f\u00fcr chinesische Medizin haben f\u00fcr Sie einen Komplex zur vollst\u00e4ndigen Wiederherstellung Ihres K\u00f6rpers mit whieda-Produkten zusammengestellt.<\/p>\n<p id=\"\">\u200d<\/p>\n<p id=\"\">\u200d<\/p>\n<p id=\"\">\u200d<\/p>\n<p id=\"\">\u200d<\/p>\n","protected":false},"featured_media":274,"template":"","categories":[6,7],"class_list":["post-203","product","type-product","status-publish","has-post-thumbnail","hentry","categories-vse-tovary","categories-nabory"],"acf":[],"_links":{"self":[{"href":"https:\/\/mywhieda.com\/de\/wp-json\/wp\/v2\/product\/203","targetHints":{"allow":["GET"]}}],"collection":[{"href":"https:\/\/mywhieda.com\/de\/wp-json\/wp\/v2\/product"}],"about":[{"href":"https:\/\/mywhieda.com\/de\/wp-json\/wp\/v2\/types\/product"}],"wp:featuredmedia":[{"embeddable":true,"href":"https:\/\/mywhieda.com\/de\/wp-json\/wp\/v2\/media\/274"}],"wp:attachment":[{"href":"https:\/\/mywhieda.com\/de\/wp-json\/wp\/v2\/media?parent=203"}],"wp:term":[{"taxonomy":"categories","embeddable":true,"href":"https:\/\/mywhieda.com\/de\/wp-json\/wp\/v2\/categories?post=203"}],"curies":[{"name":"wp","href":"https:\/\/api.w.org\/{rel}","templated":true}]}}