{"id":205,"date":"2025-02-04T17:24:40","date_gmt":"2025-02-04T14:24:40","guid":{"rendered":"https:\/\/whieda.wtwd.ru\/product\/turmalin-magnetgurtel\/"},"modified":"2025-02-16T12:42:56","modified_gmt":"2025-02-16T09:42:56","slug":"turmalin-magnetgurtel","status":"publish","type":"product","link":"https:\/\/mywhieda.com\/de\/product\/turmalin-magnetgurtel\/","title":{"rendered":"Turmalin-Magnetg\u00fcrtel"},"content":{"rendered":"<h3 id=\"\"><strong id=\"\">Magnetischer Lendengurt<\/strong><\/h3>\n<p id=\"\">\u200d<\/p>\n<p id=\"\"><strong id=\"\">Zusammensetzung des Magnetg\u00fcrtels<\/strong><\/p>\n<p id=\"\">\u00a0\u2022 38,9 % Polyesterfaser (Turmalin)<\/p>\n<p id=\"\">\u00a0\u2022 34,4 % Baumwolle<\/p>\n<p id=\"\">\u00a0\u2022 26,7 % Elastan<\/p>\n<p id=\"\">\u00a0\u2022 Magnetgranulat 2 Stk.<\/p>\n<p id=\"\">\u00a0\u2022 Tr\u00e4gerstreifen: 4 St\u00fcck (enth\u00e4lt 14 Granulat im Inneren)<\/p>\n<p id=\"\">\u200d<\/p>\n<p id=\"\">Das Hauptmaterial des Magnetg\u00fcrtels ist TURMALINFASER, das ferne Infrarotstrahlen von 4\u201314 Mikrometern aussenden kann. In Kombination mit der Wirkung von Magneten tragen sie dazu bei, die Mikrozirkulation im Lendenbereich zu verbessern, eine statische Massage des unteren R\u00fcckens durchzuf\u00fchren, M\u00fcdigkeit und Schmerzen zu lindern, die W\u00e4rme gut zu speichern und den unteren R\u00fccken sicher zu st\u00fctzen.<\/p>\n<p id=\"\">\u200d<\/p>\n<p id=\"\"><strong id=\"\">Die Faser enth\u00e4lt au\u00dferdem Partikel aus Bambuskohle.<\/strong><\/p>\n<p id=\"\">\u00a0\u2022 WEICH UND ELASTISCH<\/p>\n<p id=\"\">\u00a0\u2022 WASSERAUSF\u00dcHREND UND ATMUNGSAKTIV<\/p>\n<p id=\"\">\u00a0\u2022 ANTIBAKTERIELL<\/p>\n<p id=\"\">\u00a0\u2022 W\u00c4RME IM WINTER UND K\u00dcHL IM SOMMER<\/p>\n<p id=\"\">\u00a0\u2022 UMWELTFREUNDLICH<\/p>\n<p id=\"\">\u200d<\/p>\n<p id=\"\"><strong id=\"\">ERGONOMISCHES DESIGN<\/strong><\/p>\n<p id=\"\">\u00a0\u2022 d\u00fcnn und elastisch<\/p>\n<p id=\"\">\u00a0\u2022 entsprechend der nat\u00fcrlichen Lordose des menschlichen K\u00f6rpers<\/p>\n<p id=\"\">\u00a0\u2022 bequem und langlebig<\/p>\n<p id=\"\">\u200d<\/p>\n<h3 id=\"\"><strong id=\"\">UNTERST\u00dcTZUNG DER DEKOMPRESSION<\/strong><\/h3>\n<p id=\"\">Die Lordosenst\u00fctze verf\u00fcgt \u00fcber eine 3D-Magnetst\u00fctzstange, die eine sichere Lordosenst\u00fctze bietet.<\/p>\n<p id=\"\">\u200d<\/p>\n<h3 id=\"\"><strong id=\"\">Linderung von M\u00fcdigkeit<\/strong><\/h3>\n<p id=\"\">Dank der Wirkung von Magneten k\u00f6nnen Sie M\u00fcdigkeit wirksam beseitigen und Schmerzen im unteren R\u00fcckenbereich lindern.<\/p>\n<p id=\"\">\u200d<\/p>\n<h3 id=\"\"><strong id=\"\">ES GIBT EINE FUNKTIONALE TASCHE ZUM PLATZIEREN VON G\u00dcRTELEINS\u00c4TZEN<\/strong><\/h3>\n<p id=\"\">Der Magnetg\u00fcrtel ist mit einer funktionellen Tasche zum Platzieren von Eins\u00e4tzen aus dem \u201eWarming Wormwood Set\u201c ausgestattet. Legen Sie den Wermutbeutel und den Thermobeutel dazu<\/p>\n<p id=\"\">Mineralische Energie in Ihrer Tasche. Ein Beutel Wermut unter der thermischen Wirkung einer Thermopackung mit mineralischer Energie erw\u00e4rmt die Meridiane, verbessert die Zirkulation der Qi-Energie und die Durchblutung, vertreibt die \u201eK\u00e4lte\u201c, beseitigt M\u00fcdigkeit und hilft, die Durchblutung zu verbessern und Schmerzen in der Lendenwirbels\u00e4ule zu lindern .<\/p>\n<p id=\"\">\u200d<\/p>\n<p id=\"\"><strong id=\"\">Spezifikationen:<\/strong><\/p>\n<p id=\"\">\u200d<\/p>\n<p id=\"\">M \u2013 85 cm x 19 cm \/ Taillenumfang 75\u201380 cm<\/p>\n<p id=\"\">L \u2013 9\u00bd cm x 19 cm \/ Taillenumfang 85\u201395 cm<\/p>\n<p id=\"\">XL \u2013 98 cm x 19 cm \/ Taillenumfang 95\u2013105 cm<\/p>\n<p id=\"\">XXL \u2013 108 cm x 19 cm \/ Taille 105\u2013115 cm<\/p>\n<p id=\"\">\u200d<\/p>\n<p id=\"\">\u200d<\/p>\n","protected":false},"featured_media":272,"template":"","categories":[6,31],"class_list":["post-205","product","type-product","status-publish","has-post-thumbnail","hentry","categories-vse-tovary","categories-aksessuary"],"acf":[],"_links":{"self":[{"href":"https:\/\/mywhieda.com\/de\/wp-json\/wp\/v2\/product\/205","targetHints":{"allow":["GET"]}}],"collection":[{"href":"https:\/\/mywhieda.com\/de\/wp-json\/wp\/v2\/product"}],"about":[{"href":"https:\/\/mywhieda.com\/de\/wp-json\/wp\/v2\/types\/product"}],"wp:featuredmedia":[{"embeddable":true,"href":"https:\/\/mywhieda.com\/de\/wp-json\/wp\/v2\/media\/272"}],"wp:attachment":[{"href":"https:\/\/mywhieda.com\/de\/wp-json\/wp\/v2\/media?parent=205"}],"wp:term":[{"taxonomy":"categories","embeddable":true,"href":"https:\/\/mywhieda.com\/de\/wp-json\/wp\/v2\/categories?post=205"}],"curies":[{"name":"wp","href":"https:\/\/api.w.org\/{rel}","templated":true}]}}