{"id":207,"date":"2025-02-04T17:24:40","date_gmt":"2025-02-04T14:24:40","guid":{"rendered":"https:\/\/whieda.wtwd.ru\/product\/verjungendes-spray-mit-lifting-effekt\/"},"modified":"2025-11-07T14:51:02","modified_gmt":"2025-11-07T11:51:02","slug":"verjungendes-spray-mit-lifting-effekt","status":"publish","type":"product","link":"https:\/\/mywhieda.com\/de\/product\/verjungendes-spray-mit-lifting-effekt\/","title":{"rendered":"Verj\u00fcngendes Spray mit Lifting-Effekt"},"content":{"rendered":"<p id=\"\">Verj\u00fcngendes Gesichtsspray mit Lifting-Effekt<\/p>\n<p id=\"\">Das Thema Verj\u00fcngung stellt sich fr\u00fcher oder sp\u00e4ter vor jeder Frau. Das Angebot an Anti-Aging-Produkten ist sehr breit gef\u00e4chert, sodass die Auswahl der richtigen Behandlungsoption nicht einfach ist. Wenn Sie sich f\u00fcr YOUTHFULNESS FREEZE SPRAY entscheiden, werden Sie auf jeden Fall zufrieden sein. Das moderne Mittel wirkt nicht schlechter als das legend\u00e4re Botox, schadet aber gleichzeitig der Haut nicht und verursacht nach Ende der Kur keine starke Verschlechterung. Innerhalb weniger Wochen verschwinden Falten und die Haut wird gestrafft und elastisch. Hohe Effizienz zu einem erschwinglichen Preis unterscheidet das neue Produkt von seinen Analoga, die wahrscheinlich nicht gleich gute Ergebnisse liefern werden.<\/p>\n<p id=\"\">\u200d<\/p>\n<p id=\"\">Der Wunsch vieler Frauen ist es, der Haut ihre Elastizit\u00e4t zur\u00fcckzugeben und sie mit Feuchtigkeit zu versorgen, doch Cremes helfen nicht immer dabei, den gew\u00fcnschten Effekt zu erzielen. Es gibt einen effektiveren Weg \u2013 verwenden Sie das Anti-Aging-Cremespray YOUTHFULNESS FREEZE SPRAY. Es beschleunigt das Wachstum durch die Sekretion von Kollagen und Elastin.<\/p>\n<p id=\"\">\u200d<\/p>\n<p id=\"\">\u200d<\/p>\n<p id=\"\">\u200d<\/p>\n","protected":false},"featured_media":355,"template":"","categories":[6,33],"class_list":["post-207","product","type-product","status-publish","has-post-thumbnail","hentry","categories-vse-tovary","categories-kosmetika"],"acf":[],"_links":{"self":[{"href":"https:\/\/mywhieda.com\/de\/wp-json\/wp\/v2\/product\/207","targetHints":{"allow":["GET"]}}],"collection":[{"href":"https:\/\/mywhieda.com\/de\/wp-json\/wp\/v2\/product"}],"about":[{"href":"https:\/\/mywhieda.com\/de\/wp-json\/wp\/v2\/types\/product"}],"wp:featuredmedia":[{"embeddable":true,"href":"https:\/\/mywhieda.com\/de\/wp-json\/wp\/v2\/media\/355"}],"wp:attachment":[{"href":"https:\/\/mywhieda.com\/de\/wp-json\/wp\/v2\/media?parent=207"}],"wp:term":[{"taxonomy":"categories","embeddable":true,"href":"https:\/\/mywhieda.com\/de\/wp-json\/wp\/v2\/categories?post=207"}],"curies":[{"name":"wp","href":"https:\/\/api.w.org\/{rel}","templated":true}]}}