{"id":211,"date":"2025-02-04T17:24:40","date_gmt":"2025-02-04T14:24:40","guid":{"rendered":"https:\/\/whieda.wtwd.ru\/product\/wentong-3\/"},"modified":"2026-03-10T17:12:55","modified_gmt":"2026-03-10T14:12:55","slug":"wentong-3","status":"publish","type":"product","link":"https:\/\/mywhieda.com\/de\/product\/wentong-3\/","title":{"rendered":"Wentong"},"content":{"rendered":"<h3 id=\"\"><strong id=\"\">Das Ergebnis der Verwendung des Ventun-Ger\u00e4ts<\/strong><\/h3>\n<p id=\"\">\u200d<\/p>\n<p id=\"\">Laut der traditionellen chinesischen Medizin verwendet das Wentong-Ger\u00e4t w\u00e4rmende Tonisierungstechniken, die K\u00e4lte und Feuchtigkeit im K\u00f6rper beseitigen, die Meridiane reinigen und die Blutzirkulation verbessern.<\/p>\n<p id=\"\">\u200d<\/p>\n<p id=\"\">1) W\u00e4rmestrahlung<\/p>\n<p id=\"\">\u200d<\/p>\n<p id=\"\">Der eingebaute High-Tech-Energiewellengenerator erzeugt W\u00e4rme von unten nach oben, von innen nach au\u00dfen, die den gesamten K\u00f6rper durchdringt. Die Wellen der thermischen Energie stimulieren die Akupunkturpunkte an den Fu\u00dfsohlen und beschleunigen die Bewegung von Blut und Zellen im K\u00f6rper, was zu einer erh\u00f6hten thermischen Energie im K\u00f6rper f\u00fchrt.<\/p>\n<p id=\"\">\u200d<\/p>\n<p id=\"\">2) Heizband<\/p>\n<p id=\"\">\u200d<\/p>\n<p id=\"\">Mithilfe von Fernspektrum-Infrarotstrahlung wirkt es auf das tiefe Gewebe des K\u00f6rpers, w\u00e4rmt die Muskeln sanft und kontinuierlich auf, verbessert die Durchblutung und lindert Muskelerm\u00fcdung.<\/p>\n<p id=\"\">\u200d<\/p>\n<p id=\"\">3) LED-Therapie<\/p>\n<p id=\"\">\u200d<\/p>\n<p id=\"\">Durch die Verwendung spezifischer Wellenl\u00e4ngen von rotem Licht (633 nm) und blauem Licht (415 nm) wirkt das Ventun-Ger\u00e4t entz\u00fcndungshemmend und antibakteriell, beseitigt Schwellungen und beschleunigt die Wundheilung. Die gleichzeitige Verwendung von rotem und blauem Licht ist akzeptabel.<\/p>\n<p id=\"\">\u200d<\/p>\n<p id=\"\">4) Plasma<\/p>\n<p id=\"\">\u200d<\/p>\n<p id=\"\">Schafft eine Umgebung mit einer hohen Konzentration an positiven und negativen Ionen, um die Luft von Bakterien zu reinigen. Macht die Luft sauber, frisch und angenehm.<\/p>\n<p id=\"\">\u200d<\/p>\n<p id=\"\">\u200d<\/p>\n<p id=\"\">\u200d<\/p>\n","protected":false},"featured_media":316,"template":"","categories":[6,29],"class_list":["post-211","product","type-product","status-publish","has-post-thumbnail","hentry","categories-vse-tovary","categories-pribory"],"acf":[],"_links":{"self":[{"href":"https:\/\/mywhieda.com\/de\/wp-json\/wp\/v2\/product\/211","targetHints":{"allow":["GET"]}}],"collection":[{"href":"https:\/\/mywhieda.com\/de\/wp-json\/wp\/v2\/product"}],"about":[{"href":"https:\/\/mywhieda.com\/de\/wp-json\/wp\/v2\/types\/product"}],"wp:featuredmedia":[{"embeddable":true,"href":"https:\/\/mywhieda.com\/de\/wp-json\/wp\/v2\/media\/316"}],"wp:attachment":[{"href":"https:\/\/mywhieda.com\/de\/wp-json\/wp\/v2\/media?parent=211"}],"wp:term":[{"taxonomy":"categories","embeddable":true,"href":"https:\/\/mywhieda.com\/de\/wp-json\/wp\/v2\/categories?post=211"}],"curies":[{"name":"wp","href":"https:\/\/api.w.org\/{rel}","templated":true}]}}