{"id":213,"date":"2025-02-04T17:24:40","date_gmt":"2025-02-04T14:24:40","guid":{"rendered":"https:\/\/whieda.wtwd.ru\/product\/xueqingfu-kapseln\/"},"modified":"2025-02-16T12:46:50","modified_gmt":"2025-02-16T09:46:50","slug":"kapsuly-syuechinfu-2","status":"publish","type":"product","link":"https:\/\/mywhieda.com\/de\/product\/kapsuly-syuechinfu-2\/","title":{"rendered":"Xueqingfu-Kapseln"},"content":{"rendered":"<p id=\"\">Ein absolut nat\u00fcrliches Naturprodukt \u2013 ein Gef\u00e4\u00dfreiniger.<\/p>\n<p id=\"\">Xueqingfu-Kapseln sind der Schl\u00fcssel zu sauberen und gesunden Blutgef\u00e4\u00dfen. Das Produkt beugt Erkrankungen des Herz-Kreislauf-Systems vor und steigert die Vitalit\u00e4t. Seine Verwendung f\u00f6rdert die wirksame Resorption von Blutgerinnseln, reinigt das Blut von Giftstoffen und erh\u00e4lt die normale Kapillarfunktion aufrecht.<\/p>\n<p id=\"\">\u200d<\/p>\n<h3 id=\"\"><strong id=\"\">Anwendung von Xueqingfu-Kapseln<\/strong><\/h3>\n<p id=\"\">\u200d<\/p>\n<p id=\"\"><strong id=\"\">\u00a0\u2022 Thrombolytische Wirkung<\/strong><\/p>\n<p id=\"\">Natto-Extrakt hat eine starke thrombolytische Wirkung, l\u00f6st gebildete Blutgerinnsel auf, verhindert die Blutpl\u00e4ttchenaggregation und die Bildung neuer Blutgerinnsel und stellt den Blutfluss wieder her. Es hat eine unterst\u00fctzende therapeutische Wirkung bei Herz-Kreislauf- und zerebrovaskul\u00e4ren Erkrankungen.<\/p>\n<p id=\"\"><strong id=\"\">\u00a0\u2022 Erweichung der Blutgef\u00e4\u00dfe<\/strong><\/p>\n<p id=\"\">Traubenkernextrakt, Proanthocyanidin OPC, ist ein neues hochwirksames Antioxidans. Seine Aktivit\u00e4t ist 50-mal h\u00f6her als die von Vitamin E und 20-mal h\u00f6her als die von Vitamin C. Seine antioxidative Wirkung ist weltweit anerkannt. Die Hauptursache f\u00fcr die Zellalterung ist Oxidation. Die Vorbeugung oxidativer Prozesse im K\u00f6rper kann die Blutgef\u00e4\u00dfe effektiv erweichen, ihre Br\u00fcchigkeit verringern und ihre Elastizit\u00e4t wiederherstellen.<\/p>\n<p id=\"\">\u00a0<strong id=\"\">\u2022 R\u00fcckgang bei drei Hauptindikatoren<\/strong><\/p>\n<p id=\"\">Gynostemma-Extrakt wird als starkes Mittel zur Senkung des Blutdrucks, der Lipide und des Blutzuckers eingesetzt und verf\u00fcgt au\u00dferdem \u00fcber thrombolytische Eigenschaften, wodurch Blutgef\u00e4\u00dfe repariert, elastischer gemacht und deren Alterung und Verh\u00e4rtung verhindert werden.<\/p>\n<p id=\"\">\u200d<\/p>\n<p id=\"\">Xueqingfu Phoenix-Kapseln sind das Ergebnis langj\u00e4hriger Arbeit von Experten im Forschungszentrum der FOHERB Corporation. Kapseln helfen, das Blut zu reinigen, die Blutgef\u00e4\u00dfe zu st\u00e4rken, die drei wichtigsten Blutparameter (Druck, Zuckerspiegel, Lipidspiegel) zu regulieren, wirken gegen Bluthochdruck, koronare Herzkrankheit, Hirnthrombose, Arteriosklerose, zerebrovaskul\u00e4re Insuffizienz, Zustand nach Schlaganfall, Wechseljahre, und verlangsamen auch Alterungsprozesse im K\u00f6rper.<\/p>\n<p id=\"\">\u200d<\/p>\n<h3 id=\"\"><strong id=\"\">Zusammensetzung der Xueqingfu-Kapseln<\/strong><\/h3>\n<p id=\"\">Natto (traditionelles japanisches Lebensmittel aus fermentierten Sojabohnen), Traubenkernextrakt, Gynostemma pentaphyllum-Extrakt.<\/p>\n<p id=\"\">\u200d<\/p>\n<p id=\"\">Der Hauptbestandteil des Produkts ist Nattokinase, ein Enzym, das in fermentierten Sojabohnen vorkommt. Die Verwendung von Nattokinase tr\u00e4gt dazu bei, die Blutviskosit\u00e4t zu senken und die Durchblutung zu verbessern. Tats\u00e4chlich sind Xueqingfu-Kapseln mit Nattokinase eine nat\u00fcrliche Alternative zu Aspirin zur Vorbeugung und Behandlung von Herz-Kreislauf-Erkrankungen. Dar\u00fcber hinaus wirkt Nattokinase \u00fcber einen langen Zeitraum \u2013 innerhalb von 4 \u2013 8 Stunden \u2013 und ist kosteng\u00fcnstig. Es ist sehr wichtig, dass Nattokinase im Gegensatz zu Medikamenten zwar vor intravaskul\u00e4rer Thrombose sch\u00fctzt, aber die Blutgerinnung bei Gef\u00e4\u00dfsch\u00e4den und -verletzungen nicht beeintr\u00e4chtigt.<\/p>\n<p id=\"\">\u200d<\/p>\n<h3 id=\"\"><strong id=\"\">Hauptwirkung, Wirkung<\/strong><\/h3>\n<p id=\"\">\u200d<\/p>\n<p id=\"\">Das Produkt st\u00e4rkt die Blutgef\u00e4\u00dfe, verringert die Viskosit\u00e4t der Lymphe und hat au\u00dferdem folgende Wirkung:<\/p>\n<p id=\"\">\u200d<\/p>\n<p id=\"\">verbessert die Sauerstoffversorgung des Gewebes;<\/p>\n<p id=\"\">erh\u00f6ht die Bioverf\u00fcgbarkeit verschiedener N\u00e4hrstoffe;<\/p>\n<p id=\"\">unterst\u00fctzt das Sehverm\u00f6gen;<\/p>\n<p id=\"\">erh\u00f6ht die Knochendichte;<\/p>\n<p id=\"\">lindert krankheitsbedingte Gelenkschmerzen;<\/p>\n<p id=\"\">lindert Gelenk- und Muskelschmerzen bei intensiver k\u00f6rperlicher Aktivit\u00e4t;<\/p>\n<p id=\"\">reduziert die Lymphviskosit\u00e4t;<\/p>\n<p id=\"\">verbessert die Drainagefunktion und reinigt den K\u00f6rper von \u201eToxinen\u201c;<\/p>\n<p id=\"\">zerst\u00f6rt die Fibrinplakette, die Krebszellen bedeckt, wodurch Killerzellen Krebszellen erkennen und zerst\u00f6ren k\u00f6nnen.<\/p>\n<p id=\"\">\u200d<\/p>\n<h3 id=\"\"><strong id=\"\">Anwendungshinweise:<\/strong><\/h3>\n<p id=\"\">\u200d<\/p>\n<p id=\"\">erh\u00f6hter Cholesterinspiegel im Blut;<\/p>\n<p id=\"\">koronare Herzkrankheit, Zustand nach einem Schlaganfall oder Herzinfarkt;<\/p>\n<p id=\"\">Hypertonie;<\/p>\n<p id=\"\">Diabetes;<\/p>\n<p id=\"\">Abnahme des Ged\u00e4chtnisses oder der Intelligenz, insbesondere altersbedingt, meist als Folge einer Hirnthrombose;<\/p>\n<p id=\"\">Muskelerm\u00fcdung oder Schmerzen in den Beinen nach dem Gehen;<\/p>\n<p id=\"\">h\u00e4ufiges Taubheitsgef\u00fchl oder Kribbeln in H\u00e4nden und F\u00fc\u00dfen;<\/p>\n<p id=\"\">in F\u00e4llen, in denen Schnittwunden und Geschw\u00fcre an den F\u00fc\u00dfen l\u00e4ngere Zeit nicht heilen;<\/p>\n<p id=\"\">onkologische Erkrankungen.<\/p>\n<p id=\"\">\u200d<\/p>\n<p id=\"\">\u200d<\/p>\n<p id=\"\">\u200d<\/p>\n","protected":false},"featured_media":271,"template":"","categories":[6,32],"class_list":["post-213","product","type-product","status-publish","has-post-thumbnail","hentry","categories-vse-tovary","categories-dieticheskie-dobavki"],"acf":[],"_links":{"self":[{"href":"https:\/\/mywhieda.com\/de\/wp-json\/wp\/v2\/product\/213","targetHints":{"allow":["GET"]}}],"collection":[{"href":"https:\/\/mywhieda.com\/de\/wp-json\/wp\/v2\/product"}],"about":[{"href":"https:\/\/mywhieda.com\/de\/wp-json\/wp\/v2\/types\/product"}],"wp:featuredmedia":[{"embeddable":true,"href":"https:\/\/mywhieda.com\/de\/wp-json\/wp\/v2\/media\/271"}],"wp:attachment":[{"href":"https:\/\/mywhieda.com\/de\/wp-json\/wp\/v2\/media?parent=213"}],"wp:term":[{"taxonomy":"categories","embeddable":true,"href":"https:\/\/mywhieda.com\/de\/wp-json\/wp\/v2\/categories?post=213"}],"curies":[{"name":"wp","href":"https:\/\/api.w.org\/{rel}","templated":true}]}}