{"id":214,"date":"2025-02-04T17:24:40","date_gmt":"2025-02-04T14:24:40","guid":{"rendered":"https:\/\/whieda.wtwd.ru\/product\/zahnpasta\/"},"modified":"2026-04-15T15:08:48","modified_gmt":"2026-04-15T12:08:48","slug":"zahnpasta","status":"publish","type":"product","link":"https:\/\/mywhieda.com\/de\/product\/zahnpasta\/","title":{"rendered":"Zahnpasta"},"content":{"rendered":"<p id=\"\">Die Zahnpasta FOHERB ARTEMISIA ANNUA wird nach dem klassischen Rezept der traditionellen chinesischen Medizin hergestellt und enth\u00e4lt Extrakte aus Pflanzen wie Wermut, Zanthoxylum, M\u00f6nchsfrucht und Clinopodium chinensis. Dank einer speziell entwickelten Formel und einer speziellen Kombination von Komponenten hilft Zahnpasta, das Wachstum von Bakterien zu verhindern, den pH-Wert in der Mundh\u00f6hle zu normalisieren, Mundgeruch zu beseitigen und die Gesundheit von Z\u00e4hnen und Zahnfleisch zu st\u00e4rken.<\/p>\n<p id=\"\">\u200d<\/p>\n<p id=\"\"><strong id=\"\">Wirkstoffe:<\/strong> Wermutextrakt, Zantoxylum-Extrakt, M\u00f6nchsfruchtextrakt, Clinopodium chinensis-Extrakt.<\/p>\n<p id=\"\">\u200d<\/p>\n<p id=\"\">Zahnpasta mit Wermutextrakt besteht aus hochwertigen Inhaltsstoffen und hat eine sichere Formel, hat die internationale Zertifizierung bestanden, enth\u00e4lt keine Antibiotika, hat keine Nebenwirkungen und ist f\u00fcr schwangere Frauen, Kinder und \u00e4ltere Menschen geeignet. Das frische und blumige Aroma der Zahnpasta beseitigt Mundgeruch und h\u00e4lt Ihren Atem lange frisch.<\/p>\n<p id=\"\">\u200d<\/p>\n<p id=\"\"><strong id=\"\">Anwendung:<\/strong> Putzen Sie Ihre Z\u00e4hne mindestens 2 Mal t\u00e4glich f\u00fcr mindestens 3 Minuten.<\/p>\n<p id=\"\"><strong id=\"\">Lagerbedingungen:<\/strong> An einem trockenen, k\u00fchlen Ort lagern.<\/p>\n<p id=\"\"><strong id=\"\">Vorsichtsma\u00dfnahmen:<\/strong> Kein Ersatz f\u00fcr Medikamente; Die Anwendung bei Kindern unter 6 Jahren ist unter Aufsicht eines Erwachsenen mit einer kleinen Menge Paste m\u00f6glich.<\/p>\n<p id=\"\"><strong id=\"\">Erscheinungsform:<\/strong> Tube 120 g (6 Stk.)<\/p>\n<p>\u200d<\/p>\n<p id=\"\">\u200d<\/p>\n<p id=\"\">\u200d<\/p>\n","protected":false},"featured_media":308,"template":"","categories":[6,30],"class_list":["post-214","product","type-product","status-publish","has-post-thumbnail","hentry","categories-vse-tovary","categories-gigiena"],"acf":[],"_links":{"self":[{"href":"https:\/\/mywhieda.com\/de\/wp-json\/wp\/v2\/product\/214","targetHints":{"allow":["GET"]}}],"collection":[{"href":"https:\/\/mywhieda.com\/de\/wp-json\/wp\/v2\/product"}],"about":[{"href":"https:\/\/mywhieda.com\/de\/wp-json\/wp\/v2\/types\/product"}],"wp:featuredmedia":[{"embeddable":true,"href":"https:\/\/mywhieda.com\/de\/wp-json\/wp\/v2\/media\/308"}],"wp:attachment":[{"href":"https:\/\/mywhieda.com\/de\/wp-json\/wp\/v2\/media?parent=214"}],"wp:term":[{"taxonomy":"categories","embeddable":true,"href":"https:\/\/mywhieda.com\/de\/wp-json\/wp\/v2\/categories?post=214"}],"curies":[{"name":"wp","href":"https:\/\/api.w.org\/{rel}","templated":true}]}}