{"id":215,"date":"2025-02-04T17:24:40","date_gmt":"2025-02-04T14:24:40","guid":{"rendered":"https:\/\/whieda.wtwd.ru\/product\/zellenaktivator\/"},"modified":"2026-03-06T10:52:13","modified_gmt":"2026-03-06T07:52:13","slug":"zellenaktivator","status":"publish","type":"product","link":"https:\/\/mywhieda.com\/de\/product\/zellenaktivator\/","title":{"rendered":"Zellenaktivator"},"content":{"rendered":"<h3 id=\"\"><strong id=\"\">Anwendungsgebiete<\/strong><\/h3>\n<p id=\"\">Der Zellaktivator kann Ihnen helfen, wenn Sie:<\/p>\n<ol id=\"\">\n<li id=\"\">Verschiedene Arten von Entz\u00fcndungen haben: gyn\u00e4kologische Entz\u00fcndungen, Uterusmyome, Ovarialzysten, Zervizitis, Entz\u00fcndungen des Beckens, Vaginitis, &#171;kalte Geb\u00e4rmutter&#187; usw.<\/li>\n<li id=\"\">An Prostatitis, Prostatahypertrophie, schmerzhaftem oder erschwertem Wasserlassen, h\u00e4ufigem n\u00e4chtlichem Harndrang, verminderter Potenz leiden.<\/li>\n<li id=\"\">An Bronchitis, Rhinopharyngitis, Schulter-Periarthritis, zervikaler Spondylose, Brustdr\u00fcsenhyperplasie, Gastritis und Enteritis, Nierenentz\u00fcndungen, Myokarditis, Arthritis, Hepatitis, Pankreatitis, Meningitis, verschiedenen Verbrennungen und \u00e4u\u00dferen Infektionen der Haut, Fieber bei Erk\u00e4ltungen oder Durchfall leiden.<\/li>\n<li id=\"\">An Schmerzen verschiedener Art leiden: im Schulter- und Nackenbereich, rheumatische und Gelenkschmerzen, Magenschmerzen, Dysmenorrh\u00f6, Kopfschmerzen, Tumorschmerzen, Zahnschmerzen, Gicht, rheumatische Knieschmerzen, Neuralgien verschiedener Art.<\/li>\n<li id=\"\">Verschiedene Stauungen (Thrombosen) haben: in den Meridianen, der Lymphe, den Herz- und Gehirngef\u00e4\u00dfen, Krampfadern, Schilddr\u00fcsenentz\u00fcndungen, Lipome, Katarakte, Weitsichtigkeit, Altersflecken, Parkinson-Krankheit usw.<\/li>\n<li id=\"\">Hautprobleme haben: Pityriasis, Ekzeme, Psoriasis, Vitiligo, unangenehmen Achselschwei\u00dfgeruch, Nesselsucht und andere Hautentz\u00fcndungen.<\/li>\n<li id=\"\">An \u00e4sthetischen Problemen leiden: schlaffe Haut, Pigmentierung, Akne, Mangel an Qi und Blut, \u00d6deme, \u00dcbergewicht.<\/li>\n<\/ol>\n<p id=\"\"><strong>Eine Behandlung mit dem Aktivator von einer halben Stunde hat die gleiche Wirkung wie 10 Akupunktursitzungen, 20 Schr\u00f6pfkopfanwendungen oder 30 Massagesitzungen.<\/strong><\/p>\n<p id=\"\">\u200d<\/p>\n<p id=\"\">\u200d<\/p>\n","protected":false},"featured_media":261,"template":"","categories":[6,29],"class_list":["post-215","product","type-product","status-publish","has-post-thumbnail","hentry","categories-vse-tovary","categories-pribory"],"acf":[],"_links":{"self":[{"href":"https:\/\/mywhieda.com\/de\/wp-json\/wp\/v2\/product\/215","targetHints":{"allow":["GET"]}}],"collection":[{"href":"https:\/\/mywhieda.com\/de\/wp-json\/wp\/v2\/product"}],"about":[{"href":"https:\/\/mywhieda.com\/de\/wp-json\/wp\/v2\/types\/product"}],"wp:featuredmedia":[{"embeddable":true,"href":"https:\/\/mywhieda.com\/de\/wp-json\/wp\/v2\/media\/261"}],"wp:attachment":[{"href":"https:\/\/mywhieda.com\/de\/wp-json\/wp\/v2\/media?parent=215"}],"wp:term":[{"taxonomy":"categories","embeddable":true,"href":"https:\/\/mywhieda.com\/de\/wp-json\/wp\/v2\/categories?post=215"}],"curies":[{"name":"wp","href":"https:\/\/api.w.org\/{rel}","templated":true}]}}