{"id":247,"date":"2025-02-04T17:24:45","date_gmt":"2025-02-04T14:24:45","guid":{"rendered":"https:\/\/whieda.wtwd.ru\/product\/ba-gua-sauna\/"},"modified":"2026-04-08T14:48:50","modified_gmt":"2026-04-08T11:48:50","slug":"ba-gua-sauna","status":"publish","type":"product","link":"https:\/\/mywhieda.com\/de\/product\/ba-gua-sauna\/","title":{"rendered":"\u201cBa-Gua\u201d Sauna"},"content":{"rendered":"<p id=\"\">Die Sauna hilft nicht nur bei der Entspannung, sondern st\u00e4rkt auch die Gesundheit, verbessert den Stoffwechsel, unterst\u00fctzt die Gewichtsreduktion und lindert Schmerzen. Doch nicht jeder hat die M\u00f6glichkeit, regelm\u00e4\u00dfig eine Sauna zu besuchen. Deshalb bieten wir Ihnen die einzigartige \u201eBa-Gua\u201c-Sauna, die Sie sogar zu Hause verwenden k\u00f6nnen.<\/p>\n<h3 id=\"\"><strong id=\"\">Was ist die \u201cBa-Gua\u201d Sauna?<\/strong><\/h3>\n<p id=\"\">Es handelt sich um eine Mini-Sauna, die spezielle Technologien sowie die physikalischen Eigenschaften von Steinen wie Turmalin und schwarzem Nephrit nutzt. Unsere Sauna erzeugt durch diese Heilsteine und die besondere Gewebekonstruktion ein einzigartiges Mikroklima, das einen therapeutischen Effekt auf den gesamten K\u00f6rper hat: Sie verbessert die Mikrozirkulation und den Stoffwechsel, entfernt Toxine und Schlacken, verbessert das Hautbild, wirkt gegen Entz\u00fcndungen und Schmerzen, lindert M\u00fcdigkeit und hilft bei der Entspannung.<\/p>\n<p id=\"\">\u200d<\/p>\n","protected":false},"featured_media":312,"template":"","categories":[6,29],"class_list":["post-247","product","type-product","status-publish","has-post-thumbnail","hentry","categories-vse-tovary","categories-pribory"],"acf":[],"_links":{"self":[{"href":"https:\/\/mywhieda.com\/de\/wp-json\/wp\/v2\/product\/247","targetHints":{"allow":["GET"]}}],"collection":[{"href":"https:\/\/mywhieda.com\/de\/wp-json\/wp\/v2\/product"}],"about":[{"href":"https:\/\/mywhieda.com\/de\/wp-json\/wp\/v2\/types\/product"}],"wp:featuredmedia":[{"embeddable":true,"href":"https:\/\/mywhieda.com\/de\/wp-json\/wp\/v2\/media\/312"}],"wp:attachment":[{"href":"https:\/\/mywhieda.com\/de\/wp-json\/wp\/v2\/media?parent=247"}],"wp:term":[{"taxonomy":"categories","embeddable":true,"href":"https:\/\/mywhieda.com\/de\/wp-json\/wp\/v2\/categories?post=247"}],"curies":[{"name":"wp","href":"https:\/\/api.w.org\/{rel}","templated":true}]}}