{"id":906,"date":"2025-03-18T12:53:03","date_gmt":"2025-03-18T09:53:03","guid":{"rendered":"https:\/\/mywhieda.com\/?post_type=product&#038;p=906"},"modified":"2025-09-13T17:24:22","modified_gmt":"2025-09-13T14:24:22","slug":"pasta-cinfen-5","status":"publish","type":"product","link":"https:\/\/mywhieda.com\/de\/product\/pasta-cinfen-5\/","title":{"rendered":"Qingfeng Paste"},"content":{"rendered":"<p><b>Was ist die Qingfeng Paste?\u00a0<\/b><\/p>\n<p>&nbsp;<\/p>\n<p><span style=\"font-weight: 400;\">Der internationale Berater der Whieda-Gesellschaft f\u00fcr einen gesunden Lebensstil, Professor f\u00fcr traditionelle chinesische Medizin Zhang Daning, entwickelte auf Grundlage langj\u00e4hriger klinischer Erfahrung und der effektiven Anwendung der einzigartigen Methode \u201eSt\u00e4rkung der Nieren und Verbesserung des Blutkreislaufs\u201c die Rezeptur der Qingfeng Paste. Sie wird aus ausgew\u00e4hlten Zutaten nach einer alten Technologie der chinesischen Medizin hergestellt.<\/span><\/p>\n<p><span style=\"font-weight: 400;\">Alle Zutaten durchlaufen 8 traditionelle Schritte: Auswahl, Vorbereitung, Reinigung, Einweichen, R\u00f6sten, Extraktion, Filtrierung und Sammlung \u2013 wodurch sie einen milden Geschmack und ein reichhaltiges, cremiges Aroma erhalten.<\/span><\/p>\n<p>&nbsp;<\/p>\n<p><b>Wof\u00fcr wird die Qingfeng Paste verwendet?\u00a0<\/b><\/p>\n<p>&nbsp;<\/p>\n<p><span style=\"font-weight: 400;\">In der modernen Welt stehen wir alle vor den Folgen ungesunder Gewohnheiten wie Schlafst\u00f6rungen, Verdauungsbeschwerden nach \u00fcppigen Mahlzeiten, Bewegungsmangel, \u00fcberm\u00e4\u00dfigem Alkoholkonsum oder Rauchen usw. All diese Gewohnheiten beeintr\u00e4chtigen nach und nach unsere Gesundheit, was letztendlich zu einer verminderten Lebensqualit\u00e4t oder ernsthaften Gesundheitsproblemen f\u00fchrt. Die Qingfeng Paste ist ein hochwertiges Produkt, das ern\u00e4hrungs- und pr\u00e4ventive Eigenschaften kombiniert, die helfen, die Vitalit\u00e4t wiederherzustellen und die physische sowie psychische Gesundheit zu unterst\u00fctzen.<\/span><\/p>\n<p>&nbsp;<\/p>\n<p><b>Ergebnisse der Anwendung der Qingfeng Paste:<\/b><\/p>\n<p>&nbsp;<\/p>\n<ol>\n<li style=\"font-weight: 400;\" aria-level=\"1\"><span style=\"font-weight: 400;\">Unterst\u00fctzt die Funktion des Herz-Kreislauf-Systems;<\/span><\/li>\n<li style=\"font-weight: 400;\" aria-level=\"1\"><span style=\"font-weight: 400;\">Sch\u00fctzt die Leber und die Milz;<\/span><\/li>\n<li style=\"font-weight: 400;\" aria-level=\"1\"><span style=\"font-weight: 400;\">Senkt den Blutdruck;<\/span><\/li>\n<li style=\"font-weight: 400;\" aria-level=\"1\"><span style=\"font-weight: 400;\">Tr\u00e4gt zur Senkung des Blutfettspiegels bei;<\/span><\/li>\n<li style=\"font-weight: 400;\" aria-level=\"1\"><span style=\"font-weight: 400;\">Verbessert die Funktion des Magens und seiner Sekretion;<\/span><\/li>\n<li style=\"font-weight: 400;\" aria-level=\"1\"><span style=\"font-weight: 400;\">F\u00f6rdert die Durchblutung;<\/span><\/li>\n<li style=\"font-weight: 400;\" aria-level=\"1\"><span style=\"font-weight: 400;\">Wirkt harntreibend und reduziert Schwellungen;<\/span><\/li>\n<li style=\"font-weight: 400;\" aria-level=\"1\"><span style=\"font-weight: 400;\">Besitzt antioxidative Wirkung;<\/span><\/li>\n<li style=\"font-weight: 400;\" aria-level=\"1\"><span style=\"font-weight: 400;\">Lindert die Symptome von Gicht und andere Beschwerden.<\/span><\/li>\n<\/ol>\n<p>&nbsp;<\/p>\n<p><b>Indikationen zur Anwendung:<\/b><\/p>\n<ul>\n<li style=\"font-weight: 400;\" aria-level=\"1\"><span style=\"font-weight: 400;\">Rauchen und Alkoholkonsum<\/span><\/li>\n<li style=\"font-weight: 400;\" aria-level=\"1\"><span style=\"font-weight: 400;\">Ungesunde Ern\u00e4hrung<\/span><\/li>\n<li style=\"font-weight: 400;\" aria-level=\"1\"><span style=\"font-weight: 400;\">Fettleibigkeit<\/span><\/li>\n<li style=\"font-weight: 400;\" aria-level=\"1\"><span style=\"font-weight: 400;\">Stress und Anspannung<\/span><\/li>\n<li style=\"font-weight: 400;\" aria-level=\"1\"><span style=\"font-weight: 400;\">Mittelalter und \u00e4ltere Menschen<\/span><\/li>\n<li style=\"font-weight: 400;\" aria-level=\"1\"><span style=\"font-weight: 400;\">Erbkrankheiten<\/span><\/li>\n<li style=\"font-weight: 400;\" aria-level=\"1\"><span style=\"font-weight: 400;\">Chronische Erkrankungen<\/span><\/li>\n<li style=\"font-weight: 400;\" aria-level=\"1\"><span style=\"font-weight: 400;\">Beschwerden in den Gelenken<\/span><\/li>\n<li style=\"font-weight: 400;\" aria-level=\"1\"><span style=\"font-weight: 400;\">Mangel an k\u00f6rperlicher Aktivit\u00e4t<\/span><\/li>\n<li style=\"font-weight: 400;\" aria-level=\"1\"><span style=\"font-weight: 400;\">Gicht<\/span><\/li>\n<\/ul>\n","protected":false},"featured_media":814,"template":"","categories":[6,32],"class_list":["post-906","product","type-product","status-publish","has-post-thumbnail","hentry","categories-vse-tovary","categories-dieticheskie-dobavki"],"acf":[],"_links":{"self":[{"href":"https:\/\/mywhieda.com\/de\/wp-json\/wp\/v2\/product\/906","targetHints":{"allow":["GET"]}}],"collection":[{"href":"https:\/\/mywhieda.com\/de\/wp-json\/wp\/v2\/product"}],"about":[{"href":"https:\/\/mywhieda.com\/de\/wp-json\/wp\/v2\/types\/product"}],"wp:featuredmedia":[{"embeddable":true,"href":"https:\/\/mywhieda.com\/de\/wp-json\/wp\/v2\/media\/814"}],"wp:attachment":[{"href":"https:\/\/mywhieda.com\/de\/wp-json\/wp\/v2\/media?parent=906"}],"wp:term":[{"taxonomy":"categories","embeddable":true,"href":"https:\/\/mywhieda.com\/de\/wp-json\/wp\/v2\/categories?post=906"}],"curies":[{"name":"wp","href":"https:\/\/api.w.org\/{rel}","templated":true}]}}