{"id":121,"date":"2025-02-04T17:24:32","date_gmt":"2025-02-04T14:24:32","guid":{"rendered":"https:\/\/whieda.wtwd.ru\/product\/activador-celular\/"},"modified":"2026-04-10T17:08:42","modified_gmt":"2026-04-10T14:08:42","slug":"activador-celular","status":"publish","type":"product","link":"https:\/\/mywhieda.com\/es\/product\/activador-celular\/","title":{"rendered":"Activador Celular"},"content":{"rendered":"<h3 id=\"\"><strong id=\"\">El Activador Celular puede ayudar en caso de:<\/strong><\/h3>\n<ol id=\"\">\n<li id=\"\">Diversos tipos de inflamaci\u00f3n: problemas ginecol\u00f3gicos, fibromas uterinos, quistes ov\u00e1ricos, cervicitis, inflamaci\u00f3n p\u00e9lvica, vaginitis, \u201c\u00fatero fr\u00edo\u201d y otros.<\/li>\n<li id=\"\">Prostatitis, hipertrofia de la pr\u00f3stata, micci\u00f3n dolorosa o dif\u00edcil, frecuentes urgencias nocturnas para orinar, disminuci\u00f3n de la potencia.<\/li>\n<li id=\"\">Bronquitis, rinofaringitis, periartritis del hombro, espondilosis cervical, hiperplasia de las mamas, gastritis y enteritis, inflamaci\u00f3n renal, miocarditis, artritis, hepatitis, pancreatitis, meningitis, diversos tipos de quemaduras e infecciones externas en la piel, fiebre alta durante el resfriado, diarrea.<\/li>\n<li id=\"\">Dolores de diversos tipos: en el hombro y cuello, reum\u00e1ticos y articulares, dolores de est\u00f3mago, dismenorrea, cefalea, tumores, dolor de muelas, gota, dolores reum\u00e1ticos en las rodillas, diversos tipos de neuralgias.<\/li>\n<li id=\"\">Diferentes tipos de estasis (trombosis): en los meridianos, en el sistema linf\u00e1tico, en los vasos sangu\u00edneos del coraz\u00f3n y del cerebro, varices, inflamaci\u00f3n de la gl\u00e1ndula tiroides, lipomas, cataratas, hipermetrop\u00eda, manchas de edad, enfermedad de Parkinson, etc.<\/li>\n<li id=\"\">Diversos problemas de la piel: ti\u00f1a versicolor, eczema, psoriasis, vit\u00edligo, mal olor en las axilas, urticaria y otras inflamaciones cut\u00e1neas.<\/li>\n<li id=\"\">Problemas est\u00e9ticos: piel fl\u00e1cida, ca\u00edda, pigmentaci\u00f3n, acn\u00e9, insuficiencia de Qi y sangre, hinchaz\u00f3n, obesidad.<\/li>\n<\/ol>\n<p id=\"\"><strong>Una sesi\u00f3n con el Activador, que dura media hora, proporciona el mismo efecto que 10 sesiones de acupuntura, 20 sesiones de ventosas o 30 sesiones de masaje manual.<\/strong><\/p>\n<p id=\"\">\u200d<\/p>\n<p id=\"\">\u200d<\/p>\n<p id=\"\">\u200d<\/p>\n","protected":false},"featured_media":261,"template":"","categories":[6,29],"class_list":["post-121","product","type-product","status-publish","has-post-thumbnail","hentry","categories-vse-tovary","categories-pribory"],"acf":[],"_links":{"self":[{"href":"https:\/\/mywhieda.com\/es\/wp-json\/wp\/v2\/product\/121","targetHints":{"allow":["GET"]}}],"collection":[{"href":"https:\/\/mywhieda.com\/es\/wp-json\/wp\/v2\/product"}],"about":[{"href":"https:\/\/mywhieda.com\/es\/wp-json\/wp\/v2\/types\/product"}],"wp:featuredmedia":[{"embeddable":true,"href":"https:\/\/mywhieda.com\/es\/wp-json\/wp\/v2\/media\/261"}],"wp:attachment":[{"href":"https:\/\/mywhieda.com\/es\/wp-json\/wp\/v2\/media?parent=121"}],"wp:term":[{"taxonomy":"categories","embeddable":true,"href":"https:\/\/mywhieda.com\/es\/wp-json\/wp\/v2\/categories?post=121"}],"curies":[{"name":"wp","href":"https:\/\/api.w.org\/{rel}","templated":true}]}}