{"id":1244,"date":"2025-08-27T21:51:33","date_gmt":"2025-08-27T18:51:33","guid":{"rendered":"https:\/\/mywhieda.com\/?post_type=product&#038;p=1244"},"modified":"2025-08-29T21:08:21","modified_gmt":"2025-08-29T18:08:21","slug":"11kapsuly-zhelezo-kalciy-cink-selen-2-2","status":"publish","type":"product","link":"https:\/\/mywhieda.com\/es\/product\/11kapsuly-zhelezo-kalciy-cink-selen-2-2\/","title":{"rendered":"C\u00e1psulas de Calcio, Hierro, Zinc y Selenio"},"content":{"rendered":"<p><span style=\"font-weight: 400;\">Estas c\u00e1psulas est\u00e1n elaboradas a partir de algas marinas crudas, naturalmente ricas en calcio, y est\u00e1n adicionalmente enriquecidas con hierro porfir\u00ednico, gluconato de zinc, levadura enriquecida con selenio, gluconato de hierro y otros minerales beneficiosos. Proporcionan al cuerpo cuatro minerales esenciales.<\/span><\/p>\n<p>&nbsp;<\/p>\n<p><b>El papel de los minerales en el cuerpo humano:<\/b><\/p>\n<ul>\n<li style=\"font-weight: 400;\" aria-level=\"1\"><b>Calcio<\/b><span style=\"font-weight: 400;\">: Es un componente vital de los huesos y dientes; el crecimiento, desarrollo, funciones fisiol\u00f3gicas y el buen funcionamiento del sistema inmunol\u00f3gico no son posibles sin \u00e9l.<\/span><\/li>\n<li style=\"font-weight: 400;\" aria-level=\"1\"><b>Hierro<\/b><span style=\"font-weight: 400;\">: Es un componente esencial de la hemoglobina y respalda el correcto funcionamiento del sistema hematopoy\u00e9tico. El hierro porfir\u00ednico incrementa en un 25% la capacidad de la hemoglobina para transportar ox\u00edgeno.<\/span><\/li>\n<li style=\"font-weight: 400;\" aria-level=\"1\"><b>Zinc<\/b><span style=\"font-weight: 400;\">: Juega un papel clave en el desarrollo de las c\u00e9lulas cerebrales, apoya la inmunidad general, mejora el apetito y la percepci\u00f3n del gusto.<\/span><\/li>\n<li style=\"font-weight: 400;\" aria-level=\"1\"><b>Selenio<\/b><span style=\"font-weight: 400;\">: Refuerza el sistema inmunol\u00f3gico, retrasa los procesos de envejecimiento causados por la oxidaci\u00f3n e inhibe el crecimiento de tumores.<\/span><\/li>\n<\/ul>\n<p>&nbsp;<\/p>\n<p><b>Deficiencias de minerales en el organismo:<\/b><\/p>\n<ul>\n<li style=\"font-weight: 400;\" aria-level=\"1\"><b>Deficiencia de calcio<\/b><span style=\"font-weight: 400;\">: dolor en las articulaciones, dolor de espalda, debilidad en las piernas, osteoporosis, p\u00e9rdida de dientes, mareos, insomnio, ca\u00edda del cabello, retraso en el crecimiento, entumecimiento de las extremidades, raquitismo, entre otros.<\/span><\/li>\n<li style=\"font-weight: 400;\" aria-level=\"1\"><b>Deficiencia de hierro<\/b><span style=\"font-weight: 400;\">: fatiga, tono amarillento de la piel, palidez, anemia, poco apetito, extremidades fr\u00edas, retraso en el crecimiento, inmunidad d\u00e9bil, etc.<\/span><\/li>\n<li style=\"font-weight: 400;\" aria-level=\"1\"><b>Deficiencia de zinc<\/b><span style=\"font-weight: 400;\">: mala memoria, falta de atenci\u00f3n, retraso en el desarrollo, piel apagada, caries, p\u00e9rdida de apetito, baja resistencia a enfermedades, etc.<\/span><\/li>\n<li style=\"font-weight: 400;\" aria-level=\"1\"><b>Deficiencia de selenio<\/b><span style=\"font-weight: 400;\">: sistema inmunol\u00f3gico debilitado, ca\u00edda del cabello, u\u00f1as fr\u00e1giles, problemas cut\u00e1neos, alteraciones neurol\u00f3gicas, trastornos reproductivos, enfermedades cardiovasculares, hipertensi\u00f3n, diabetes, tumores, etc.<\/span><\/li>\n<\/ul>\n<p>&nbsp;<\/p>\n<p><b>La necesidad de una ingesta adicional de minerales:<\/b><b><br \/>\n<\/b><span style=\"font-weight: 400;\"> El calcio, hierro, zinc y selenio son elementos minerales esenciales para el cuerpo humano. Diversos problemas de salud suelen estar relacionados con un desequilibrio en estos minerales. Aunque cada uno act\u00faa de manera independiente, est\u00e1n interrelacionados: la deficiencia de uno puede desencadenar una cadena de trastornos.<\/span><span style=\"font-weight: 400;\"><br \/>\n<\/span><span style=\"font-weight: 400;\"> Estudios han demostrado que muchas personas presentan deficiencias simult\u00e1neas de calcio, hierro, zinc y selenio. En tales casos, suplementar solo uno de ellos no mejora significativamente la salud.<\/span><\/p>\n<p>&nbsp;<\/p>\n<p><b>Aplicaci\u00f3n de las C\u00e1psulas de Hierro, Calcio, Zinc y Selenio:<\/b><b><br \/>\n<\/b><span style=\"font-weight: 400;\"> Estudios farmacocin\u00e9ticos han confirmado que estos cuatro elementos \u2014calcio, hierro, zinc y selenio\u2014 pueden ser absorbidos simult\u00e1neamente por el cuerpo humano. No interfieren entre s\u00ed en la absorci\u00f3n; \u00a1al contrario, la potencian!<\/span><\/p>\n<ul>\n<li style=\"font-weight: 400;\" aria-level=\"1\"><span style=\"font-weight: 400;\">Tomar hierro, zinc y selenio junto con calcio fortalece los huesos y el sistema inmunol\u00f3gico, mejora la resistencia del cuerpo a infecciones y apoya el metabolismo.<\/span><\/li>\n<li style=\"font-weight: 400;\" aria-level=\"1\"><span style=\"font-weight: 400;\">Tomar calcio, zinc y selenio junto con hierro ayuda a tratar la anemia, aumenta la capacidad de transporte de ox\u00edgeno de la hemoglobina, mejora la funci\u00f3n cognitiva, estabiliza el estado de \u00e1nimo y fortalece el rendimiento mental, f\u00edsico y laboral en pacientes an\u00e9micos.<\/span><\/li>\n<li style=\"font-weight: 400;\" aria-level=\"1\"><span style=\"font-weight: 400;\">Tomar calcio, hierro y selenio junto con zinc mejora el apetito, la absorci\u00f3n de calcio, la circulaci\u00f3n y la salud general.<\/span><\/li>\n<li style=\"font-weight: 400;\" aria-level=\"1\"><span style=\"font-weight: 400;\">Tomar calcio, hierro y zinc junto con selenio fortalece el sistema inmunol\u00f3gico y los huesos, mejora la absorci\u00f3n de nutrientes, la memoria y el sue\u00f1o.<\/span><\/li>\n<\/ul>\n","protected":false},"featured_media":321,"template":"","categories":[6,32],"class_list":["post-1244","product","type-product","status-publish","has-post-thumbnail","hentry","categories-vse-tovary","categories-dieticheskie-dobavki"],"acf":[],"_links":{"self":[{"href":"https:\/\/mywhieda.com\/es\/wp-json\/wp\/v2\/product\/1244","targetHints":{"allow":["GET"]}}],"collection":[{"href":"https:\/\/mywhieda.com\/es\/wp-json\/wp\/v2\/product"}],"about":[{"href":"https:\/\/mywhieda.com\/es\/wp-json\/wp\/v2\/types\/product"}],"wp:featuredmedia":[{"embeddable":true,"href":"https:\/\/mywhieda.com\/es\/wp-json\/wp\/v2\/media\/321"}],"wp:attachment":[{"href":"https:\/\/mywhieda.com\/es\/wp-json\/wp\/v2\/media?parent=1244"}],"wp:term":[{"taxonomy":"categories","embeddable":true,"href":"https:\/\/mywhieda.com\/es\/wp-json\/wp\/v2\/categories?post=1244"}],"curies":[{"name":"wp","href":"https:\/\/api.w.org\/{rel}","templated":true}]}}