{"id":129,"date":"2025-02-04T17:24:32","date_gmt":"2025-02-04T14:24:32","guid":{"rendered":"https:\/\/whieda.wtwd.ru\/product\/bioenergomasajeador-magic-foherb\/"},"modified":"2026-04-13T17:40:04","modified_gmt":"2026-04-13T14:40:04","slug":"bioenergomasajeador-magic-foherb","status":"publish","type":"product","link":"https:\/\/mywhieda.com\/es\/product\/bioenergomasajeador-magic-foherb\/","title":{"rendered":"Bioenergomasajeador Magic Foherb"},"content":{"rendered":"<p id=\"\">La medicina china, basada en conocimientos milenarios, reconoce que todas las enfermedades comienzan con una alteraci\u00f3n del equilibrio energ\u00e9tico en el cuerpo. La estasis de energ\u00eda en los meridianos, similar a un bloqueo en una tuber\u00eda, impide el libre flujo de las fuerzas vitales, lo que conduce a enfermedades. La salud se alcanza mediante la nutrici\u00f3n y la limpieza constante de cada c\u00e9lula, lo que asegura el funcionamiento armonioso del organismo.<\/p>\n<p id=\"\">Estos principios explican la popularidad de la medicina tradicional china en un pa\u00eds con medicina occidental avanzada. Los m\u00e9dicos chinos tienen una gran experiencia en el tratamiento y la prevenci\u00f3n de enfermedades cr\u00f3nicas, lo que les permite envejecer sin complicaciones. Los m\u00e9todos de la medicina tradicional china son seguros, ecol\u00f3gicos y ofrecen resultados r\u00e1pidos sin efectos secundarios.<\/p>\n<p id=\"\">Hoy en d\u00eda, la tecnolog\u00eda moderna hace que este conocimiento antiguo sea accesible para todos. El Bioenergomasajeador Magic Foherb es un dispositivo que ayuda a restaurar el equilibrio energ\u00e9tico en el cuerpo y mejorar la salud. Las sesiones de regulaci\u00f3n bioenerg\u00e9tica con este masajeador ofrecen un m\u00e9todo simple y eficaz de tratamiento y prevenci\u00f3n, que limpia los meridianos, mejora la circulaci\u00f3n sangu\u00ednea y resuelve problemas corporales.<\/p>\n<h3 id=\"\"><strong id=\"\">Principio de Funcionamiento:<\/strong><\/h3>\n<p id=\"\">Basado en los principios de la medicina tradicional china y aplicando tecnolog\u00edas bi\u00f3nicas y ergon\u00f3micas modernas, el masajeador combina varias funciones: impulso, l\u00e1ser, vac\u00edo y calentamiento. Esto permite realizar procedimientos preventivos y terap\u00e9uticos en casa sin necesidad de visitar una cl\u00ednica: acupuntura, masaje terap\u00e9utico, ventosas, masaje gua sha (masaje de raspado \u00f3seo; m\u00e9todo de acci\u00f3n sobre puntos biol\u00f3gicamente activos en la medicina tradicional china), y otros procedimientos. Adem\u00e1s, el masajeador se puede usar en cosmetolog\u00eda, para bajar de peso y combatir la celulitis.<\/p>\n<p id=\"\">\u200d<\/p>\n<p id=\"\">\u200d<\/p>\n<p id=\"\">\u200d<\/p>\n","protected":false},"featured_media":265,"template":"","categories":[6,29],"class_list":["post-129","product","type-product","status-publish","has-post-thumbnail","hentry","categories-vse-tovary","categories-pribory"],"acf":[],"_links":{"self":[{"href":"https:\/\/mywhieda.com\/es\/wp-json\/wp\/v2\/product\/129","targetHints":{"allow":["GET"]}}],"collection":[{"href":"https:\/\/mywhieda.com\/es\/wp-json\/wp\/v2\/product"}],"about":[{"href":"https:\/\/mywhieda.com\/es\/wp-json\/wp\/v2\/types\/product"}],"wp:featuredmedia":[{"embeddable":true,"href":"https:\/\/mywhieda.com\/es\/wp-json\/wp\/v2\/media\/265"}],"wp:attachment":[{"href":"https:\/\/mywhieda.com\/es\/wp-json\/wp\/v2\/media?parent=129"}],"wp:term":[{"taxonomy":"categories","embeddable":true,"href":"https:\/\/mywhieda.com\/es\/wp-json\/wp\/v2\/categories?post=129"}],"curies":[{"name":"wp","href":"https:\/\/api.w.org\/{rel}","templated":true}]}}