{"id":131,"date":"2025-02-04T17:24:32","date_gmt":"2025-02-04T14:24:32","guid":{"rendered":"https:\/\/whieda.wtwd.ru\/product\/capsulas-xuechinfu\/"},"modified":"2025-02-16T12:30:59","modified_gmt":"2025-02-16T09:30:59","slug":"capsulas-xuechinfu","status":"publish","type":"product","link":"https:\/\/mywhieda.com\/es\/product\/capsulas-xuechinfu\/","title":{"rendered":"CAPSULAS XUECHINFU"},"content":{"rendered":"<p id=\"\">Las c\u00e1psulas &#171;Xuechinfu&#187; son un producto completamente natural dise\u00f1ado para mantener los vasos sangu\u00edneos limpios y saludables. Este suplemento previene enfermedades cardiovasculares y aumenta la vitalidad. Su uso ayuda a disolver eficazmente los trombos, purificar la sangre de toxinas y mantener la funci\u00f3n normal de los capilares.<\/p>\n<h3 id=\"\"><strong id=\"\">Uso de las c\u00e1psulas &#171;Xuechinfu&#187;<\/strong><\/h3>\n<p id=\"\"><strong id=\"\">1. Acci\u00f3n trombol\u00edtica<br \/>\n<\/strong>El extracto de natto tiene un poderoso efecto trombol\u00edtico: disuelve trombos ya formados, previene la agregaci\u00f3n de plaquetas y la formaci\u00f3n de nuevos trombos, y restablece el flujo sangu\u00edneo. Es un complemento terap\u00e9utico eficaz para enfermedades cardiovasculares y cerebrovasculares.<\/p>\n<p id=\"\"><strong id=\"\">2. Suavizaci\u00f3n de los vasos sangu\u00edneos<br \/>\n<\/strong>El extracto de semillas de uva, que contiene proantocianidinas (OPC), es un antioxidante altamente efectivo. Su actividad es 50 veces mayor que la de la vitamina E y 20 veces mayor que la de la vitamina C. Previene la oxidaci\u00f3n celular, lo que ayuda a mantener la elasticidad de los vasos sangu\u00edneos y reduce su fragilidad.<\/p>\n<p id=\"\"><strong id=\"\">3. Reducci\u00f3n de tres indicadores clave<br \/>\n<\/strong>El extracto de Gynostemma pentaphyllum ayuda a reducir la presi\u00f3n arterial, los l\u00edpidos y el az\u00facar en la sangre. Adem\u00e1s, posee propiedades trombol\u00edticas, lo que restaura la elasticidad de los vasos sangu\u00edneos y previene su envejecimiento.<\/p>\n<p id=\"\"><strong id=\"\">Composici\u00f3n de las c\u00e1psulas &#171;Xuechinfu&#187;<\/strong><\/p>\n<p id=\"\">El producto contiene natto (un alimento japon\u00e9s fermentado a base de soja), extracto de semillas de uva y extracto de Gynostemma pentaphyllum.<\/p>\n<p id=\"\">El componente principal es la nattokinasa, una enzima presente en los frijoles de soja fermentados. La nattokinasa mejora la fluidez de la sangre y el flujo sangu\u00edneo, actuando como una alternativa natural a la aspirina para prevenir y tratar enfermedades cardiovasculares.<\/p>\n<h3 id=\"\"><strong id=\"\">Beneficios principales<\/strong><\/h3>\n<ul id=\"\">\n<li id=\"\"><strong id=\"\">Fortalecimiento de los vasos sangu\u00edneos.<\/strong><\/li>\n<li id=\"\"><strong id=\"\">Reducci\u00f3n de la viscosidad de la linfa.<\/strong><\/li>\n<li id=\"\"><strong id=\"\">Mejora la entrega de ox\u00edgeno a los tejidos.<\/strong><\/li>\n<li id=\"\"><strong id=\"\">Aumento de la densidad \u00f3sea.<\/strong><\/li>\n<li id=\"\"><strong id=\"\">Alivio del dolor articular y muscular.<\/strong><\/li>\n<li id=\"\"><strong id=\"\">Apoyo a la funci\u00f3n visual.<\/strong><\/li>\n<li id=\"\"><strong id=\"\">Eliminaci\u00f3n de toxinas del cuerpo.<\/strong><\/li>\n<\/ul>\n<h3 id=\"\"><strong id=\"\">Indicaciones para su uso:<\/strong><\/h3>\n<ul id=\"\">\n<li id=\"\">Niveles elevados de colesterol en sangre.<\/li>\n<li id=\"\">Enfermedades card\u00edacas isqu\u00e9micas.<\/li>\n<li id=\"\">Hipertensi\u00f3n arterial.<\/li>\n<li id=\"\">Diabetes.<\/li>\n<li id=\"\">Deterioro de la memoria relacionado con la edad.<\/li>\n<li id=\"\">Fatiga muscular o dolor en las piernas al caminar.<\/li>\n<li id=\"\">Entumecimiento o sensaci\u00f3n de hormigueo en manos y pies.<\/li>\n<li id=\"\">Heridas que cicatrizan lentamente.<\/li>\n<li id=\"\">Enfermedades oncol\u00f3gicas.<\/li>\n<\/ul>\n<p>\u200d<\/p>\n<p>\u200d<\/p>\n<p id=\"\">\u200d<\/p>\n","protected":false},"featured_media":271,"template":"","categories":[6,32],"class_list":["post-131","product","type-product","status-publish","has-post-thumbnail","hentry","categories-vse-tovary","categories-dieticheskie-dobavki"],"acf":[],"_links":{"self":[{"href":"https:\/\/mywhieda.com\/es\/wp-json\/wp\/v2\/product\/131","targetHints":{"allow":["GET"]}}],"collection":[{"href":"https:\/\/mywhieda.com\/es\/wp-json\/wp\/v2\/product"}],"about":[{"href":"https:\/\/mywhieda.com\/es\/wp-json\/wp\/v2\/types\/product"}],"wp:featuredmedia":[{"embeddable":true,"href":"https:\/\/mywhieda.com\/es\/wp-json\/wp\/v2\/media\/271"}],"wp:attachment":[{"href":"https:\/\/mywhieda.com\/es\/wp-json\/wp\/v2\/media?parent=131"}],"wp:term":[{"taxonomy":"categories","embeddable":true,"href":"https:\/\/mywhieda.com\/es\/wp-json\/wp\/v2\/categories?post=131"}],"curies":[{"name":"wp","href":"https:\/\/api.w.org\/{rel}","templated":true}]}}