{"id":134,"date":"2025-02-04T17:24:32","date_gmt":"2025-02-04T14:24:32","guid":{"rendered":"https:\/\/whieda.wtwd.ru\/product\/cinturon-magnetico-de-turmalina\/"},"modified":"2025-02-16T12:26:52","modified_gmt":"2025-02-16T09:26:52","slug":"cinturon-magnetico-de-turmalina","status":"publish","type":"product","link":"https:\/\/mywhieda.com\/es\/product\/cinturon-magnetico-de-turmalina\/","title":{"rendered":"Cintur\u00f3n Magn\u00e9tico de Turmalina"},"content":{"rendered":"<p id=\"\"><strong id=\"\">Composici\u00f3n del cintur\u00f3n magn\u00e9tico<\/strong><\/p>\n<p>\u200d<\/p>\n<ul id=\"\">\n<li>38.9% fibra de poli\u00e9ster (turmalina)<\/li>\n<li>34.4% algod\u00f3n<\/li>\n<li>26.7% elastano<\/li>\n<li>2 gr\u00e1nulos magn\u00e9ticos<\/li>\n<li>4 placas de soporte (contienen 14 gr\u00e1nulos en su interior)<\/li>\n<\/ul>\n<p>\u200d<\/p>\n<p id=\"\">El material principal del cintur\u00f3n magn\u00e9tico es la FIBRA DE TURMALINA, capaz de emitir rayos infrarrojos lejanos de 4 a 14 micrones. En combinaci\u00f3n con los imanes, ayuda a mejorar la microcirculaci\u00f3n en la zona lumbar, realiza un masaje est\u00e1tico en la zona, alivia la fatiga y el dolor, mantiene el calor y proporciona un soporte seguro para la zona lumbar.<\/p>\n<p>\u200d<\/p>\n<p id=\"\"><strong id=\"\">La fibra tambi\u00e9n contiene part\u00edculas de carb\u00f3n de bamb\u00fa.<\/strong><\/p>\n<ul id=\"\">\n<li>SUAVE Y EL\u00c1STICO<\/li>\n<li>ABSORBENTE Y TRANSPIRABLE<\/li>\n<li>ANTIBACTERIANO<\/li>\n<li>C\u00c1LIDO EN INVIERNO Y FRESCO EN VERANO<\/li>\n<li>ECOL\u00d3GICO<\/li>\n<\/ul>\n<p>\u200d<\/p>\n<p id=\"\"><strong id=\"\">DISE\u00d1O ERGON\u00d3MICO<\/strong><\/p>\n<ul id=\"\">\n<li>Fino y flexible<\/li>\n<li>Adaptado a la curva natural de la lordosis del cuerpo humano<\/li>\n<li>C\u00f3modo y duradero<\/li>\n<\/ul>\n<p>\u200d<\/p>\n<h3 id=\"\"><strong id=\"\">DESCOMPRESI\u00d3N DE SOPORTE\u00a0<\/strong><\/h3>\n<p>\u200d<\/p>\n<p id=\"\">El soporte lumbar est\u00e1 equipado con una placa de soporte magn\u00e9tica tridimensional para un apoyo fiable de la zona lumbar.<\/p>\n<p>\u200d<\/p>\n<h3 id=\"\"><strong id=\"\">ALIVIO DE LA FATIGA\u00a0<\/strong><\/h3>\n<p>\u200d<\/p>\n<p id=\"\">Gracias a la acci\u00f3n de los imanes, se puede eliminar eficazmente la fatiga y aliviar el dolor en la zona lumbar.<\/p>\n<p>\u200d<\/p>\n<h3 id=\"\"><strong id=\"\">BOLSILLO FUNCIONAL PARA INSERCIONES DE CALENTAMIENTO\u00a0<\/strong><\/h3>\n<p>\u200d<\/p>\n<p id=\"\">El cintur\u00f3n magn\u00e9tico incluye un bolsillo funcional para insertar paquetes del &#171;Conjunto Calentador de Artemisa&#187;. Coloque el saquito de artemisa y el paquete t\u00e9rmico con energ\u00eda de minerales en el bolsillo. Bajo el efecto t\u00e9rmico del paquete, el saquito de artemisa calienta los meridianos, mejora la circulaci\u00f3n de energ\u00eda Qi y la circulaci\u00f3n sangu\u00ednea, disipa el &#171;fr\u00edo&#187;, reduce la fatiga y contribuye a mejorar el flujo sangu\u00edneo y aliviar el dolor en la zona lumbar.<\/p>\n<p>\u200d<\/p>\n<p id=\"\"><strong id=\"\">Especificaciones T\u00e9cnicas:<\/strong><\/p>\n<p>\u200d<\/p>\n<p id=\"\">M \u2013 85 cm x 19 cm \/ contorno de cintura 75-80 cm<\/p>\n<p id=\"\">L \u2013 90 cm x 19 cm \/ contorno de cintura 85-95 cm<\/p>\n<p id=\"\">XL \u2013 98 cm x 19 cm \/ contorno de cintura 95-105 cm<\/p>\n<p id=\"\">XXL \u2013 108 cm x 19 cm \/ contorno de cintura 105-115 cm<\/p>\n<p>\u200d<\/p>\n<p id=\"\">\u200d<\/p>\n<p id=\"\">\u200d<\/p>\n","protected":false},"featured_media":272,"template":"","categories":[6,31],"class_list":["post-134","product","type-product","status-publish","has-post-thumbnail","hentry","categories-vse-tovary","categories-aksessuary"],"acf":[],"_links":{"self":[{"href":"https:\/\/mywhieda.com\/es\/wp-json\/wp\/v2\/product\/134","targetHints":{"allow":["GET"]}}],"collection":[{"href":"https:\/\/mywhieda.com\/es\/wp-json\/wp\/v2\/product"}],"about":[{"href":"https:\/\/mywhieda.com\/es\/wp-json\/wp\/v2\/types\/product"}],"wp:featuredmedia":[{"embeddable":true,"href":"https:\/\/mywhieda.com\/es\/wp-json\/wp\/v2\/media\/272"}],"wp:attachment":[{"href":"https:\/\/mywhieda.com\/es\/wp-json\/wp\/v2\/media?parent=134"}],"wp:term":[{"taxonomy":"categories","embeddable":true,"href":"https:\/\/mywhieda.com\/es\/wp-json\/wp\/v2\/categories?post=134"}],"curies":[{"name":"wp","href":"https:\/\/api.w.org\/{rel}","templated":true}]}}