{"id":1355,"date":"2025-11-29T14:02:42","date_gmt":"2025-11-29T11:02:42","guid":{"rendered":"https:\/\/mywhieda.com\/?post_type=product&#038;p=1355"},"modified":"2026-04-10T17:20:35","modified_gmt":"2026-04-10T14:20:35","slug":"omolazhivayushchiy-sprey-s-lifting-effektom-3-3","status":"publish","type":"product","link":"https:\/\/mywhieda.com\/es\/product\/omolazhivayushchiy-sprey-s-lifting-effektom-3-3\/","title":{"rendered":"Mascarilla con Efecto Lifting FUNDESEE"},"content":{"rendered":"<p><span style=\"font-weight: 400;\">La mascarilla con efecto lifting FUNDESEE es un tratamiento facial diario de calidad premium que proporciona un cuidado lifting integral y ayuda a mantener la juventud de la piel. La mascarilla contiene una alta concentraci\u00f3n de mol\u00e9culas de agua, lo que hidrata y nutre la piel de manera eficaz. La seda hidrolizada estimula la producci\u00f3n de col\u00e1geno y ayuda a mejorar la firmeza y elasticidad de la piel.<\/span><span style=\"font-weight: 400;\"><br \/>\n<\/span><span style=\"font-weight: 400;\"> Es adecuada para piel propensa a la sequedad, tirantez, descamaci\u00f3n, sensibilidad aumentada, tono apagado, as\u00ed como para reducir la apariencia de arrugas y mantener la piel suave y fresca.<\/span><\/p>\n<p>&nbsp;<\/p>\n<h3><b>Cuatro componentes principales<\/b><\/h3>\n<p><b>Sericina<\/b><b><br \/>\n<\/b><span style=\"font-weight: 400;\"> Una prote\u00edna que contiene 18 tipos de amino\u00e1cidos. Ayuda a limpiar la piel y a mantener el equilibrio hidrolip\u00eddico del epidermis. La sericina obtenida de seda hidrolizada contribuye a un tono uniforme y una textura suave.<\/span><\/p>\n<p><b>Fibro\u00edna<\/b><b><br \/>\n<\/b><span style=\"font-weight: 400;\"> Una fibra natural obtenida de la seda. Ayuda a mantener un nivel \u00f3ptimo de hidrataci\u00f3n, dejando la piel m\u00e1s suave, lisa y el\u00e1stica, y aport\u00e1ndole un brillo saludable.<\/span><\/p>\n<p><b>Quitosano<\/b><b><br \/>\n<\/b><span style=\"font-weight: 400;\"> Un polisac\u00e1rido con alta capacidad de adsorci\u00f3n. Ayuda a limpiar la piel de impurezas y restos de cosm\u00e9ticos, proporcionando una sensaci\u00f3n de frescura y pureza.<\/span><\/p>\n<p><b>Hialuronato de sodio<\/b><b><br \/>\n<\/b><span style=\"font-weight: 400;\"> Una forma de \u00e1cido hialur\u00f3nico que hidrata profundamente la piel y la hace m\u00e1s firme y suave.<\/span><\/p>\n<p>&nbsp;<\/p>\n<p><b>Efectos de la mascarilla rejuvenecedora con efecto lifting FUNDESEE:<\/b><b><br \/>\n<\/b><span style=\"font-weight: 400;\"> \u2022 Hidrata la piel<\/span><span style=\"font-weight: 400;\"><br \/>\n<\/span><span style=\"font-weight: 400;\"> \u2022 Limpia y refresca<\/span><span style=\"font-weight: 400;\"><br \/>\n<\/span><span style=\"font-weight: 400;\"> \u2022 Proporciona beneficios antioxidantes<\/span><span style=\"font-weight: 400;\"><br \/>\n<\/span><span style=\"font-weight: 400;\"> \u2022 Ayuda a reducir la hinchaz\u00f3n y las ojeras<\/span><span style=\"font-weight: 400;\"><br \/>\n<\/span><span style=\"font-weight: 400;\"> \u2022 Crea un efecto lifting<\/span><span style=\"font-weight: 400;\"><br \/>\n<\/span><span style=\"font-weight: 400;\"> \u2022 Contribuye a que la piel sea m\u00e1s firme y suave<\/span><\/p>\n<p><strong>El paquete contiene 10 mascarillas.<\/strong><\/p>\n","protected":false},"featured_media":1347,"template":"","categories":[6,33],"class_list":["post-1355","product","type-product","status-publish","has-post-thumbnail","hentry","categories-vse-tovary","categories-kosmetika"],"acf":[],"_links":{"self":[{"href":"https:\/\/mywhieda.com\/es\/wp-json\/wp\/v2\/product\/1355","targetHints":{"allow":["GET"]}}],"collection":[{"href":"https:\/\/mywhieda.com\/es\/wp-json\/wp\/v2\/product"}],"about":[{"href":"https:\/\/mywhieda.com\/es\/wp-json\/wp\/v2\/types\/product"}],"wp:featuredmedia":[{"embeddable":true,"href":"https:\/\/mywhieda.com\/es\/wp-json\/wp\/v2\/media\/1347"}],"wp:attachment":[{"href":"https:\/\/mywhieda.com\/es\/wp-json\/wp\/v2\/media?parent=1355"}],"wp:term":[{"taxonomy":"categories","embeddable":true,"href":"https:\/\/mywhieda.com\/es\/wp-json\/wp\/v2\/categories?post=1355"}],"curies":[{"name":"wp","href":"https:\/\/api.w.org\/{rel}","templated":true}]}}