{"id":143,"date":"2025-02-04T17:24:32","date_gmt":"2025-02-04T14:24:32","guid":{"rendered":"https:\/\/whieda.wtwd.ru\/product\/conjunto-de-edad-de-oro\/"},"modified":"2025-03-02T16:58:52","modified_gmt":"2025-03-02T13:58:52","slug":"conjunto-de-edad-de-oro","status":"publish","type":"product","link":"https:\/\/mywhieda.com\/es\/product\/conjunto-de-edad-de-oro\/","title":{"rendered":"Conjunto de &#171;Edad de Oro&#187;"},"content":{"rendered":"<p id=\"\"><strong id=\"\">Edad de Oro: \u00a1el momento de cuidarse!<\/strong><\/p>\n<p id=\"\">La vida est\u00e1 llena de eventos, y la experiencia es invaluable. Sin embargo, con los a\u00f1os, pueden surgir algunos cambios en el organismo que requieren atenci\u00f3n especial. Es importante recordar que la &#171;edad de oro&#187; es el momento para la salud y el bienestar.<\/p>\n<h3 id=\"\"><strong id=\"\">\u00bfQu\u00e9 problemas pueden aparecer en la &#171;edad de oro&#187;?<\/strong><\/h3>\n<ul id=\"\">\n<li><strong id=\"\">Disminuci\u00f3n de la inmunidad:<\/strong> Mayor susceptibilidad a infecciones, resfriados y otras enfermedades.<\/li>\n<li><strong id=\"\">Alteraciones del sistema cardiovascular:<\/strong> Hipertensi\u00f3n, enfermedad coronaria, arritmia.<\/li>\n<li><strong id=\"\">Problemas articulares:<\/strong> Artritis, osteoporosis, dolores de espalda, limitaci\u00f3n de movilidad.<\/li>\n<li><strong id=\"\">Trastornos digestivos:<\/strong> Estre\u00f1imiento, diarrea, hinchaz\u00f3n abdominal, gastritis.<\/li>\n<li><strong id=\"\">Problemas urinarios:<\/strong> Prostatitis en hombres, cistitis en mujeres.<\/li>\n<li><strong id=\"\">Alteraciones del sue\u00f1o:<\/strong> Insomnio, despertares frecuentes, sue\u00f1o intranquilo.<\/li>\n<li><strong id=\"\">Deterioro de la memoria y concentraci\u00f3n:<\/strong> Olvidos, dificultades para concentrarse, disminuci\u00f3n de las funciones cognitivas.<\/li>\n<li><strong id=\"\">Mayor fatiga:<\/strong> Reducci\u00f3n de la actividad f\u00edsica, cansancio r\u00e1pido.<\/li>\n<li><strong id=\"\">Depresi\u00f3n y ansiedad:<\/strong> Cambios en el estilo de vida, jubilaci\u00f3n, p\u00e9rdida de seres queridos pueden provocar alteraciones emocionales.<\/li>\n<\/ul>\n<p id=\"\">La medicina occidental a menudo ofrece solo tratamientos sintom\u00e1ticos que no resuelven las causas de la enfermedad. Pero la medicina china se basa en un principio diferente: la enfermedad no es un enemigo con el que luchar, sino una se\u00f1al de desequilibrio en el organismo.<\/p>\n<p id=\"\">Hemos preparado para ustedes, queridos representantes de la &#171;edad de oro&#187;, una selecci\u00f3n de productos de WHIEDA que ayudar\u00e1n a fortalecer la salud y restaurar la armon\u00eda en el organismo. En ella encontrar\u00e1n todo lo necesario para mantener la inmunidad, mejorar la digesti\u00f3n, recuperar el sue\u00f1o, mejorar la memoria y el bienestar general.<\/p>\n<p id=\"\">\u00a1Cu\u00eddense hoy para vivir la &#171;edad de oro&#187; con alegr\u00eda y energ\u00eda!<\/p>\n<h3 id=\"\"><strong id=\"\">Activador de c\u00e9lulas<\/strong><\/h3>\n<p id=\"\">Activa las c\u00e9lulas dormidas, restaura las da\u00f1adas, destruye los radicales libres, estimula la autorregeneraci\u00f3n del organismo, aumenta el tono general, previene enfermedades, limpia r\u00e1pidamente los meridianos y la linfa. Combate eficazmente las erupciones cut\u00e1neas, papilomas, psoriasis, prolonga la juventud, activa el crecimiento de nuevo cabello, devuelve el pigmento al cabello, ayuda a eliminar edemas, alivia dolores y mejora el funcionamiento de los \u00f3rganos internos.<br \/>\nUn procedimiento con el activador, que toma media hora, tiene el mismo efecto que 10 sesiones de acupuntura, 20 con ventosas o 30 masajes manuales.<\/p>\n<h3 id=\"\"><strong id=\"\">Masajeador bioenerg\u00e9tico MAGIC FOHERB<\/strong><\/h3>\n<p id=\"\">Con este dispositivo es f\u00e1cil realizar procedimientos preventivos y terap\u00e9uticos en casa sin necesidad de visitar una cl\u00ednica: acupuntura, masajes terap\u00e9uticos, masajes con ventosas, masaje guasha (con raspador de hueso; m\u00e9todo de acci\u00f3n sobre puntos biol\u00f3gicamente activos en la medicina tradicional china) y otros procedimientos.<\/p>\n<p id=\"\"><strong id=\"\">Recomendado especialmente para:<\/strong><\/p>\n<ul id=\"\">\n<li>Personas con enfermedades del aparato locomotor (columna cervical, articulaciones de los hombros, etc.).<\/li>\n<li>Desplazamiento de discos.<\/li>\n<li>Artritis reumatoide.<\/li>\n<li>Necrosis.<\/li>\n<li>Lucha contra el sobrepeso y la celulitis.<\/li>\n<li>Procedimientos de drenaje linf\u00e1tico y tonificaci\u00f3n.<\/li>\n<li>Recuperaci\u00f3n despu\u00e9s de lesiones y cargas f\u00edsicas.<\/li>\n<\/ul>\n<h3 id=\"\"><strong id=\"\">Sauna &#171;Ba-Gua&#187;<\/strong><\/h3>\n<p id=\"\">La sauna no solo ayuda a relajarse, sino tambi\u00e9n a fortalecer la salud, mejorar el metabolismo, perder peso y aliviar dolores. Sin embargo, no todos tienen la posibilidad de asistir regularmente a una sauna. Por ello, les presentamos la sauna &#171;Ba-Gua&#187;, \u00fanica y dise\u00f1ada para uso dom\u00e9stico.<\/p>\n<p id=\"\">Es una mini sauna que utiliza tecnolog\u00edas especiales y las propiedades f\u00edsicas de piedras como el turmalina y el jade negro. Con estas piedras terap\u00e9uticas y una construcci\u00f3n especial de tejido, nuestra sauna crea un microclima \u00fanico que ofrece un efecto terap\u00e9utico en todo el cuerpo: mejora la microcirculaci\u00f3n de la sangre y los procesos metab\u00f3licos, elimina toxinas y desechos, mejora el estado de la piel, combate procesos inflamatorios y dolores, alivia el cansancio y ayuda a relajarse.<\/p>\n<h3 id=\"\"><strong id=\"\">Plantillas correctoras<\/strong><\/h3>\n<p id=\"\">Los pies son el &#171;segundo coraz\u00f3n&#187;. El proceso de circulaci\u00f3n sangu\u00ednea por todo el cuerpo est\u00e1 estrechamente relacionado con los pies, desde estar de pie hasta caminar. Si los pies no est\u00e1n sanos, los vasos sangu\u00edneos ubicados en ellos no funcionar\u00e1n correctamente, puede haber estancamiento de la sangre en las extremidades inferiores, lo que inevitablemente lleva a problemas de salud.<\/p>\n<p id=\"\">Las plantillas correctoras promueven:<\/p>\n<ul id=\"\">\n<li>Mejorar la postura.<\/li>\n<li>Distribuir uniformemente la presi\u00f3n sobre el pie.<\/li>\n<li>Masaje de la zona refleja del pie.<\/li>\n<li>Correcci\u00f3n del pie plano.<\/li>\n<li>Fortalecer la forma adecuada del pie.<\/li>\n<\/ul>\n<h3 id=\"\"><strong id=\"\">Gafas de alta tecnolog\u00eda<\/strong><\/h3>\n<p id=\"\">Estas gafas protegen contra la radiaci\u00f3n emitida por el monitor de la computadora y el televisor.<\/p>\n<p id=\"\"><strong id=\"\">Recomendadas para:<\/strong><\/p>\n<ul id=\"\">\n<li>Personas mayores de 40 a\u00f1os (cuando comienza el proceso de envejecimiento del organismo).<\/li>\n<li>Quienes sufren de xerostalmia, cansancio ocular, opacidades del humor v\u00edtreo, ambliop\u00eda, presbicia, miop\u00eda, cataratas, glaucoma, o problemas de microcirculaci\u00f3n sangu\u00ednea.<\/li>\n<\/ul>\n<p id=\"\">La montura est\u00e1 hecha de materiales compuestos de grafeno PA6\/G, que emite de 1000 a 2200 aniones por cent\u00edmetro c\u00fabico, activando las c\u00e9lulas en la zona ocular y estimulando la circulaci\u00f3n sangu\u00ednea.<\/p>\n<p id=\"\"><strong id=\"\">Chal energ\u00e9tico<\/strong><\/p>\n<p id=\"\">El germanio org\u00e1nico en su composici\u00f3n tiene funciones de radiaci\u00f3n infrarroja y liberaci\u00f3n de aniones. Mejora la circulaci\u00f3n sangu\u00ednea y microcirculaci\u00f3n, alivia la incomodidad y fatiga en el \u00e1rea del cuello y hombros, ralentiza el envejecimiento de la piel y mejora la salud general.<\/p>\n<h3 id=\"\"><strong id=\"\">Conjunto de restauraci\u00f3n completa del organismo<\/strong><\/h3>\n<p id=\"\">Basado en los principios de la medicina china, este kit incluye todo lo necesario para restaurar el equilibrio del yin y el yang, limpiar el organismo de toxinas y nutrirlo con energ\u00eda vital.<\/p>\n<p id=\"\">Los expertos de WHIEDA han desarrollado un enfoque integral para el bienestar que garantiza un cuidado completo del cuerpo y la mente.<\/p>\n<p id=\"\">\u200d<\/p>\n<p id=\"\">\u200d<\/p>\n<p id=\"\">\u200d<\/p>\n<p id=\"\">\u200d<\/p>\n","protected":false},"featured_media":253,"template":"","categories":[6,7],"class_list":["post-143","product","type-product","status-publish","has-post-thumbnail","hentry","categories-vse-tovary","categories-nabory"],"acf":[],"_links":{"self":[{"href":"https:\/\/mywhieda.com\/es\/wp-json\/wp\/v2\/product\/143","targetHints":{"allow":["GET"]}}],"collection":[{"href":"https:\/\/mywhieda.com\/es\/wp-json\/wp\/v2\/product"}],"about":[{"href":"https:\/\/mywhieda.com\/es\/wp-json\/wp\/v2\/types\/product"}],"wp:featuredmedia":[{"embeddable":true,"href":"https:\/\/mywhieda.com\/es\/wp-json\/wp\/v2\/media\/253"}],"wp:attachment":[{"href":"https:\/\/mywhieda.com\/es\/wp-json\/wp\/v2\/media?parent=143"}],"wp:term":[{"taxonomy":"categories","embeddable":true,"href":"https:\/\/mywhieda.com\/es\/wp-json\/wp\/v2\/categories?post=143"}],"curies":[{"name":"wp","href":"https:\/\/api.w.org\/{rel}","templated":true}]}}