{"id":144,"date":"2025-02-04T17:24:32","date_gmt":"2025-02-04T14:24:32","guid":{"rendered":"https:\/\/whieda.wtwd.ru\/product\/conjunto-de-restauracion-total-del-organismo\/"},"modified":"2025-03-02T16:57:00","modified_gmt":"2025-03-02T13:57:00","slug":"conjunto-de-restauracion-total-del-organismo","status":"publish","type":"product","link":"https:\/\/mywhieda.com\/es\/product\/conjunto-de-restauracion-total-del-organismo\/","title":{"rendered":"Conjunto de restauraci\u00f3n total del organismo"},"content":{"rendered":"<p id=\"\">La medicina china es un sistema de salud ancestral con miles de a\u00f1os de existencia. Se basa en una comprensi\u00f3n profunda de c\u00f3mo funciona el cuerpo humano y c\u00f3mo mantenerlo en un estado saludable. Investigaciones modernas han confirmado la efectividad de la medicina china. Por ejemplo, la acupuntura se utiliza con \u00e9xito para tratar dolores cr\u00f3nicos, n\u00e1useas, migra\u00f1as e incluso la depresi\u00f3n. Los remedios herbales ayudan a reducir el colesterol, mejorar la digesti\u00f3n e incluso fortalecer el sistema inmunol\u00f3gico.<\/p>\n<p id=\"\">A diferencia de la medicina occidental, que se centra en combatir los s\u00edntomas, la medicina china busca restaurar el equilibrio y la armon\u00eda en el organismo. Imag\u00ednate que en nuestro cuerpo fluye un r\u00edo invisible: la energ\u00eda vital, conocida como Qi. Esta energ\u00eda alimenta todos los \u00f3rganos y sistemas, manteni\u00e9ndolos en armon\u00eda. El Qi fluye a trav\u00e9s de canales especiales llamados meridianos. Los meridianos son como carreteras por donde la energ\u00eda y la informaci\u00f3n viajan hacia todas las c\u00e9lulas de nuestro cuerpo.<\/p>\n<p id=\"\"><strong id=\"\">Yin y Yang<\/strong> son dos elementos opuestos pero complementarios: luz y sombra, d\u00eda y noche, masculino y femenino. En la medicina china, estas energ\u00edas se llaman Yin y Yang. Yin representa la energ\u00eda pasiva, fr\u00eda y femenina, mientras que Yang es la energ\u00eda activa, caliente y masculina. En un cuerpo sano, estas dos energ\u00edas est\u00e1n equilibradas, pero a veces una puede predominar, rompiendo la armon\u00eda.<\/p>\n<p id=\"\">La enfermedad no es algo contra lo que se deba luchar; es una se\u00f1al de desequilibrio en el cuerpo. En la medicina china, no existe el concepto de &#171;enfermedad &#8212; dosis de medicamento&#187;. En su lugar, el principio central es promover la salud, la prevenci\u00f3n y el mantenimiento del bienestar.<\/p>\n<p id=\"\">Imagina que tienes un jard\u00edn. Si no tiene suficiente agua, las plantas se marchitar\u00e1n. Para que florezcan nuevamente, no solo necesitas regarlas, sino tambi\u00e9n crear las condiciones adecuadas: tierra, luz y calor. Lo mismo ocurre con nuestro cuerpo: para recuperar la salud, no basta con tratar los s\u00edntomas, es necesario restaurar el equilibrio entre Yin y Yang, desintoxicar el cuerpo y nutrirlo con energ\u00eda vital.<\/p>\n<h4 id=\"\"><strong id=\"\">Un Enfoque Integral en la Medicina China<\/strong><\/h4>\n<ol id=\"\">\n<li><strong id=\"\">Regulaci\u00f3n<\/strong>: Primero, se busca restaurar la armon\u00eda en el cuerpo.<\/li>\n<li><strong id=\"\">Desintoxicaci\u00f3n<\/strong>: El siguiente paso es eliminar toxinas y desechos.<\/li>\n<li><strong id=\"\">Recuperaci\u00f3n<\/strong>: Finalmente, se reabastece la energ\u00eda, fortaleciendo el organismo.<\/li>\n<\/ol>\n<p id=\"\">Nuestros expertos en medicina china han dise\u00f1ado un programa integral de productos para la restauraci\u00f3n completa del cuerpo, siguiendo los principios de regulaci\u00f3n, desintoxicaci\u00f3n y recuperaci\u00f3n. Recomendamos consumir productos espec\u00edficos durante 1 mes en cada etapa. Si tienes problemas de salud graves o enfermedades cr\u00f3nicas, prolonga cada etapa a 2 meses. Consulta las contraindicaciones antes de comenzar y, si es necesario, busca el consejo de un especialista.<\/p>\n<p id=\"\">Recuerda que en la medicina china no existe el concepto de &#171;enfermedad &#8212; medicamento &#8212; dosis&#187;. Observa c\u00f3mo responde tu cuerpo a los productos y, si notas mejoras, puedes prolongar su uso.<\/p>\n<h3 id=\"\"><strong id=\"\">Esquema General para Problemas de Salud y Mantenimiento del Bienestar<\/strong><\/h3>\n<h4 id=\"\"><strong id=\"\">1. Regulaci\u00f3n (1 mes)<\/strong><\/h4>\n<ul id=\"\">\n<li><strong id=\"\">Elixir FoHow<br \/>\n<\/strong>Contiene sustancias naturales esenciales para el funcionamiento \u00f3ptimo del cuerpo. Tiene un fuerte efecto antioxidante, regula el equilibrio de los \u00f3rganos y sistemas, y es eficaz como medida preventiva y para enfermedades cr\u00f3nicas.<\/li>\n<li><strong id=\"\">C\u00e1psulas Lingzhi<br \/>\n<\/strong>Mejoran la circulaci\u00f3n cerebral y espinal, favorecen la regeneraci\u00f3n celular, restauran las conexiones neuronales y aceleran la transmisi\u00f3n de informaci\u00f3n.<\/li>\n<li id=\"\"><strong id=\"\">Pasta Rosa<\/strong>some text\n<ul id=\"\">\n<li>Eficaz contra la intoxicaci\u00f3n, mejora la microbiota intestinal.<\/li>\n<li>Elimina olores desagradables, puede usarse como edulcorante.<\/li>\n<li>Ayuda con la fatiga cr\u00f3nica y desintoxica el cuerpo.<\/li>\n<\/ul>\n<\/li>\n<li><strong id=\"\">T\u00e9 Liu Wei<br \/>\n<\/strong>Elaborado con hierbas valiosas seg\u00fan recetas antiguas, con propiedades curativas.<\/li>\n<\/ul>\n<h4 id=\"\"><strong id=\"\">2. Desintoxicaci\u00f3n (1 mes)<\/strong><\/h4>\n<ul id=\"\">\n<li><strong id=\"\">Elixir Sanqing<br \/>\n<\/strong>Limpia el cuerpo sin agotarlo: intestinos, sangre y toxinas, aportando ligereza al organismo.<\/li>\n<li><strong id=\"\">C\u00e1psulas Xueqingfu<br \/>\n<\/strong>Producto natural que limpia los vasos sangu\u00edneos, previene enfermedades cardiovasculares y mejora la vitalidad.<\/li>\n<li><strong id=\"\">Pasta Rosa y T\u00e9 Liu Wei<\/strong><\/li>\n<\/ul>\n<h4 id=\"\"><strong id=\"\">3. Recuperaci\u00f3n (1 mes)<\/strong><\/h4>\n<ul id=\"\">\n<li><strong id=\"\">Elixir Tres Tesoros<br \/>\n<\/strong>Fortalece el organismo, recomendado para personas con enfermedades cr\u00f3nicas, reumatismo, diabetes, hepatitis B, o en tratamiento de c\u00e1ncer.<\/li>\n<li><strong id=\"\">P\u00e9ptidos<br \/>\n<\/strong>Son los bloques de construcci\u00f3n de las c\u00e9lulas. Act\u00faan en \u00e1reas como hormonas, regeneraci\u00f3n celular y funciones fisiol\u00f3gicas.<\/li>\n<li><strong id=\"\">Pasta Rosa y T\u00e9 Liu Wei<\/strong><\/li>\n<\/ul>\n<p id=\"\"><strong id=\"\">Para mantener un buen estado de salud y prevenir enfermedades, se recomienda repetir este esquema hasta 2 veces al a\u00f1o.<\/strong><\/p>\n<p id=\"\">\u200d<\/p>\n<p id=\"\">\u200d<\/p>\n<p id=\"\">\u200d<\/p>\n","protected":false},"featured_media":273,"template":"","categories":[6,7],"class_list":["post-144","product","type-product","status-publish","has-post-thumbnail","hentry","categories-vse-tovary","categories-nabory"],"acf":[],"_links":{"self":[{"href":"https:\/\/mywhieda.com\/es\/wp-json\/wp\/v2\/product\/144","targetHints":{"allow":["GET"]}}],"collection":[{"href":"https:\/\/mywhieda.com\/es\/wp-json\/wp\/v2\/product"}],"about":[{"href":"https:\/\/mywhieda.com\/es\/wp-json\/wp\/v2\/types\/product"}],"wp:featuredmedia":[{"embeddable":true,"href":"https:\/\/mywhieda.com\/es\/wp-json\/wp\/v2\/media\/273"}],"wp:attachment":[{"href":"https:\/\/mywhieda.com\/es\/wp-json\/wp\/v2\/media?parent=144"}],"wp:term":[{"taxonomy":"categories","embeddable":true,"href":"https:\/\/mywhieda.com\/es\/wp-json\/wp\/v2\/categories?post=144"}],"curies":[{"name":"wp","href":"https:\/\/api.w.org\/{rel}","templated":true}]}}