{"id":146,"date":"2025-02-04T17:24:35","date_gmt":"2025-02-04T14:24:35","guid":{"rendered":"https:\/\/whieda.wtwd.ru\/product\/capsulas-lingzhi-foherb\/"},"modified":"2025-02-16T12:32:30","modified_gmt":"2025-02-16T09:32:30","slug":"capsulas-lingzhi-foherb","status":"publish","type":"product","link":"https:\/\/mywhieda.com\/es\/product\/capsulas-lingzhi-foherb\/","title":{"rendered":"C\u00e1psulas Lingzhi Foherb"},"content":{"rendered":"<p id=\"\">Las c\u00e1psulas Lingzhi mejoran significativamente la circulaci\u00f3n sangu\u00ednea en el cerebro y la m\u00e9dula espinal, facilitando una mejor entrega de ox\u00edgeno y nutrientes a las c\u00e9lulas nerviosas. Ayudan en cierta medida a regenerar c\u00e9lulas cerebrales da\u00f1adas, restauran las conexiones entre ellas y aceleran la transmisi\u00f3n de informaci\u00f3n.<\/p>\n<p id=\"\">Para su elaboraci\u00f3n, se utiliza polvo de Lingzhi de la m\u00e1s alta calidad, conocido como &#171;la sustancia de la mente&#187;.<\/p>\n<p id=\"\">Las c\u00e1psulas Lingzhi est\u00e1n dise\u00f1adas con una proporci\u00f3n cient\u00edfica y una combinaci\u00f3n precisa de componentes. Gracias a tecnolog\u00edas de producci\u00f3n avanzadas, se conserva la calidad y las propiedades de todos los ingredientes esenciales. Este es un producto puro y natural, sin aditivos artificiales, seguro y sin contraindicaciones.<\/p>\n<p id=\"\">El Lingzhi de alta calidad suministra r\u00e1pidamente al cerebro los nutrientes necesarios, mejorando sus funciones y aumentando su rendimiento.<\/p>\n<h3 id=\"\"><strong id=\"\">Composici\u00f3n<\/strong><\/h3>\n<ul id=\"\">\n<li id=\"\">Hongo lingzhi (Ganoderma lucidum)<\/li>\n<li id=\"\">Cordyceps sinensis<\/li>\n<li id=\"\">C\u00e1psula hecha de soja<\/li>\n<\/ul>\n<h3 id=\"\"><strong id=\"\">Principales funciones<\/strong><\/h3>\n<p id=\"\">Estas c\u00e1psulas son eficaces para tratar problemas de circulaci\u00f3n sangu\u00ednea en el cerebro y la m\u00e9dula espinal, incluso tras accidentes cerebrovasculares. Su consumo mejora notablemente el estado de \u00e1nimo y la productividad, siendo \u00fatil tambi\u00e9n para quienes desean desarrollar su memoria, aumentar la inteligencia y mejorar su capacidad de aprendizaje.<\/p>\n<ul id=\"\">\n<li id=\"\">Contribuyen a la longevidad y ralentizan el envejecimiento;<\/li>\n<li id=\"\">Alivian el estr\u00e9s, reducen la fatiga y mejoran el sue\u00f1o;<\/li>\n<li id=\"\">Retardan el crecimiento de tumores, regulan la presi\u00f3n arterial y reducen los niveles de az\u00facar en sangre;<\/li>\n<li id=\"\">Limpian y protegen el h\u00edgado, restauran la visi\u00f3n y fortalecen el coraz\u00f3n.<\/li>\n<\/ul>\n<h3 id=\"\"><strong id=\"\">Modo de uso y dosis<\/strong><\/h3>\n<p id=\"\">Tomar de 2 a 3 c\u00e1psulas 1 o 2 veces al d\u00eda con abundante agua.<\/p>\n<p id=\"\"><strong id=\"\">Nota:<\/strong> La dosis debe aumentarse gradualmente. Comenzar con una c\u00e1psula al d\u00eda durante la primera semana y, si es necesario, aumentar una c\u00e1psula adicional por semana.<\/p>\n<h3 id=\"\"><strong id=\"\">Presentaci\u00f3n<\/strong><\/h3>\n<ul id=\"\">\n<li id=\"\">24 c\u00e1psulas de 0,62 g<\/li>\n<li id=\"\">Caducidad: 24 meses<\/li>\n<\/ul>\n<p id=\"\"><strong id=\"\">Condiciones de almacenamiento:<br \/>\n<\/strong>Conservar en un lugar fresco, seco y oscuro.<\/p>\n<p id=\"\">\u200d<\/p>\n<p id=\"\">\u200d<\/p>\n<p id=\"\">\u200d<\/p>\n","protected":false},"featured_media":283,"template":"","categories":[6,32],"class_list":["post-146","product","type-product","status-publish","has-post-thumbnail","hentry","categories-vse-tovary","categories-dieticheskie-dobavki"],"acf":[],"_links":{"self":[{"href":"https:\/\/mywhieda.com\/es\/wp-json\/wp\/v2\/product\/146","targetHints":{"allow":["GET"]}}],"collection":[{"href":"https:\/\/mywhieda.com\/es\/wp-json\/wp\/v2\/product"}],"about":[{"href":"https:\/\/mywhieda.com\/es\/wp-json\/wp\/v2\/types\/product"}],"wp:featuredmedia":[{"embeddable":true,"href":"https:\/\/mywhieda.com\/es\/wp-json\/wp\/v2\/media\/283"}],"wp:attachment":[{"href":"https:\/\/mywhieda.com\/es\/wp-json\/wp\/v2\/media?parent=146"}],"wp:term":[{"taxonomy":"categories","embeddable":true,"href":"https:\/\/mywhieda.com\/es\/wp-json\/wp\/v2\/categories?post=146"}],"curies":[{"name":"wp","href":"https:\/\/api.w.org\/{rel}","templated":true}]}}