{"id":148,"date":"2025-02-04T17:24:35","date_gmt":"2025-02-04T14:24:35","guid":{"rendered":"https:\/\/whieda.wtwd.ru\/product\/elixir-3-joyas\/"},"modified":"2026-04-10T17:12:48","modified_gmt":"2026-04-10T14:12:48","slug":"elixir-3-joyas","status":"publish","type":"product","link":"https:\/\/mywhieda.com\/es\/product\/elixir-3-joyas\/","title":{"rendered":"ELIXIR 3 JOYAS"},"content":{"rendered":"<p id=\"\"><strong id=\"\">Elixir 3 JOYAS<\/strong> est\u00e1 elaborado a base del concentrado del Elixir Fohow con la adici\u00f3n de extracto de hormiga negra, purificado con avanzadas tecnolog\u00edas.<\/p>\n<p id=\"\">Para la elaboraci\u00f3n del Elixir 3 Joyas Fohow, se utilizan tecnolog\u00eda de extracci\u00f3n a baja temperatura y tecnolog\u00eda subnanom\u00e9trica de ruptura de paredes celulares, lo que permite que los nutrientes activos se conserven por completo y sean f\u00e1cilmente absorbidos por el organismo. El Elixir 3 Joyas est\u00e1 compuesto por ingredientes naturales y no contiene aditivos qu\u00edmicos ni hormonales.<\/p>\n<p id=\"\"><strong id=\"\">Composici\u00f3n del Elixir 3 Joyas Fohow:<\/strong><\/p>\n<p id=\"\">Extracto de Cordyceps, esporas de Reishi, extracto de hongos Shiitake, extracto de hormiga negra, miel, agua.<\/p>\n<h3 id=\"\"><strong id=\"\">Uso del Elixir 3 Joyas Fohow:<\/strong><\/h3>\n<p id=\"\">\u200d<\/p>\n<p id=\"\">\u200d<\/p>\n<p id=\"\">\u200d<\/p>\n","protected":false},"featured_media":284,"template":"","categories":[6,32],"class_list":["post-148","product","type-product","status-publish","has-post-thumbnail","hentry","categories-vse-tovary","categories-dieticheskie-dobavki"],"acf":[],"_links":{"self":[{"href":"https:\/\/mywhieda.com\/es\/wp-json\/wp\/v2\/product\/148","targetHints":{"allow":["GET"]}}],"collection":[{"href":"https:\/\/mywhieda.com\/es\/wp-json\/wp\/v2\/product"}],"about":[{"href":"https:\/\/mywhieda.com\/es\/wp-json\/wp\/v2\/types\/product"}],"wp:featuredmedia":[{"embeddable":true,"href":"https:\/\/mywhieda.com\/es\/wp-json\/wp\/v2\/media\/284"}],"wp:attachment":[{"href":"https:\/\/mywhieda.com\/es\/wp-json\/wp\/v2\/media?parent=148"}],"wp:term":[{"taxonomy":"categories","embeddable":true,"href":"https:\/\/mywhieda.com\/es\/wp-json\/wp\/v2\/categories?post=148"}],"curies":[{"name":"wp","href":"https:\/\/api.w.org\/{rel}","templated":true}]}}