{"id":150,"date":"2025-02-04T17:24:35","date_gmt":"2025-02-04T14:24:35","guid":{"rendered":"https:\/\/whieda.wtwd.ru\/product\/elixir-sanqing-fohow\/"},"modified":"2026-04-10T17:13:06","modified_gmt":"2026-04-10T14:13:06","slug":"elixir-sanqing-fohow","status":"publish","type":"product","link":"https:\/\/mywhieda.com\/es\/product\/elixir-sanqing-fohow\/","title":{"rendered":"ELIXIR SANQING FOHOW"},"content":{"rendered":"<p id=\"\"><strong id=\"\">Elixir Sanqing Fohow fue desarrollado<\/strong> por el Centro de Investigaci\u00f3n Cient\u00edfica de la Corporaci\u00f3n FoHerb, en base a los principios de la medicina tradicional china, y utilizando tecnolog\u00eda \u00fanica de extracci\u00f3n a baja temperatura y tecnolog\u00eda subnanom\u00e9trica de destrucci\u00f3n de paredes celulares.<\/p>\n<p id=\"\">El elixir &#171;Sanqing Phoenix&#187; es el producto de limpieza m\u00e1s eficaz en China. Es un producto natural que limpia el organismo sin agotarlo.<\/p>\n<p id=\"\">\u00a1Limpieza intestinal, eliminaci\u00f3n de toxinas, limpieza de la sangre de grasas, ligereza en el cuerpo! Despu\u00e9s de 2-3 cursos de uso, las funciones gastrointestinales mejoran notablemente, la piel \u00e1spera debido a la acumulaci\u00f3n de toxinas se suaviza, el tono de la piel se vuelve rosado, desaparecen gradualmente las manchas, el acn\u00e9, las erupciones y el mal aliento se normaliza.<\/p>\n<p id=\"\">El elixir Sanqing Fohow no contiene ingredientes qu\u00edmicos ni hormonales y es un producto puro y natural para la salud.<\/p>\n<p id=\"\">\u200d<\/p>\n<p id=\"\">\u200d<\/p>\n<p id=\"\">\u200d<\/p>\n","protected":false},"featured_media":285,"template":"","categories":[6,32],"class_list":["post-150","product","type-product","status-publish","has-post-thumbnail","hentry","categories-vse-tovary","categories-dieticheskie-dobavki"],"acf":[],"_links":{"self":[{"href":"https:\/\/mywhieda.com\/es\/wp-json\/wp\/v2\/product\/150","targetHints":{"allow":["GET"]}}],"collection":[{"href":"https:\/\/mywhieda.com\/es\/wp-json\/wp\/v2\/product"}],"about":[{"href":"https:\/\/mywhieda.com\/es\/wp-json\/wp\/v2\/types\/product"}],"wp:featuredmedia":[{"embeddable":true,"href":"https:\/\/mywhieda.com\/es\/wp-json\/wp\/v2\/media\/285"}],"wp:attachment":[{"href":"https:\/\/mywhieda.com\/es\/wp-json\/wp\/v2\/media?parent=150"}],"wp:term":[{"taxonomy":"categories","embeddable":true,"href":"https:\/\/mywhieda.com\/es\/wp-json\/wp\/v2\/categories?post=150"}],"curies":[{"name":"wp","href":"https:\/\/api.w.org\/{rel}","templated":true}]}}