{"id":152,"date":"2025-02-04T17:24:35","date_gmt":"2025-02-04T14:24:35","guid":{"rendered":"https:\/\/whieda.wtwd.ru\/product\/el-sistema-de-sueno-4-en-1\/"},"modified":"2026-04-16T17:41:20","modified_gmt":"2026-04-16T14:41:20","slug":"el-sistema-de-sueno-4-en-1","status":"publish","type":"product","link":"https:\/\/mywhieda.com\/es\/product\/el-sistema-de-sueno-4-en-1\/","title":{"rendered":"El sistema de sue\u00f1o 4 en 1"},"content":{"rendered":"<p id=\"\"><strong id=\"\">Enfoque Cient\u00edfico para un Sue\u00f1o de Calidad \u2013 Pruebe un Nuevo Enfoque para el Bienestar<\/strong><\/p>\n<h3 id=\"\">\u00bfEs esto usted?<\/h3>\n<ul id=\"\">\n<li>Gran tensi\u00f3n, fatiga y dificultades para conciliar el sue\u00f1o<\/li>\n<li>Mala calidad de sue\u00f1o, insomnio, sue\u00f1os frecuentes y despertar temprano<\/li>\n<li>Almohadas inadecuadas, aparici\u00f3n frecuente de dolor en los hombros y el cuello o pinzamiento de nervios<\/li>\n<\/ul>\n<h3 id=\"\"><strong id=\"\">Innovaciones para Crear un Sue\u00f1o Saludable<\/strong><\/h3>\n<p id=\"\">Disfrute del m\u00e1ximo confort de sue\u00f1o eligiendo un sistema de sue\u00f1o saludable y de bienestar.<\/p>\n<p id=\"\">Un sue\u00f1o c\u00f3modo restaura nuestras energ\u00edas despu\u00e9s de la fatiga acumulada durante el d\u00eda y nos da vitalidad para nuevos logros. Esperamos que despu\u00e9s de un d\u00eda ajetreado pueda disfrutar de un sue\u00f1o de calidad y recargar energ\u00edas. El sistema de sue\u00f1o 4 en 1 le proporcionar\u00e1 un sue\u00f1o profundo y saludable, \u00a1y que cada noche sea un placer!<\/p>\n<h3 id=\"\"><strong id=\"\">Un Buen Sue\u00f1o \u2013 Fuente de Salud<\/strong><\/h3>\n<p id=\"\">El sistema de sue\u00f1o 4 en 1 est\u00e1 compuesto de tejido 100% algod\u00f3n con relieve, enriquecido con la funci\u00f3n de iones negativos y radiaci\u00f3n infrarroja lejana. Es capaz de liberar de manera continua radiaci\u00f3n infrarroja lejana y iones negativos, lo que acelera la microcirculaci\u00f3n sangu\u00ednea en el cuerpo y estimula el metabolismo. Es agradable para la piel, brinda una sensaci\u00f3n de suavidad, confort y buena transpirabilidad, permitiendo que su piel reciba cuidado y le ofrezca un descanso nocturno de calidad y restauraci\u00f3n de energ\u00edas. La elegante tela con relieve en tono amarillo suave es un lujo digno y elegante que le regalar\u00e1 un sue\u00f1o de calidad.<\/p>\n<h3 id=\"\"><strong id=\"\">Dise\u00f1o Estiloso de Maleta, F\u00e1cil de Transportar<\/strong><\/h3>\n<p id=\"\">La maleta tiene un asa resistente. Fabricada en estilo retro, cuenta con un candado TSA combinado que incrementa la resistencia de la maleta. Sus ruedas dobles de goma giratorias con amortiguaci\u00f3n y reducci\u00f3n de ruido proporcionan un uso m\u00e1s suave.<\/p>\n<p id=\"\"><strong id=\"\">Personalizaci\u00f3n de Marca, Enfoque Exclusivo<\/strong>. En las maletas se graba el logotipo de la empresa y el nombre del comprador, lo que aumenta la imagen, da una sensaci\u00f3n de pertenencia y genera confianza y respeto en los clientes.<\/p>\n<h3 id=\"\"><strong id=\"\">Dise\u00f1o Complementario, F\u00e1cil de Transportar<\/strong><\/h3>\n<p id=\"\">El sistema de sue\u00f1o 4 en 1 y la maleta personal son el complemento ideal.<\/p>\n<ul id=\"\">\n<li>Para las personas que viajan con frecuencia, realizan viajes de negocios o se mudan, es conveniente para transportar, y la venta en conjunto es m\u00e1s atractiva.<\/li>\n<li>Al usarse en casa ocupa poco espacio, es f\u00e1cil de almacenar; puede brindar una mejor protecci\u00f3n higi\u00e9nica.<\/li>\n<\/ul>\n<p id=\"\">\u200d<\/p>\n<p id=\"\">\u200d<\/p>\n<p id=\"\">\u200d<\/p>\n","protected":false},"featured_media":254,"template":"","categories":[6,31],"class_list":["post-152","product","type-product","status-publish","has-post-thumbnail","hentry","categories-vse-tovary","categories-aksessuary"],"acf":[],"_links":{"self":[{"href":"https:\/\/mywhieda.com\/es\/wp-json\/wp\/v2\/product\/152","targetHints":{"allow":["GET"]}}],"collection":[{"href":"https:\/\/mywhieda.com\/es\/wp-json\/wp\/v2\/product"}],"about":[{"href":"https:\/\/mywhieda.com\/es\/wp-json\/wp\/v2\/types\/product"}],"wp:featuredmedia":[{"embeddable":true,"href":"https:\/\/mywhieda.com\/es\/wp-json\/wp\/v2\/media\/254"}],"wp:attachment":[{"href":"https:\/\/mywhieda.com\/es\/wp-json\/wp\/v2\/media?parent=152"}],"wp:term":[{"taxonomy":"categories","embeddable":true,"href":"https:\/\/mywhieda.com\/es\/wp-json\/wp\/v2\/categories?post=152"}],"curies":[{"name":"wp","href":"https:\/\/api.w.org\/{rel}","templated":true}]}}