{"id":157,"date":"2025-02-04T17:24:35","date_gmt":"2025-02-04T14:24:35","guid":{"rendered":"https:\/\/whieda.wtwd.ru\/product\/elixir-fohow\/"},"modified":"2026-04-10T17:13:23","modified_gmt":"2026-04-10T14:13:23","slug":"elixir-fohow","status":"publish","type":"product","link":"https:\/\/mywhieda.com\/es\/product\/elixir-fohow\/","title":{"rendered":"Elixir Fohow"},"content":{"rendered":"<p id=\"\">Elixir Fohow &#8212; una receta tradicional de la medicina china, una verdadera joya de la cultura de mantenimiento de la salud. Este elixir es un producto incre\u00edble que contiene de manera natural todos los componentes necesarios para el funcionamiento adecuado del organismo.<\/p>\n<p id=\"\">Este elixir tiene un potente efecto antioxidante, regula el equilibrio de todos los \u00f3rganos y sistemas del cuerpo y se usa ampliamente como un poderoso preventivo, adem\u00e1s de ser efectivo en casos de enfermedades cr\u00f3nicas. Este producto contiene solo ingredientes naturales, con el cordyceps como base, combinado con lingzhi, hongo negro, bayas de goji, entre otros componentes.<\/p>\n<p id=\"\">\u200d<\/p>\n<p id=\"\">\u200d<\/p>\n<p id=\"\">\u200d<\/p>\n","protected":false},"featured_media":286,"template":"","categories":[6,32],"class_list":["post-157","product","type-product","status-publish","has-post-thumbnail","hentry","categories-vse-tovary","categories-dieticheskie-dobavki"],"acf":[],"_links":{"self":[{"href":"https:\/\/mywhieda.com\/es\/wp-json\/wp\/v2\/product\/157","targetHints":{"allow":["GET"]}}],"collection":[{"href":"https:\/\/mywhieda.com\/es\/wp-json\/wp\/v2\/product"}],"about":[{"href":"https:\/\/mywhieda.com\/es\/wp-json\/wp\/v2\/types\/product"}],"wp:featuredmedia":[{"embeddable":true,"href":"https:\/\/mywhieda.com\/es\/wp-json\/wp\/v2\/media\/286"}],"wp:attachment":[{"href":"https:\/\/mywhieda.com\/es\/wp-json\/wp\/v2\/media?parent=157"}],"wp:term":[{"taxonomy":"categories","embeddable":true,"href":"https:\/\/mywhieda.com\/es\/wp-json\/wp\/v2\/categories?post=157"}],"curies":[{"name":"wp","href":"https:\/\/api.w.org\/{rel}","templated":true}]}}