{"id":170,"date":"2025-02-04T17:24:35","date_gmt":"2025-02-04T14:24:35","guid":{"rendered":"https:\/\/whieda.wtwd.ru\/product\/gel-antibacteriano\/"},"modified":"2025-12-27T21:47:37","modified_gmt":"2025-12-27T18:47:37","slug":"gel-antibacteriano","status":"publish","type":"product","link":"https:\/\/mywhieda.com\/es\/product\/gel-antibacteriano\/","title":{"rendered":"Gel Antibacteriano"},"content":{"rendered":"<p id=\"\">El gel antibacteriano FOHERB est\u00e1 compuesto por extractos naturales de plantas con acci\u00f3n antibacteriana y componentes bioactivos naturales. No solo tiene efectos desinfectantes y espermicidas, sino que tambi\u00e9n proporciona cuidados preventivos y protecci\u00f3n.<\/p>\n<p id=\"\">La Microbiological Laboratory of Shanghai ha realizado pruebas especiales que han demostrado cient\u00edficamente que el gel elimina el virus de inmunodeficiencia humana (HIV 1) en un 99.53%. Su composici\u00f3n \u00fanica, basada en ingredientes naturales y vegetales, permite que el gel sea f\u00e1cil de usar gracias a su dise\u00f1o c\u00f3nico, proporcionando una acci\u00f3n directa.<\/p>\n<p id=\"\">\u200d<\/p>\n<p id=\"\">\u200d<\/p>\n<p id=\"\">\u200d<\/p>\n","protected":false},"featured_media":264,"template":"","categories":[6,30],"class_list":["post-170","product","type-product","status-publish","has-post-thumbnail","hentry","categories-vse-tovary","categories-gigiena"],"acf":[],"_links":{"self":[{"href":"https:\/\/mywhieda.com\/es\/wp-json\/wp\/v2\/product\/170","targetHints":{"allow":["GET"]}}],"collection":[{"href":"https:\/\/mywhieda.com\/es\/wp-json\/wp\/v2\/product"}],"about":[{"href":"https:\/\/mywhieda.com\/es\/wp-json\/wp\/v2\/types\/product"}],"wp:featuredmedia":[{"embeddable":true,"href":"https:\/\/mywhieda.com\/es\/wp-json\/wp\/v2\/media\/264"}],"wp:attachment":[{"href":"https:\/\/mywhieda.com\/es\/wp-json\/wp\/v2\/media?parent=170"}],"wp:term":[{"taxonomy":"categories","embeddable":true,"href":"https:\/\/mywhieda.com\/es\/wp-json\/wp\/v2\/categories?post=170"}],"curies":[{"name":"wp","href":"https:\/\/api.w.org\/{rel}","templated":true}]}}