{"id":176,"date":"2025-02-04T17:24:38","date_gmt":"2025-02-04T14:24:38","guid":{"rendered":"https:\/\/whieda.wtwd.ru\/product\/la-proteina-proteica-de-foherb\/"},"modified":"2026-04-13T17:40:45","modified_gmt":"2026-04-13T14:40:45","slug":"la-proteina-proteica-de-foherb","status":"publish","type":"product","link":"https:\/\/mywhieda.com\/es\/product\/la-proteina-proteica-de-foherb\/","title":{"rendered":"La prote\u00edna proteica de FoHerb"},"content":{"rendered":"<p id=\"\">Este es un alimento patentado con alto contenido de prote\u00ednas, bajo en grasas y calor\u00edas. Se utiliza como fuente adicional de nutrici\u00f3n. Favorece la p\u00e9rdida de peso sin p\u00e9rdida de masa muscular.<\/p>\n<p id=\"\">Hoy en d\u00eda, las personas modernas otorgan gran importancia a la alimentaci\u00f3n diet\u00e9tica. La disminuci\u00f3n de la seguridad alimentaria ha llevado a la ingesta de una gran cantidad de toxinas qu\u00edmicas que amenazan la salud humana. Adem\u00e1s, existe el problema del desequilibrio, la falta de integridad y el exceso de comida, lo que conduce a problemas en el organismo.<\/p>\n<h3 id=\"\"><strong id=\"\">Composici\u00f3n de la prote\u00edna proteica<\/strong><\/h3>\n<p id=\"\">La prote\u00edna compleja de FOHERB contiene ingredientes funcionales \u00fanicos y patentados que otorgan al producto propiedades beneficiosas para la salud, adem\u00e1s de sustituir una comida. Contiene simult\u00e1neamente ingredientes proteicos complejos y otros nutrientes esenciales.<\/p>\n<p id=\"\">La prote\u00edna compleja contiene prote\u00edna de suero, aislado de prote\u00edna de soja y prote\u00edna vegetal en polvo. Estos se elaboran mediante tecnolog\u00eda patentada, son ricos en nutrientes y se absorben f\u00e1cilmente por el organismo. Al mismo tiempo, este producto pertenece a la categor\u00eda de alimentaci\u00f3n especial y deportiva, y su f\u00f3rmula se desarrolla con un enfoque cient\u00edfico. Protege el intestino y prolonga la sensaci\u00f3n de saciedad.<\/p>\n<p id=\"\">La prote\u00edna proteica compleja incluye 5 fuentes de fibra alimentaria: inulina, fructooligosac\u00e1ridos, c\u00e1scara de psyllium en polvo, harina de ma\u00edz y harina de avena. Normaliza la microbiota intestinal y proporciona una sensaci\u00f3n de saciedad duradera.<\/p>\n<p id=\"\">Gracias a la tecnolog\u00eda patentada, los nutrientes se absorben r\u00e1pidamente y comienzan a actuar, proporcionando al organismo un alto nivel de fibra. Su baja cantidad de calor\u00edas y alto contenido proteico permiten una reducci\u00f3n r\u00e1pida de grasa sin disminuir la masa muscular.<\/p>\n<p id=\"\">\u200d<\/p>\n<p id=\"\">\u200d<\/p>\n<p id=\"\">\u200d<\/p>\n","protected":false},"featured_media":275,"template":"","categories":[6,32],"class_list":["post-176","product","type-product","status-publish","has-post-thumbnail","hentry","categories-vse-tovary","categories-dieticheskie-dobavki"],"acf":[],"_links":{"self":[{"href":"https:\/\/mywhieda.com\/es\/wp-json\/wp\/v2\/product\/176","targetHints":{"allow":["GET"]}}],"collection":[{"href":"https:\/\/mywhieda.com\/es\/wp-json\/wp\/v2\/product"}],"about":[{"href":"https:\/\/mywhieda.com\/es\/wp-json\/wp\/v2\/types\/product"}],"wp:featuredmedia":[{"embeddable":true,"href":"https:\/\/mywhieda.com\/es\/wp-json\/wp\/v2\/media\/275"}],"wp:attachment":[{"href":"https:\/\/mywhieda.com\/es\/wp-json\/wp\/v2\/media?parent=176"}],"wp:term":[{"taxonomy":"categories","embeddable":true,"href":"https:\/\/mywhieda.com\/es\/wp-json\/wp\/v2\/categories?post=176"}],"curies":[{"name":"wp","href":"https:\/\/api.w.org\/{rel}","templated":true}]}}