{"id":177,"date":"2025-02-04T17:24:38","date_gmt":"2025-02-04T14:24:38","guid":{"rendered":"https:\/\/whieda.wtwd.ru\/product\/las-compresas-anionicas-anion\/"},"modified":"2026-04-19T15:51:03","modified_gmt":"2026-04-19T12:51:03","slug":"las-compresas-anionicas-anion","status":"publish","type":"product","link":"https:\/\/mywhieda.com\/es\/product\/las-compresas-anionicas-anion\/","title":{"rendered":"Las Compresas Ani\u00f3nicas Anion+"},"content":{"rendered":"<p id=\"\">Cada mujer utiliza compresas higi\u00e9nicas mensualmente, y es importante elegir productos que no solo sean seguros para la salud, sino que tambi\u00e9n contribuyan a su mejora. Presentamos las compresas ani\u00f3nicas <strong id=\"\">Anion+<\/strong>, dise\u00f1adas para brindar confianza y seguridad en los d\u00edas cr\u00edticos.<\/p>\n<p id=\"\">Las compresas Anion+ est\u00e1n disponibles en tres tipos: <strong id=\"\">diurnas<\/strong>, <strong id=\"\">nocturnas<\/strong> y <strong id=\"\">diarias<\/strong>. Tambi\u00e9n hay estuches espec\u00edficos solo con toallas diarias o diurnas.<\/p>\n<p id=\"\"><strong id=\"\">Estuche de 19 paquetes:<\/strong><\/p>\n<ul id=\"\">\n<li>Diurnas: 10 paquetes de 10 unidades.<\/li>\n<li>Nocturnas: 4 paquetes de 8 unidades.<\/li>\n<li>Diarias: 5 paquetes de 30 unidades.<\/li>\n<\/ul>\n<p id=\"\">Este estuche est\u00e1 dise\u00f1ado para durar en promedio de <strong id=\"\">10 a 12 meses<\/strong> y contiene toallas ecol\u00f3gicas, de algod\u00f3n y transpirables en un empaque seguro. Estas compresas cuentan con un chip ani\u00f3nico \u00fanico, fabricado con tecnolog\u00eda japonesa.<\/p>\n<h3 id=\"\"><strong id=\"\">\u00bfPor qu\u00e9 elegir las toallas ani\u00f3nicas de WHIEDA?<\/strong><\/h3>\n<p id=\"\">Las compresas ani\u00f3nicas <strong id=\"\">Anion+<\/strong> no solo proporcionan comodidad, sino que tambi\u00e9n ayudan a prevenir diversas enfermedades ginecol\u00f3gicas.<\/p>\n<p id=\"\">Gracias a su procesador ani\u00f3nico-magn\u00e9tico, estas compresas mejoran el balance bio-magn\u00e9tico en el cuerpo, promueven la circulaci\u00f3n sangu\u00ednea, reducen la inflamaci\u00f3n y el dolor, aumentan la inmunidad y benefician el sistema nervioso, lo que mejora el estado emocional durante los d\u00edas cr\u00edticos.<\/p>\n<h4 id=\"\"><strong id=\"\">Componentes y Beneficios Clave:<\/strong><\/h4>\n<ul id=\"\">\n<li><strong id=\"\">Bamb\u00fa Ani\u00f3nico<\/strong>: Absorbe las bacterias anaerobias, elimina el exceso de humedad y neutraliza los olores desagradables.<\/li>\n<li><strong id=\"\">Procesador Magn\u00e9tico-Ani\u00f3nico<\/strong>: Absorbe las bacterias anaerobias y crea un ambiente hostil para ellas. Esto impide su proliferaci\u00f3n y previene infecciones.<\/li>\n<li><strong id=\"\">Iones de Plata<\/strong>: Incluidos en el procesador magn\u00e9tico, crean un efecto protector sobre los \u00f3rganos reproductivos, eliminando bacterias da\u00f1inas y proporcionando un efecto terap\u00e9utico.<\/li>\n<\/ul>\n<h4 id=\"\"><strong id=\"\">Innovaci\u00f3n y Ecol\u00f3gica<\/strong><\/h4>\n<p id=\"\">El material de la capa de las compresas ani\u00f3nicas ha sido patentado, es ecol\u00f3gico y se descompone en <strong id=\"\">1-2 a\u00f1os<\/strong>. A diferencia de otras toallas, las ani\u00f3nicas permiten el flujo de aire, inhibiendo el crecimiento bacteriano, lo que ayuda a evitar problemas de salud, incluso <strong id=\"\">la infertilidad<\/strong>.<\/p>\n<p id=\"\">Las compresas Anion+ proporcionan hasta <strong id=\"\">12 horas de uso continuo<\/strong> sin proliferaci\u00f3n bacteriana, permitiendo un bienestar integral durante los d\u00edas cr\u00edticos.<\/p>\n<p id=\"\">\u200d<\/p>\n<p id=\"\">\u200d<\/p>\n<p id=\"\">\u200d<\/p>\n","protected":false},"featured_media":263,"template":"","categories":[6,30],"class_list":["post-177","product","type-product","status-publish","has-post-thumbnail","hentry","categories-vse-tovary","categories-gigiena"],"acf":[],"_links":{"self":[{"href":"https:\/\/mywhieda.com\/es\/wp-json\/wp\/v2\/product\/177","targetHints":{"allow":["GET"]}}],"collection":[{"href":"https:\/\/mywhieda.com\/es\/wp-json\/wp\/v2\/product"}],"about":[{"href":"https:\/\/mywhieda.com\/es\/wp-json\/wp\/v2\/types\/product"}],"wp:featuredmedia":[{"embeddable":true,"href":"https:\/\/mywhieda.com\/es\/wp-json\/wp\/v2\/media\/263"}],"wp:attachment":[{"href":"https:\/\/mywhieda.com\/es\/wp-json\/wp\/v2\/media?parent=177"}],"wp:term":[{"taxonomy":"categories","embeddable":true,"href":"https:\/\/mywhieda.com\/es\/wp-json\/wp\/v2\/categories?post=177"}],"curies":[{"name":"wp","href":"https:\/\/api.w.org\/{rel}","templated":true}]}}