{"id":178,"date":"2025-02-04T17:24:38","date_gmt":"2025-02-04T14:24:38","guid":{"rendered":"https:\/\/whieda.wtwd.ru\/product\/las-gafas-de-alta-tecnologia\/"},"modified":"2026-04-10T17:21:43","modified_gmt":"2026-04-10T14:21:43","slug":"las-gafas-de-alta-tecnologia","status":"publish","type":"product","link":"https:\/\/mywhieda.com\/es\/product\/las-gafas-de-alta-tecnologia\/","title":{"rendered":"Las gafas de alta tecnolog\u00eda"},"content":{"rendered":"<p id=\"\">Los gadgets se han convertido en una parte esencial de nuestras vidas, los utilizamos tanto en el trabajo como en nuestro tiempo libre. Es dif\u00edcil imaginar a una persona moderna que no use una computadora, un smartphone o una tablet. Pasamos horas frente a las pantallas, lo que genera una carga significativa en los ojos. Como resultado, muchas personas experimentan fatiga ocular, dolores de cabeza, visi\u00f3n borrosa, sequedad y enrojecimiento de los ojos, s\u00edntomas caracter\u00edsticos del s\u00edndrome de visi\u00f3n de computadora. Incluso aquellos que no se quejan de problemas de visi\u00f3n a menudo presentan miop\u00eda leve. Las estad\u00edsticas son claras: 7 de cada 10 personas padecen el s\u00edndrome de visi\u00f3n de computadora en alguna de sus formas.<\/p>\n<p id=\"\">\u200d<\/p>\n<p id=\"\">Las gafas de alta tecnolog\u00eda Whieda son la soluci\u00f3n para el problema de la fatiga ocular. Protegen contra la radiaci\u00f3n ultravioleta y la luz intensa, reducen la tensi\u00f3n ocular y mejoran la visi\u00f3n, incluso durante largas horas de trabajo en la computadora. Gracias a un recubrimiento especial, las gafas no distorsionan los colores y no causan incomodidad al usarlas.<\/p>\n<p id=\"\">\u200d<\/p>\n<p id=\"\">El uso de las gafas Whieda ayuda a reducir la tensi\u00f3n y el estr\u00e9s, eliminar dolores de cabeza, mejorar la visi\u00f3n y aliviar el malestar en los ojos. Tambi\u00e9n protegen contra la radiaci\u00f3n ultravioleta y estimulan la circulaci\u00f3n sangu\u00ednea en la zona ocular, lo cual es importante para prevenir enfermedades oculares.<\/p>\n<p id=\"\">\u200d<\/p>\n<p id=\"\"><strong id=\"\">Estas gafas tambi\u00e9n est\u00e1n disponibles en versi\u00f3n infantil.<\/strong><\/p>\n<p id=\"\">\u200d<\/p>\n<p id=\"\">\u200d<\/p>\n<p id=\"\">\u200d<\/p>\n","protected":false},"featured_media":295,"template":"","categories":[6,31],"class_list":["post-178","product","type-product","status-publish","has-post-thumbnail","hentry","categories-vse-tovary","categories-aksessuary"],"acf":[],"_links":{"self":[{"href":"https:\/\/mywhieda.com\/es\/wp-json\/wp\/v2\/product\/178","targetHints":{"allow":["GET"]}}],"collection":[{"href":"https:\/\/mywhieda.com\/es\/wp-json\/wp\/v2\/product"}],"about":[{"href":"https:\/\/mywhieda.com\/es\/wp-json\/wp\/v2\/types\/product"}],"wp:featuredmedia":[{"embeddable":true,"href":"https:\/\/mywhieda.com\/es\/wp-json\/wp\/v2\/media\/295"}],"wp:attachment":[{"href":"https:\/\/mywhieda.com\/es\/wp-json\/wp\/v2\/media?parent=178"}],"wp:term":[{"taxonomy":"categories","embeddable":true,"href":"https:\/\/mywhieda.com\/es\/wp-json\/wp\/v2\/categories?post=178"}],"curies":[{"name":"wp","href":"https:\/\/api.w.org\/{rel}","templated":true}]}}