{"id":184,"date":"2025-02-04T17:24:38","date_gmt":"2025-02-04T14:24:38","guid":{"rendered":"https:\/\/whieda.wtwd.ru\/product\/los-calcetines-de-grafeno\/"},"modified":"2025-09-14T14:37:37","modified_gmt":"2025-09-14T11:37:37","slug":"los-calcetines-de-grafeno","status":"publish","type":"product","link":"https:\/\/mywhieda.com\/es\/product\/los-calcetines-de-grafeno\/","title":{"rendered":"Los calcetines de grafeno"},"content":{"rendered":"<p data-start=\"0\" data-end=\"519\"><strong data-start=\"0\" data-end=\"36\">Socks de Grafeno Health Priority<\/strong> est\u00e1n hechas de algod\u00f3n de fibra larga cultivado en la regi\u00f3n de Xinjiang, China, con la adici\u00f3n de grafeno que genera iones negativos, y un hilo especial con radiaci\u00f3n infrarroja. Estas calcetines retienen eficazmente el calor, eliminan los olores desagradables, inhiben el crecimiento bacteriano, promueven la circulaci\u00f3n sangu\u00ednea y protegen la piel. El masaje de acupresi\u00f3n y el tejido especial de los hilos ayudan a aliviar la fatiga de los pies y mejorar la salud de los pies.<\/p>\n<p data-start=\"521\" data-end=\"768\"><strong data-start=\"521\" data-end=\"552\">Ambiente de Iones Negativos<\/strong>: Los calcetines crean un ambiente lleno de iones negativos que suprimen eficazmente el crecimiento bacteriano, previenen infecciones f\u00fangicas y proporcionan un efecto desodorante, eliminando el mal olor de los pies.<\/p>\n<p data-start=\"770\" data-end=\"1119\"><strong data-start=\"770\" data-end=\"804\">Dise\u00f1o de los Dedos y el Tal\u00f3n<\/strong>: Los dedos y el tal\u00f3n est\u00e1n hechos de una mezcla de algod\u00f3n de fibra larga y hilos especiales con grafeno y radiaci\u00f3n infrarroja. Esta combinaci\u00f3n mejora la aislamiento t\u00e9rmico y la transpirabilidad de la tela, y conserva la radiaci\u00f3n infrarroja y la capacidad de liberar aniones incluso despu\u00e9s de varios lavados.<\/p>\n<p data-start=\"1121\" data-end=\"1360\"><strong data-start=\"1121\" data-end=\"1145\">Efecto de Acupresi\u00f3n<\/strong>: El tejido especial afecta el punto de acupresi\u00f3n Yongquan (la planta del pie) mientras caminas. Este suave masaje estimula la circulaci\u00f3n en los pies y las extremidades inferiores, aliviando la fatiga de los pies.<\/p>\n<p data-start=\"1362\" data-end=\"1502\"><strong data-start=\"1362\" data-end=\"1398\">Presi\u00f3n para Alivio de la Fatiga<\/strong>: La ligera presi\u00f3n ayuda a aliviar la fatiga despu\u00e9s de caminar o estar de pie durante largos per\u00edodos.<\/p>\n<p data-start=\"1504\" data-end=\"1676\"><strong data-start=\"1504\" data-end=\"1536\">Resistencia al Deslizamiento<\/strong>: El tejido especial en el \u00e1rea de los dedos, combinado con elastano de alta calidad, previene el deslizamiento y la compresi\u00f3n de los pies.<\/p>\n<p data-start=\"1678\" data-end=\"1859\"><strong data-start=\"1678\" data-end=\"1705\">Algod\u00f3n de Alta Calidad<\/strong>: El algod\u00f3n de Xinjiang ayuda a retener el calor mientras es transpirable y suave con la piel. Es seguro tanto para la salud como para el medio ambiente.<\/p>\n<p data-start=\"1861\" data-end=\"1892\"><strong data-start=\"1861\" data-end=\"1891\">5 Beneficios para la Salud<\/strong>:<\/p>\n<ul data-start=\"1893\" data-end=\"2058\">\n<li data-start=\"1893\" data-end=\"1913\">\n<p data-start=\"1895\" data-end=\"1913\">Terapia Infrarroja<\/p>\n<\/li>\n<li data-start=\"1914\" data-end=\"1931\">\n<p data-start=\"1916\" data-end=\"1931\">Iones Negativos<\/p>\n<\/li>\n<li data-start=\"1932\" data-end=\"1972\">\n<p data-start=\"1934\" data-end=\"1972\">Efectos Antibacterianos y Desodorantes<\/p>\n<\/li>\n<li data-start=\"1973\" data-end=\"1995\">\n<p data-start=\"1975\" data-end=\"1995\">Circulaci\u00f3n Mejorada<\/p>\n<\/li>\n<li data-start=\"1996\" data-end=\"2058\">\n<p data-start=\"1998\" data-end=\"2058\">Efectos de Acupresi\u00f3n en los Puntos y Meridianos de los Pies<\/p>\n<\/li>\n<\/ul>\n<p data-start=\"2060\" data-end=\"2287\"><strong data-start=\"2060\" data-end=\"2083\">Garant\u00eda de Calidad<\/strong><br data-start=\"2083\" data-end=\"2086\" \/>Cada par de nuestros calcetines cumple con el est\u00e1ndar de seguridad textil GB 18401-2010 (Clase B) y con el est\u00e1ndar de calidad industrial FZ\/T 73001-2016.<br data-start=\"2241\" data-end=\"2244\" \/>Garantizamos seguridad y calidad confiable.<\/p>\n<p data-start=\"2289\" data-end=\"2581\"><strong data-start=\"2289\" data-end=\"2300\">Colores<\/strong>: Negro, Gris<br data-start=\"2313\" data-end=\"2316\" \/><strong data-start=\"2316\" data-end=\"2327\">Tama\u00f1os<\/strong>: 23-25 cm (tama\u00f1o 36-40), 25-27 cm (tama\u00f1o 40-44)<br data-start=\"2377\" data-end=\"2380\" \/><strong data-start=\"2380\" data-end=\"2392\">Embalaje<\/strong>: 5 pares (3 pares negros, 2 pares grises)<br data-start=\"2434\" data-end=\"2437\" \/><strong data-start=\"2437\" data-end=\"2452\">Composici\u00f3n<\/strong>:<br data-start=\"2453\" data-end=\"2456\" \/>Calcetines negros: 80.2% algod\u00f3n, 17.4% nailon, 2.4% elastano<br data-start=\"2517\" data-end=\"2520\" \/>Calcetines grises: 80.7% algod\u00f3n, 17% nailon, 2.3% elastano<\/p>\n<p data-start=\"2583\" data-end=\"2612\"><strong data-start=\"2583\" data-end=\"2611\">Instrucciones de Cuidado<\/strong>:<\/p>\n<ul data-start=\"2613\" data-end=\"2706\" data-is-last-node=\"\" data-is-only-node=\"\">\n<li data-start=\"2613\" data-end=\"2627\">\n<p data-start=\"2615\" data-end=\"2627\">Lavar a mano<\/p>\n<\/li>\n<li data-start=\"2628\" data-end=\"2649\">\n<p data-start=\"2630\" data-end=\"2649\">Secar verticalmente<\/p>\n<\/li>\n<li data-start=\"2650\" data-end=\"2671\">\n<p data-start=\"2652\" data-end=\"2671\">No usar blanqueador<\/p>\n<\/li>\n<li data-start=\"2672\" data-end=\"2685\">\n<p data-start=\"2674\" data-end=\"2685\">No planchar<\/p>\n<\/li>\n<li data-start=\"2686\" data-end=\"2706\" data-is-last-node=\"\">\n<p data-start=\"2688\" data-end=\"2706\" data-is-last-node=\"\">No limpiar en seco<\/p>\n<\/li>\n<\/ul>\n","protected":false},"featured_media":1250,"template":"","categories":[6,31],"class_list":["post-184","product","type-product","status-publish","has-post-thumbnail","hentry","categories-vse-tovary","categories-aksessuary"],"acf":[],"_links":{"self":[{"href":"https:\/\/mywhieda.com\/es\/wp-json\/wp\/v2\/product\/184","targetHints":{"allow":["GET"]}}],"collection":[{"href":"https:\/\/mywhieda.com\/es\/wp-json\/wp\/v2\/product"}],"about":[{"href":"https:\/\/mywhieda.com\/es\/wp-json\/wp\/v2\/types\/product"}],"wp:featuredmedia":[{"embeddable":true,"href":"https:\/\/mywhieda.com\/es\/wp-json\/wp\/v2\/media\/1250"}],"wp:attachment":[{"href":"https:\/\/mywhieda.com\/es\/wp-json\/wp\/v2\/media?parent=184"}],"wp:term":[{"taxonomy":"categories","embeddable":true,"href":"https:\/\/mywhieda.com\/es\/wp-json\/wp\/v2\/categories?post=184"}],"curies":[{"name":"wp","href":"https:\/\/api.w.org\/{rel}","templated":true}]}}