{"id":185,"date":"2025-02-04T17:24:38","date_gmt":"2025-02-04T14:24:38","guid":{"rendered":"https:\/\/whieda.wtwd.ru\/product\/los-peptidos-de-soja-de-bajo-peso-molecular\/"},"modified":"2026-04-10T17:18:37","modified_gmt":"2026-04-10T14:18:37","slug":"los-peptidos-de-soja-de-bajo-peso-molecular","status":"publish","type":"product","link":"https:\/\/mywhieda.com\/es\/product\/los-peptidos-de-soja-de-bajo-peso-molecular\/","title":{"rendered":"Los p\u00e9ptidos de soja de bajo peso molecular"},"content":{"rendered":"<p id=\"\">Los p\u00e9ptidos (tambi\u00e9n conocidos como prote\u00ednas) son el principal material de construcci\u00f3n de todas las c\u00e9lulas de nuestro cuerpo. Por lo tanto, es esencial consumir p\u00e9ptidos de forma regular.<\/p>\n<h3 id=\"\"><strong id=\"\">\u00bfQu\u00e9 son los p\u00e9ptidos de soja de bajo peso molecular?<\/strong><\/h3>\n<p id=\"\">Los p\u00e9ptidos de bajo peso molecular son el material de construcci\u00f3n para todas las c\u00e9lulas del cuerpo humano. Afectan diferentes \u00e1reas del organismo: hormonas, sistema nervioso central, funci\u00f3n sexual, regeneraci\u00f3n y crecimiento celular, controlando las funciones fisiol\u00f3gicas de los \u00f3rganos y las c\u00e9lulas.<\/p>\n<h3 id=\"\"><strong id=\"\">\u00bfPara qu\u00e9 son los p\u00e9ptidos de soja de bajo peso molecular?<\/strong><\/h3>\n<p id=\"\">Durante el proceso de digesti\u00f3n, ocurre la descomposici\u00f3n de prote\u00ednas de mol\u00e9cula grande. Una parte se descompone en amino\u00e1cidos, y estos en el h\u00edgado sintetizan p\u00e9ptidos, que son absorbidos por el cuerpo humano. Los p\u00e9ptidos bioactivos de bajo peso molecular no requieren digesti\u00f3n adicional y son directamente absorbidos por las c\u00e9lulas.<\/p>\n<p id=\"\">\u200d<\/p>\n<p id=\"\">\u200d<\/p>\n<p id=\"\">\u200d<\/p>\n","protected":false},"featured_media":306,"template":"","categories":[6,32],"class_list":["post-185","product","type-product","status-publish","has-post-thumbnail","hentry","categories-vse-tovary","categories-dieticheskie-dobavki"],"acf":[],"_links":{"self":[{"href":"https:\/\/mywhieda.com\/es\/wp-json\/wp\/v2\/product\/185","targetHints":{"allow":["GET"]}}],"collection":[{"href":"https:\/\/mywhieda.com\/es\/wp-json\/wp\/v2\/product"}],"about":[{"href":"https:\/\/mywhieda.com\/es\/wp-json\/wp\/v2\/types\/product"}],"wp:featuredmedia":[{"embeddable":true,"href":"https:\/\/mywhieda.com\/es\/wp-json\/wp\/v2\/media\/306"}],"wp:attachment":[{"href":"https:\/\/mywhieda.com\/es\/wp-json\/wp\/v2\/media?parent=185"}],"wp:term":[{"taxonomy":"categories","embeddable":true,"href":"https:\/\/mywhieda.com\/es\/wp-json\/wp\/v2\/categories?post=185"}],"curies":[{"name":"wp","href":"https:\/\/api.w.org\/{rel}","templated":true}]}}