{"id":188,"date":"2025-02-04T17:24:38","date_gmt":"2025-02-04T14:24:38","guid":{"rendered":"https:\/\/whieda.wtwd.ru\/product\/para-los-hombres-que-trabajan-duro-fisicamente\/"},"modified":"2025-03-02T16:59:38","modified_gmt":"2025-03-02T13:59:38","slug":"para-los-hombres-que-trabajan-duro-fisicamente","status":"publish","type":"product","link":"https:\/\/mywhieda.com\/es\/product\/para-los-hombres-que-trabajan-duro-fisicamente\/","title":{"rendered":"Para los hombres que trabajan duro f\u00edsicamente"},"content":{"rendered":"<p id=\"\">Fuerza y salud: c\u00f3mo conservar el vigor durante muchos a\u00f1os<\/p>\n<p id=\"\">El trabajo masculino no es solo esfuerzo, es una prueba de fuerza, resistencia y voluntad. Ustedes, cargadores, conductores, constructores, dedicados al trabajo f\u00edsico: \u00a1ustedes son los pilares sobre los que se sostiene el mundo! Pero es importante recordar cuidar de su propia salud para mantener el vigor y la energ\u00eda durante muchos a\u00f1os.<\/p>\n<h3 id=\"\"><strong id=\"\">\u00bfQu\u00e9 problemas pueden surgir debido al trabajo f\u00edsico intenso?<\/strong><\/h3>\n<ul id=\"\">\n<li id=\"\"><strong id=\"\">Problemas de la columna vertebral:<\/strong> dolor de espalda, hernias, osteocondrosis; todas estas son consecuencias del trabajo pesado y de una postura incorrecta.<\/li>\n<li id=\"\"><strong id=\"\">Problemas articulares:<\/strong> artrosis, artritis, dolores en las rodillas y hombros, factores inevitables asociados con las cargas f\u00edsicas.<\/li>\n<li id=\"\"><strong id=\"\">Enfermedades cardiovasculares:<\/strong> hipertensi\u00f3n, cardiopat\u00eda isqu\u00e9mica, provocadas por una dieta irregular, estr\u00e9s y falta de descanso.<\/li>\n<li id=\"\"><strong id=\"\">Problemas digestivos:<\/strong> gastritis, \u00falceras, estre\u00f1imiento, como resultado de una alimentaci\u00f3n inadecuada y horarios desordenados.<\/li>\n<li id=\"\"><strong id=\"\">Fatiga y disminuci\u00f3n de la energ\u00eda:<\/strong> la falta de descanso, una dieta incorrecta y cargas f\u00edsicas constantes pueden llevar al agotamiento y a la disminuci\u00f3n del rendimiento.<\/li>\n<li id=\"\"><strong id=\"\">Problemas de la piel:<\/strong> sudoraci\u00f3n, dermatitis, quemaduras, consecuencias del trabajo al aire libre o en condiciones adversas.<\/li>\n<\/ul>\n<p id=\"\">\u200d<\/p>\n<p id=\"\">La medicina occidental a menudo ofrece solo tratamientos sintom\u00e1ticos sin abordar las causas de las enfermedades. Sin embargo, la medicina china se basa en otro principio: la enfermedad no es un enemigo contra el que luchar, sino una se\u00f1al de desequilibrio en el organismo.<\/p>\n<p id=\"\">Hemos preparado para ustedes, estimados trabajadores, una selecci\u00f3n de productos WHIEDA que ayudar\u00e1n a fortalecer la salud y restaurar la armon\u00eda en el cuerpo.<\/p>\n<p id=\"\">\u00a1Cu\u00eddense hoy para mantener el vigor y la energ\u00eda durante muchos a\u00f1os!<\/p>\n<p id=\"\">\u200d<\/p>\n<h3 id=\"\"><strong id=\"\">Activador de c\u00e9lulas<\/strong><\/h3>\n<p id=\"\">\u200dActiva las c\u00e9lulas inactivas, restaura las c\u00e9lulas da\u00f1adas, elimina los radicales libres, estimula la auto-regeneraci\u00f3n del cuerpo, aumenta el tono general, previene enfermedades, limpia r\u00e1pidamente los meridianos y el sistema linf\u00e1tico. Combate eficazmente las erupciones cut\u00e1neas, papilomas, psoriasis, quemaduras, prolonga la juventud, ayuda a reducir edemas, alivia el dolor, mejora el funcionamiento de los \u00f3rganos internos. Una sesi\u00f3n de media hora con el Activador tiene el mismo efecto que 10 sesiones de acupuntura, 20 sesiones con ventosas o 30 sesiones de masaje manual.<\/p>\n<p id=\"\">\u200d<\/p>\n<h3 id=\"\"><strong id=\"\">Bioenergomasajeador MAGIC FOHERB<\/strong><\/h3>\n<p id=\"\">Con \u00e9l, es posible realizar procedimientos preventivos y terap\u00e9uticos en casa sin necesidad de acudir a una cl\u00ednica: acupuntura, masaje terap\u00e9utico, masaje con ventosas, masaje gua sha (masaje con raspador de hueso, m\u00e9todo de impacto en puntos biol\u00f3gicamente activos seg\u00fan la medicina tradicional china), entre otros procedimientos.<\/p>\n<p id=\"\">\u200d<\/p>\n<p id=\"\">Recomendado especialmente para:<\/p>\n<ul id=\"\">\n<li id=\"\">Personas con enfermedades del aparato locomotor (zona cervical, articulaciones de los hombros, etc.);<\/li>\n<li id=\"\">En caso de desplazamiento de discos;<\/li>\n<li id=\"\">Para artritis reumatoide;<\/li>\n<li id=\"\">En necrosis;<\/li>\n<li id=\"\">En la lucha contra el sobrepeso y la celulitis;<\/li>\n<li id=\"\">Para procedimientos de drenaje linf\u00e1tico y reafirmantes;<\/li>\n<li id=\"\">Para la recuperaci\u00f3n tras lesiones y esfuerzo f\u00edsico.<\/li>\n<\/ul>\n<p id=\"\">\u200d<\/p>\n<h3 id=\"\"><strong id=\"\">Sauna &#171;Ba-Gua&#187;<\/strong><\/h3>\n<p id=\"\">\u200dLa sauna no solo ayuda a relajarse, sino tambi\u00e9n a fortalecer la salud, mejorar el metabolismo, adelgazar y aliviar el dolor. Sin embargo, no todos tienen la posibilidad de visitar una sauna regularmente. Por ello, ofrecemos la exclusiva sauna &#171;Ba-Gua&#187; que se puede usar incluso en casa.<\/p>\n<p id=\"\">Es una mini sauna que utiliza tecnolog\u00edas especiales y las propiedades f\u00edsicas de piedras como el turmalina y el jade negro. Nuestra sauna, gracias a estas piedras terap\u00e9uticas y su estructura textil \u00fanica, crea un microclima terap\u00e9utico que tiene efectos beneficiosos en todo el cuerpo: mejora la microcirculaci\u00f3n sangu\u00ednea, los procesos metab\u00f3licos, elimina toxinas y residuos, mejora el estado de la piel, combate procesos inflamatorios y dolor, alivia la fatiga y ayuda a relajarse.<\/p>\n<p id=\"\">\u200d<\/p>\n<h3 id=\"\"><strong id=\"\">Plantillas correctoras<\/strong><\/h3>\n<p id=\"\">Los pies son el segundo coraz\u00f3n. El proceso de circulaci\u00f3n sangu\u00ednea en todo el cuerpo est\u00e1 estrechamente relacionado con los pies; desde estar de pie hasta caminar, influye en la fuerza y velocidad de la circulaci\u00f3n. Si los pies no est\u00e1n saludables, los vasos sangu\u00edneos en ellos no podr\u00e1n cumplir su funci\u00f3n, lo que puede provocar estancamiento de la sangre en las extremidades inferiores y, con ello, problemas de salud.<\/p>\n<p id=\"\">Las plantillas correctoras promueven:<\/p>\n<ul id=\"\">\n<li id=\"\">Una mejor postura corporal;<\/li>\n<li id=\"\">Distribuci\u00f3n uniforme de la presi\u00f3n en el pie;<\/li>\n<li id=\"\">Masaje en zonas reflejas del pie;<\/li>\n<li id=\"\">Correcci\u00f3n del pie plano;<\/li>\n<li id=\"\">Refuerzo de la forma adecuada del pie.<\/li>\n<\/ul>\n<p id=\"\">\u200d<\/p>\n<h3 id=\"\"><strong id=\"\">Gafas de alta tecnolog\u00eda<\/strong><\/h3>\n<p id=\"\">Protegen contra la radiaci\u00f3n emitida por pantallas de ordenador, televisores, entre otros.<\/p>\n<p id=\"\">Recomendadas para personas que pasan mucho tiempo leyendo, frente a un ordenador o que sufren fatiga ocular, personas mayores de 40 a\u00f1os (cuando comienza el proceso de envejecimiento), quienes padecen xerosis ocular, fatiga visual, opacidades en el cuerpo v\u00edtreo, ambliop\u00eda, presbicia, miop\u00eda, destellos en los ojos, cataratas, glaucoma o problemas de microcirculaci\u00f3n sangu\u00ednea.<\/p>\n<h3 id=\"\"><strong id=\"\">Chal energ\u00e9tico<\/strong><\/h3>\n<p id=\"\">El germanio org\u00e1nico en su composici\u00f3n emite radiaci\u00f3n infrarroja y aniones. Ayuda a mejorar la circulaci\u00f3n y la microcirculaci\u00f3n sangu\u00ednea, elimina el malestar y la fatiga en la zona del cuello y los hombros, ralentiza el envejecimiento de la piel y mejora la salud general.<\/p>\n<p id=\"\">\u200d<\/p>\n<p id=\"\"><strong id=\"\">Conjunto de restauraci\u00f3n completa del organismo<\/strong><\/p>\n<p id=\"\">La medicina china ofrece un enfoque integral:<\/p>\n<ol id=\"\">\n<li id=\"\"><strong id=\"\">Regulaci\u00f3n:<\/strong> recuperar la armon\u00eda en el cuerpo.<\/li>\n<li id=\"\"><strong id=\"\">Limpieza:<\/strong> eliminar toxinas y residuos.<\/li>\n<li id=\"\"><strong id=\"\">Restauraci\u00f3n:<\/strong> restaurar la energ\u00eda, nutrir y fortalecer el organismo.<\/li>\n<\/ol>\n<p id=\"\">\u200dNuestros expertos han dise\u00f1ado un kit integral con los productos de WHIEDA para la restauraci\u00f3n completa del organismo.<\/p>\n<p id=\"\">\u200d<\/p>\n<p id=\"\">\u200d<\/p>\n<p id=\"\">\u200d<\/p>\n<p id=\"\">\u200d<\/p>\n","protected":false},"featured_media":293,"template":"","categories":[6,7],"class_list":["post-188","product","type-product","status-publish","has-post-thumbnail","hentry","categories-vse-tovary","categories-nabory"],"acf":[],"_links":{"self":[{"href":"https:\/\/mywhieda.com\/es\/wp-json\/wp\/v2\/product\/188","targetHints":{"allow":["GET"]}}],"collection":[{"href":"https:\/\/mywhieda.com\/es\/wp-json\/wp\/v2\/product"}],"about":[{"href":"https:\/\/mywhieda.com\/es\/wp-json\/wp\/v2\/types\/product"}],"wp:featuredmedia":[{"embeddable":true,"href":"https:\/\/mywhieda.com\/es\/wp-json\/wp\/v2\/media\/293"}],"wp:attachment":[{"href":"https:\/\/mywhieda.com\/es\/wp-json\/wp\/v2\/media?parent=188"}],"wp:term":[{"taxonomy":"categories","embeddable":true,"href":"https:\/\/mywhieda.com\/es\/wp-json\/wp\/v2\/categories?post=188"}],"curies":[{"name":"wp","href":"https:\/\/api.w.org\/{rel}","templated":true}]}}