{"id":189,"date":"2025-02-04T17:24:38","date_gmt":"2025-02-04T14:24:38","guid":{"rendered":"https:\/\/whieda.wtwd.ru\/product\/pasta-de-dientes\/"},"modified":"2026-04-15T15:10:29","modified_gmt":"2026-04-15T12:10:29","slug":"pasta-de-dientes","status":"publish","type":"product","link":"https:\/\/mywhieda.com\/es\/product\/pasta-de-dientes\/","title":{"rendered":"Pasta de dientes"},"content":{"rendered":"<p id=\"\">La pasta de dientes FOHERB ARTEMISIA ANNUA est\u00e1 formulada seg\u00fan una receta cl\u00e1sica de la medicina tradicional china e incluye extractos de plantas como artemisia (ajenjo), zantoxilo, luohan guo y clinopodio chino. Gracias a su f\u00f3rmula especialmente desarrollada y la combinaci\u00f3n de sus componentes, esta pasta ayuda a prevenir el crecimiento de bacterias, equilibra el pH de la cavidad bucal, elimina el mal aliento y fortalece la salud de dientes y enc\u00edas.<\/p>\n<p id=\"\"><strong id=\"\">Componentes activos:<\/strong> extracto de artemisia, extracto de zantoxilo, extracto de luohan guo, extracto de clinopodio chino.<\/p>\n<p id=\"\">La pasta de dientes con extracto de artemisia est\u00e1 hecha de ingredientes de alta calidad y tiene una f\u00f3rmula segura, cuenta con certificaci\u00f3n internacional, no contiene antibi\u00f3ticos, no tiene efectos secundarios y es apta para mujeres embarazadas, ni\u00f1os y personas mayores. Su aroma fresco y floral elimina el mal aliento y mantiene una frescura duradera.<\/p>\n<p id=\"\"><strong id=\"\">Modo de uso:<\/strong> cepillarse los dientes al menos 2 veces al d\u00eda durante un m\u00ednimo de 3 minutos.<\/p>\n<p id=\"\"><strong id=\"\">Condiciones de almacenamiento:<\/strong> conservar en un lugar fresco y seco.<\/p>\n<p id=\"\"><strong id=\"\">Precauciones:<\/strong> no es un sustituto de los medicamentos; en ni\u00f1os menores de 6 a\u00f1os, utilizar bajo la supervisi\u00f3n de un adulto y con una cantidad m\u00ednima de pasta.<\/p>\n<p id=\"\"><strong id=\"\">Presentaci\u00f3n:<\/strong> tubo de 120 g (6 unidades).<\/p>\n<p id=\"\">\u200d<\/p>\n<p id=\"\">\u200d<\/p>\n<p id=\"\">\u200d<\/p>\n","protected":false},"featured_media":308,"template":"","categories":[6,30],"class_list":["post-189","product","type-product","status-publish","has-post-thumbnail","hentry","categories-vse-tovary","categories-gigiena"],"acf":[],"_links":{"self":[{"href":"https:\/\/mywhieda.com\/es\/wp-json\/wp\/v2\/product\/189","targetHints":{"allow":["GET"]}}],"collection":[{"href":"https:\/\/mywhieda.com\/es\/wp-json\/wp\/v2\/product"}],"about":[{"href":"https:\/\/mywhieda.com\/es\/wp-json\/wp\/v2\/types\/product"}],"wp:featuredmedia":[{"embeddable":true,"href":"https:\/\/mywhieda.com\/es\/wp-json\/wp\/v2\/media\/308"}],"wp:attachment":[{"href":"https:\/\/mywhieda.com\/es\/wp-json\/wp\/v2\/media?parent=189"}],"wp:term":[{"taxonomy":"categories","embeddable":true,"href":"https:\/\/mywhieda.com\/es\/wp-json\/wp\/v2\/categories?post=189"}],"curies":[{"name":"wp","href":"https:\/\/api.w.org\/{rel}","templated":true}]}}