{"id":191,"date":"2025-02-04T17:24:38","date_gmt":"2025-02-04T14:24:38","guid":{"rendered":"https:\/\/whieda.wtwd.ru\/product\/plantillas-correctoras\/"},"modified":"2026-04-10T17:07:52","modified_gmt":"2026-04-10T14:07:52","slug":"plantillas-correctoras","status":"publish","type":"product","link":"https:\/\/mywhieda.com\/es\/product\/plantillas-correctoras\/","title":{"rendered":"Plantillas correctoras"},"content":{"rendered":"<p id=\"\">Los pies son el &#171;segundo coraz\u00f3n.&#187; La circulaci\u00f3n sangu\u00ednea en todo el cuerpo est\u00e1 estrechamente relacionada con los pies, desde estar de pie hasta caminar, lo que determina la fuerza y velocidad de la circulaci\u00f3n. Si los pies no est\u00e1n saludables, los vasos sangu\u00edneos en ellos no cumplir\u00e1n con su funci\u00f3n, provocando estasis de sangre en las extremidades inferiores y generando problemas de salud inevitables.<\/p>\n<h3 id=\"\"><strong id=\"\">\u00bfQu\u00e9 son las plantillas correctoras?<\/strong><\/h3>\n<p id=\"\"><strong id=\"\">\u200d<br \/>\n<\/strong>Las plantillas correctoras est\u00e1n dise\u00f1adas para mejorar la salud del esqueleto y de todo el organismo. Debido a la gravedad, los trastornos metab\u00f3licos, el esfuerzo f\u00edsico, la presi\u00f3n y las caracter\u00edsticas profesionales, la columna vertebral puede desalinearse, lo que lleva a un desajuste en el esqueleto en su conjunto. El 80% de los problemas de salud est\u00e1n relacionados de alguna forma con la desalineaci\u00f3n del esqueleto. El esqueleto sostiene todo el cuerpo, y la m\u00e9dula espinal forma la base del sistema nervioso central. Si la desalineaci\u00f3n del esqueleto causa pinzamiento de los nervios, la transmisi\u00f3n de se\u00f1ales del cerebro a los \u00f3rganos se bloquea, lo que interrumpe las funciones corporales y la actividad celular, generando m\u00faltiples dificultades.<\/p>\n<h3 id=\"\"><strong id=\"\">Caracter\u00edsticas del Producto:<\/strong><\/h3>\n<ul id=\"\">\n<li id=\"\">Las plantillas est\u00e1n dise\u00f1adas para adaptarse a los arcos naturales del pie, mejorar la estabilidad de los pasos y alinear las articulaciones, reduciendo la presi\u00f3n en los pies y articulaciones al caminar.<\/li>\n<li id=\"\">Fabricadas en total conformidad con los datos anat\u00f3micos, ayudan a equilibrar el cuerpo y a reducir considerablemente el impacto negativo en el esqueleto, los huesos y las articulaciones, causado por las actividades diarias.<\/li>\n<li id=\"\">Hechas de nanomateriales, con 20,000 puntos de masaje que activan las zonas reflejas en las plantas de los pies.<\/li>\n<li id=\"\">Emplean radiaci\u00f3n infrarroja, un campo magn\u00e9tico y aniones para ofrecer un efecto de bienestar profundo. Los imanes incorporados crean un campo magn\u00e9tico que reduce el dolor articular y la hinchaz\u00f3n, disminuyendo la inflamaci\u00f3n. Los imanes tambi\u00e9n estimulan la circulaci\u00f3n, mejorando el suministro de ox\u00edgeno y nutrientes a las c\u00e9lulas, acelerando su reparaci\u00f3n y sanaci\u00f3n.<\/li>\n<li id=\"\">Las plantillas Whieda incluyen un indicador de color para monitorear la salud del cuerpo: su color cambia para reflejar los cambios en el cuerpo y en el funcionamiento de los \u00f3rganos internos. Con el tiempo, t\u00edpicamente en algunos meses, pueden adquirir varios tonos, indicando posibles problemas de salud, como problemas en los ri\u00f1ones, sistema cardiovascular, pulmones, tracto gastrointestinal, h\u00edgado o bazo. Es importante recordar que el cambio de color no es un diagn\u00f3stico; se recomienda consultar a un m\u00e9dico para obtener un consejo y diagn\u00f3stico profesional.<\/li>\n<\/ul>\n<p id=\"\"><strong id=\"\">Aleaci\u00f3n ultraduradera: \u00a1estas plantillas durar\u00e1n toda la vida! (hasta 50 a\u00f1os)<\/strong><\/p>\n<p id=\"\">\u200d<\/p>\n<p id=\"\">\u200d<\/p>\n<p id=\"\">\u200d<\/p>\n","protected":false},"featured_media":276,"template":"","categories":[6,31],"class_list":["post-191","product","type-product","status-publish","has-post-thumbnail","hentry","categories-vse-tovary","categories-aksessuary"],"acf":[],"_links":{"self":[{"href":"https:\/\/mywhieda.com\/es\/wp-json\/wp\/v2\/product\/191","targetHints":{"allow":["GET"]}}],"collection":[{"href":"https:\/\/mywhieda.com\/es\/wp-json\/wp\/v2\/product"}],"about":[{"href":"https:\/\/mywhieda.com\/es\/wp-json\/wp\/v2\/types\/product"}],"wp:featuredmedia":[{"embeddable":true,"href":"https:\/\/mywhieda.com\/es\/wp-json\/wp\/v2\/media\/276"}],"wp:attachment":[{"href":"https:\/\/mywhieda.com\/es\/wp-json\/wp\/v2\/media?parent=191"}],"wp:term":[{"taxonomy":"categories","embeddable":true,"href":"https:\/\/mywhieda.com\/es\/wp-json\/wp\/v2\/categories?post=191"}],"curies":[{"name":"wp","href":"https:\/\/api.w.org\/{rel}","templated":true}]}}